{"id":2912217,"date":"2026-04-22T16:03:55","date_gmt":"2026-04-22T13:03:55","guid":{"rendered":"https:\/\/tpiexports.com\/formulaire-de-pre-information\/"},"modified":"2026-04-22T16:12:04","modified_gmt":"2026-04-22T13:12:04","slug":"formulaire-de-pre-information","status":"publish","type":"page","link":"https:\/\/tpiexports.com\/fr\/formulaire-de-pre-information\/","title":{"rendered":"Formulaire de pr\u00e9-information"},"content":{"rendered":"\t\t<div data-elementor-type=\"wp-page\" data-elementor-id=\"2912217\" class=\"elementor elementor-2912217 elementor-2912213\" data-elementor-post-type=\"page\">\n\t\t\t\t\t\t<section class=\"elementor-section elementor-top-section elementor-element elementor-element-69dd527d elementor-section-boxed elementor-section-height-default elementor-section-height-default\" data-id=\"69dd527d\" data-element_type=\"section\">\n\t\t\t\t\t\t<div class=\"elementor-container elementor-column-gap-default\">\n\t\t\t\t\t<div class=\"elementor-column elementor-col-100 elementor-top-column elementor-element elementor-element-120aa64f\" data-id=\"120aa64f\" data-element_type=\"column\">\n\t\t\t<div class=\"elementor-widget-wrap elementor-element-populated\">\n\t\t\t\t\t\t<div class=\"elementor-element elementor-element-c912ea3 elementor-widget elementor-widget-text-editor\" data-id=\"c912ea3\" data-element_type=\"widget\" data-widget_type=\"text-editor.default\">\n\t\t\t\t<div class=\"elementor-widget-container\">\n\t\t\t<style>\/*! elementor - v3.21.0 - 26-05-2024 *\/\n.elementor-widget-text-editor.elementor-drop-cap-view-stacked .elementor-drop-cap{background-color:#69727d;color:#fff}.elementor-widget-text-editor.elementor-drop-cap-view-framed .elementor-drop-cap{color:#69727d;border:3px solid;background-color:transparent}.elementor-widget-text-editor:not(.elementor-drop-cap-view-default) .elementor-drop-cap{margin-top:8px}.elementor-widget-text-editor:not(.elementor-drop-cap-view-default) .elementor-drop-cap-letter{width:1em;height:1em}.elementor-widget-text-editor .elementor-drop-cap{float:left;text-align:center;line-height:1;font-size:50px}.elementor-widget-text-editor .elementor-drop-cap-letter{display:inline-block}<\/style>\t\t\t\t<p><strong>Elasan Insaat Ithalat Ve Ihracat Sanayi Ticaret Ltd. \u015eti. <\/strong>  (ci-apr\u00e8s d\u00e9nomm\u00e9e \u00ab\u00a0Power International Export\u00a0\u00bb), situ\u00e9e \u00e0 H\u00fcrriyet Mahallesi, Cemil Beng\u00fc Street No:8\/1 Ka\u011f\u0131thane\/\u0130stanbul, n&rsquo;utilisera pas les informations, les pr\u00e9f\u00e9rences d&rsquo;achat et les informations personnelles partag\u00e9es par les utilisateurs sur ce site Web au-del\u00e0 des objectifs et de la port\u00e9e d\u00e9termin\u00e9s par la politique de traitement des donn\u00e9es et l&rsquo;avis d&rsquo;information, et ne les partagera pas non plus avec des tiers, sauf pour les exceptions sp\u00e9cifi\u00e9es dans la pr\u00e9sente politique de confidentialit\u00e9, sans autorisation. Toutefois, les utilisateurs autorisent le partage de leurs informations partag\u00e9es\/de leurs informations personnelles avec tous les affili\u00e9s   <strong>Elasan Insaat Ithalat Ve Ihracat Sanayi Ticaret Ltd. \u015eti.   <\/strong>et les propri\u00e9taires des entreprises, les entreprises commerciales existantes et futures, les soci\u00e9t\u00e9s, les partenariats et les personnes \u00e0 cr\u00e9er pour offrir des avantages exclusifs, des ventes, du marketing, des livraisons de produits et de services, des retours de produits et d&rsquo;autres communications similaires, ainsi que pour l&rsquo;accomplissement de leurs activit\u00e9s commerciales.<\/p><p>Les informations personnelles comprennent toutes les informations permettant d&rsquo;identifier directement ou indirectement l&rsquo;utilisateur, telles que le nom, le pr\u00e9nom, la date de naissance, l&rsquo;adresse du domicile, le num\u00e9ro de t\u00e9l\u00e9phone mobile et fixe, et l&rsquo;adresse \u00e9lectronique, et seront d\u00e9sign\u00e9es sous le nom d'\u00a0\u00bbinformations confidentielles\u00a0\u00bb. Jusqu&rsquo;\u00e0 pr\u00e9sent, Power International Export n&rsquo;obtient ni ne traite aucune information relative aux cartes de cr\u00e9dit des utilisateurs. Power International Export peut utiliser les informations personnelles \u00e0 des fins de profilage, d&rsquo;\u00e9tudes statistiques, de publicit\u00e9, de promotion, de marketing et d&rsquo;autres activit\u00e9s de communication au sein de sa propre structure, et peut les partager avec des tiers avec votre consentement pour la poursuite de ces activit\u00e9s et le fonctionnement continu du site Web.<\/p><p>Power International Export s&rsquo;engage \u00e0 garder les informations personnelles strictement confidentielles, \u00e0 les consid\u00e9rer comme une obligation de confidentialit\u00e9, \u00e0 prendre les pr\u00e9cautions n\u00e9cessaires et \u00e0 faire preuve de diligence raisonnable pour assurer et maintenir la confidentialit\u00e9, \u00e0 emp\u00eacher que tout ou partie des informations confidentielles n&rsquo;entrent dans le domaine public, ne soient utilis\u00e9es sans autorisation ou ne soient divulgu\u00e9es \u00e0 un tiers. Bien que Power International Export prenne les mesures n\u00e9cessaires en mati\u00e8re de s\u00e9curit\u00e9 de l&rsquo;information, dans le cas o\u00f9 des informations confidentielles seraient endommag\u00e9es ou tomberaient entre les mains de tiers \u00e0 la suite d&rsquo;attaques sur le site web et le syst\u00e8me, et sauf en cas de n\u00e9gligence grave, Power International Export n&rsquo;aura aucune responsabilit\u00e9 en cas de n\u00e9gligence.<\/p><p>Power International Export peut obtenir des informations sur les utilisateurs et leur utilisation du site web par le biais d&rsquo;un fichier de communication technique (Cookie). Toutefois, les utilisateurs peuvent modifier les param\u00e8tres de leur navigateur afin d&#8217;emp\u00eacher la r\u00e9ception du fichier de communication technique ou de recevoir un avertissement lorsqu&rsquo;un fichier de communication technique est envoy\u00e9. Les utilisateurs peuvent toujours mettre \u00e0 jour leurs informations d&rsquo;adh\u00e9sion\/personnelles et leurs pr\u00e9f\u00e9rences de communication en se connectant au syst\u00e8me. Vous pouvez \u00e9galement nous contacter par l&rsquo;interm\u00e9diaire des coordonn\u00e9es figurant sur notre site web pour toute demande \u00e0 cet \u00e9gard. Votre demande sera \u00e9valu\u00e9e et mise en \u0153uvre dans les meilleurs d\u00e9lais.<\/p><p>\u00ab\u00a0Si vous ne souhaitez pas recevoir de messages promotionnels et d&rsquo;annonces de ce site web par courrier \u00e9lectronique, vous pouvez ajuster vos param\u00e8tres de notification \u00e0 partir de votre compte ou cliquer sur l&rsquo;option de d\u00e9sabonnement dans les courriers \u00e9lectroniques. Chaque utilisateur visitant ce site web est r\u00e9put\u00e9 avoir accept\u00e9 les dispositions de la pr\u00e9sente politique de confidentialit\u00e9.\u00a0\u00bb<\/p><p>Power International Export peut mettre \u00e0 jour cette politique de confidentialit\u00e9 de temps \u00e0 autre et fournir des informations suppl\u00e9mentaires en fonction des changements de la loi. \u00c0 cet \u00e9gard, nous vous recommandons de visiter notre site web de temps \u00e0 autre et de lire attentivement les informations que nous avons fournies concernant notre politique en mati\u00e8re de protection de la vie priv\u00e9e.<\/p><p>En visitant ce site web, chaque utilisateur sera r\u00e9put\u00e9 avoir accept\u00e9 les dispositions de la pr\u00e9sente politique de protection de la vie priv\u00e9e.<\/p>\t\t\t\t\t\t<\/div>\n\t\t\t\t<\/div>\n\t\t\t\t\t<\/div>\n\t\t<\/div>\n\t\t\t\t\t<\/div>\n\t\t<\/section>\n\t\t\t\t<\/div>\n\t\t","protected":false},"excerpt":{"rendered":"<p>Elasan Insaat Ithalat Ve Ihracat Sanayi Ticaret Ltd. \u015eti. (ci-apr\u00e8s d\u00e9nomm\u00e9e \u00ab\u00a0Power International Export\u00a0\u00bb), situ\u00e9e \u00e0 H\u00fcrriyet Mahallesi, Cemil Beng\u00fc Street No:8\/1 Ka\u011f\u0131thane\/\u0130stanbul, n&rsquo;utilisera pas les informations, les pr\u00e9f\u00e9rences d&rsquo;achat et les informations personnelles partag\u00e9es par les utilisateurs sur ce site Web au-del\u00e0 des objectifs et de la port\u00e9e d\u00e9termin\u00e9s par la politique de traitement [&hellip;]<\/p>\n","protected":false},"author":1,"featured_media":0,"parent":0,"menu_order":0,"comment_status":"closed","ping_status":"closed","template":"","meta":{"footnotes":""},"class_list":["post-2912217","page","type-page","status-publish","hentry"],"_links":{"self":[{"href":"https:\/\/tpiexports.com\/fr\/wp-json\/wp\/v2\/pages\/2912217","targetHints":{"allow":["GET"]}}],"collection":[{"href":"https:\/\/tpiexports.com\/fr\/wp-json\/wp\/v2\/pages"}],"about":[{"href":"https:\/\/tpiexports.com\/fr\/wp-json\/wp\/v2\/types\/page"}],"author":[{"embeddable":true,"href":"https:\/\/tpiexports.com\/fr\/wp-json\/wp\/v2\/users\/1"}],"replies":[{"embeddable":true,"href":"https:\/\/tpiexports.com\/fr\/wp-json\/wp\/v2\/comments?post=2912217"}],"version-history":[{"count":1,"href":"https:\/\/tpiexports.com\/fr\/wp-json\/wp\/v2\/pages\/2912217\/revisions"}],"predecessor-version":[{"id":2912218,"href":"https:\/\/tpiexports.com\/fr\/wp-json\/wp\/v2\/pages\/2912217\/revisions\/2912218"}],"wp:attachment":[{"href":"https:\/\/tpiexports.com\/fr\/wp-json\/wp\/v2\/media?parent=2912217"}],"curies":[{"name":"wp","href":"https:\/\/api.w.org\/{rel}","templated":true}]}}