{"id":2913137,"date":"2026-05-07T18:16:57","date_gmt":"2026-05-07T15:16:57","guid":{"rendered":"https:\/\/tpiexports.com\/contrat-de-vente-a-distance-transactions-commerciales-b2b\/"},"modified":"2026-05-07T18:23:32","modified_gmt":"2026-05-07T15:23:32","slug":"contrat-de-vente-a-distance-transactions-commerciales-b2b","status":"publish","type":"page","link":"https:\/\/tpiexports.com\/fr\/contrat-de-vente-a-distance-transactions-commerciales-b2b\/","title":{"rendered":"CONTRAT DE VENTE \u00c0 DISTANCE (TRANSACTIONS COMMERCIALES B2B)"},"content":{"rendered":"\t\t<div data-elementor-type=\"wp-page\" data-elementor-id=\"2913137\" class=\"elementor elementor-2913137 elementor-2913127\" data-elementor-post-type=\"page\">\n\t\t\t\t<div class=\"elementor-element elementor-element-317ce48 e-flex e-con-boxed e-con e-parent\" data-id=\"317ce48\" data-element_type=\"container\">\n\t\t\t\t\t<div class=\"e-con-inner\">\n\t\t\t\t<div class=\"elementor-element elementor-element-da2cf04 elementor-widget elementor-widget-text-editor\" data-id=\"da2cf04\" data-element_type=\"widget\" data-widget_type=\"text-editor.default\">\n\t\t\t\t<div class=\"elementor-widget-container\">\n\t\t\t<style>\/*! elementor - v3.21.0 - 26-05-2024 *\/\n.elementor-widget-text-editor.elementor-drop-cap-view-stacked .elementor-drop-cap{background-color:#69727d;color:#fff}.elementor-widget-text-editor.elementor-drop-cap-view-framed .elementor-drop-cap{color:#69727d;border:3px solid;background-color:transparent}.elementor-widget-text-editor:not(.elementor-drop-cap-view-default) .elementor-drop-cap{margin-top:8px}.elementor-widget-text-editor:not(.elementor-drop-cap-view-default) .elementor-drop-cap-letter{width:1em;height:1em}.elementor-widget-text-editor .elementor-drop-cap{float:left;text-align:center;line-height:1;font-size:50px}.elementor-widget-text-editor .elementor-drop-cap-letter{display:inline-block}<\/style>\t\t\t\t<p data-path-to-node=\"1\">Cet accord est \u00e9tabli pour r\u00e9glementer les termes et conditions de la transaction commerciale (B2B) de vente \u00e0 distance et d&rsquo;exportation \u00e9tablie par voie \u00e9lectronique entre le VENDEUR et l&rsquo;ACHETEUR, dont les titres et les coordonn\u00e9es sont indiqu\u00e9s ci-dessous. Cet accord est strictement un contrat de vente commerciale et n&rsquo;est PAS soumis aux dispositions de la loi sur la protection du consommateur. Les parties acceptent et d\u00e9clarent agir en commer\u00e7ants avis\u00e9s.  <\/p><h3 data-path-to-node=\"2\">ARTICLE 1 &#8211; PARTIES<\/h3><p data-path-to-node=\"3\"><b data-path-to-node=\"3\" data-index-in-node=\"0\">1.1. INFORMATIONS SUR LE VENDEUR<\/b><\/p><div class=\"horizontal-scroll-wrapper\"><table data-path-to-node=\"4\"><thead><tr><td> <\/td><td> <\/td><\/tr><\/thead><tbody><tr><td><span data-path-to-node=\"4,1,0,0\"><b data-path-to-node=\"4,1,0,0\" data-index-in-node=\"0\">Titre commercial :<\/b><\/span><\/td><td><span data-path-to-node=\"4,1,1,0\">ELASAN I\u0307N\u015eAAT I\u0307THALAT VE I\u0307HRACAT SANAYI\u0307 TI\u0307CARET LI\u0307MI\u0307TED \u015e\u0130RKET\u0130<\/span><\/td><\/tr><tr><td><span data-path-to-node=\"4,2,0,0\"><b data-path-to-node=\"4,2,0,0\" data-index-in-node=\"0\">Adresse :<\/b><\/span><\/td><td><span data-path-to-node=\"4,2,1,0\">H\u00fcrriyet Mah. Dr. Cemil Beng\u00fc Cad. No : 8 \u0130\u00e7 Kap\u0131 No : 1 Ka\u011f\u0131thane\/\u0130stanbul, T\u00dcRK\u0130YE  <\/span><\/td><\/tr><tr><td><span data-path-to-node=\"4,3,0,0\"><b data-path-to-node=\"4,3,0,0\" data-index-in-node=\"0\">Bureau des imp\u00f4ts et No :<\/b><\/span><\/td><td><span data-path-to-node=\"4,3,1,0\">Ka\u011f\u0131thane VD. &#8211; 3302818140<\/span><\/td><\/tr><tr><td><span data-path-to-node=\"4,4,0,0\"><b data-path-to-node=\"4,4,0,0\" data-index-in-node=\"0\">Site web :<\/b><\/span><\/td><td><span data-path-to-node=\"4,4,1,0\"><a class=\"ng-star-inserted\" href=\"https:\/\/www.tpiexports.com\/\" target=\"_blank\" rel=\"noopener\">www.tpiexports.com<\/a><\/span><\/td><\/tr><\/tbody><\/table><\/div><p data-path-to-node=\"5\"><b data-path-to-node=\"5\" data-index-in-node=\"0\">1.2. INFORMATIONS SUR L&rsquo;ACHETEUR<\/b><\/p><table data-path-to-node=\"6\"><thead><tr><td> <\/td><td> <\/td><\/tr><\/thead><tbody><tr><td><span data-path-to-node=\"6,1,0,0\"><b data-path-to-node=\"6,1,0,0\" data-index-in-node=\"0\">Titre commercial :<\/b><\/span><\/td><td><span data-path-to-node=\"6,1,1,0\">[\u00e0 remplir par le syst\u00e8me]<\/span><\/td><\/tr><tr><td><span data-path-to-node=\"6,2,0,0\"><b data-path-to-node=\"6,2,0,0\" data-index-in-node=\"0\">Adresse \/ Pays :<\/b><\/span><\/td><td><span data-path-to-node=\"6,2,1,0\">[\u00e0 remplir par le syst\u00e8me]<\/span><\/td><\/tr><tr><td><span data-path-to-node=\"6,3,0,0\"><b data-path-to-node=\"6,3,0,0\" data-index-in-node=\"0\">N\u00b0 de taxe \/ d&rsquo;enregistrement<\/b><\/span><\/td><td><span data-path-to-node=\"6,3,1,0\">[\u00e0 remplir par le syst\u00e8me]<\/span><\/td><\/tr><\/tbody><\/table><hr data-path-to-node=\"7\"><h3 data-path-to-node=\"8\">ARTICLE 2 &#8211; OBJET DU CONTRAT<\/h3><p data-path-to-node=\"9\">L&rsquo;objet du pr\u00e9sent contrat est la d\u00e9termination des droits et obligations des parties concernant la vente et la livraison de mat\u00e9riaux de construction, dont la commande est pass\u00e9e \u00e9lectroniquement par l&rsquo;ACHETEUR sur le site web du VENDEUR nomm\u00e9 <a class=\"ng-star-inserted\" href=\"https:\/\/www.tpiexports.com\/\" target=\"_blank\" rel=\"noopener\">www.tpiexports.com,<\/a> et dont les qualit\u00e9s, le prix de vente et les conditions de livraison sont sp\u00e9cifi\u00e9s sur la facture proforma.<\/p><hr data-path-to-node=\"10\"><h3 data-path-to-node=\"11\">ARTICLE 3 &#8211; CONDITIONS DE COMMANDE ET DE PAIEMENT<\/h3><ol start=\"1\" data-path-to-node=\"12\"><li><p data-path-to-node=\"12,0,0\">Les prix annonc\u00e9s sur le site le sont \u00e0 titre d&rsquo;information pr\u00e9liminaire. La commande et le prix d\u00e9finitifs deviennent d\u00e9finitifs avec la facture pro forma tamponn\u00e9e et sign\u00e9e, approuv\u00e9e par les parties. L&rsquo;ACHETEUR accepte et s&rsquo;engage par avance \u00e0 respecter strictement le mode de paiement, l&rsquo;\u00e9ch\u00e9ancier et la date d&rsquo;\u00e9ch\u00e9ance sp\u00e9cifi\u00e9s dans la facture pro forma par le VENDEUR. Si l&rsquo;ACHETEUR ne respecte pas les conditions de paiement convenues ou retarde le paiement, le VENDEUR se r\u00e9serve le droit d&rsquo;annuler unilat\u00e9ralement la commande, d&rsquo;arr\u00eater l&rsquo;exp\u00e9dition, de suspendre la production si elle a commenc\u00e9, et de r\u00e9clamer \u00e0 l&rsquo;ACHETEUR une compensation pour les diff\u00e9rences de taux de change, les frais de stockage\/d&rsquo;entrep\u00f4t, les co\u00fbts d&rsquo;arr\u00eat de production et tous les autres dommages positifs\/n\u00e9gatifs d\u00e9coulant de ce manquement, sans qu&rsquo;il soit n\u00e9cessaire de donner un pr\u00e9avis.   <\/p><\/li><li><p data-path-to-node=\"12,1,0\">L&rsquo;ACHETEUR est tenu de transf\u00e9rer int\u00e9gralement le montant de la commande sur le compte du VENDEUR par le biais du mode de paiement convenu (SWIFT, lettre de cr\u00e9dit, etc.). Les d\u00e9ductions bancaires (y compris les frais de la banque correspondante) r\u00e9sultant des transferts de fonds internationaux sont \u00e0 la charge de l&rsquo;ACHETEUR. <\/p><\/li><\/ol><hr data-path-to-node=\"13\"><h3 data-path-to-node=\"14\">ARTICLE 4 &#8211; LIVRAISON, IMPORTATION ET RESPONSABILIT\u00c9 DOUANI\u00c8RE<\/h3><ul data-path-to-node=\"15\"><li><p data-path-to-node=\"15,0,0\"><b data-path-to-node=\"15,0,0\" data-index-in-node=\"0\">D\u00e9lai de livraison :<\/b> La livraison est effectu\u00e9e conform\u00e9ment aux r\u00e8gles Incoterms 2020 de la Chambre de commerce internationale (CCI) dans le cadre du consensus atteint entre les parties.<\/p><\/li><li><p data-path-to-node=\"15,1,0\"><b data-path-to-node=\"15,1,0\" data-index-in-node=\"0\">Transfert des risques douaniers et d&rsquo;importation :<\/b> Tous les types de permis, licences, certificats de conformit\u00e9 \u00e9quivalents TSE\/CE\/ASTM requis pour l&rsquo;importation des produits dans le pays de destination, et toutes les d\u00e9penses telles que la TVA, les droits de douane, le stockage, les surestaries et autres co\u00fbts similaires survenant \u00e0 la douane de destination sont exclusivement \u00e0 la charge de l&rsquo;ACHETEUR.<\/p><\/li><li><p data-path-to-node=\"15,2,0\"><b data-path-to-node=\"15,2,0\" data-index-in-node=\"0\">D\u00e9faut d&rsquo;importation :<\/b> Si les marchandises ne peuvent \u00eatre d\u00e9douan\u00e9es, sont confisqu\u00e9es ou d\u00e9truites parce que l&rsquo;ACHETEUR n&rsquo;a pas fourni les documents n\u00e9cessaires, n&rsquo;a pas pay\u00e9 les taxes ou n&rsquo;a pas respect\u00e9 la l\u00e9gislation douani\u00e8re, le VENDEUR ne peut en aucun cas \u00eatre tenu pour responsable. Dans ces cas, l&rsquo;ACHETEUR ne peut exiger le remboursement du prix du produit et est tenu de compenser les \u00e9ventuels dommages (transport de retour, etc.) que le VENDEUR pourrait subir. <\/p><\/li><\/ul><hr data-path-to-node=\"16\"><h3 data-path-to-node=\"17\">ARTICLE 5 &#8211; INSPECTION DES DOMMAGES ET AVIS DE D\u00c9FAUT<\/h3><ol start=\"1\" data-path-to-node=\"18\"><li><p data-path-to-node=\"18,0,0\">L&rsquo;ACHETEUR ou son agence de douane\/transport autoris\u00e9e est tenu d&rsquo;effectuer une inspection physique lors de la r\u00e9ception des produits.<\/p><\/li><li><p data-path-to-node=\"18,1,0\">En cas de dommages \u00e9vidents li\u00e9s au transport (cassure, bosse, mouillage, etc.) sur l&#8217;emballage ou le produit, il est obligatoire de demander imm\u00e9diatement \u00e0 l&rsquo;agent de transport d&rsquo;\u00e9tablir un \u00ab\u00a0rapport d&rsquo;\u00e9valuation des dommages\u00a0\u00bb. Les d\u00e9clarations de dommages faites sans rapport et sans photos\/vid\u00e9os claires montrant les dommages ne seront strictement pas accept\u00e9es. <\/p><\/li><li><p data-path-to-node=\"18,2,0\">Conform\u00e9ment \u00e0 l&rsquo;article 23 du Code de commerce turc (CCT), les d\u00e9fauts de fabrication (cach\u00e9s) qui ne peuvent \u00eatre d\u00e9cel\u00e9s par une inspection ordinaire doivent \u00eatre notifi\u00e9s au VENDEUR par \u00e9crit et avec preuve (avec un rapport d&rsquo;expert ind\u00e9pendant ou des r\u00e9sultats de tests) dans un d\u00e9lai maximum de 8 (huit) jours \u00e0 compter de la date \u00e0 laquelle ils sont apparus.<\/p><\/li><\/ol><hr data-path-to-node=\"19\"><h3 data-path-to-node=\"20\">ARTICLE 6 &#8211; CONDITIONS DE RETOUR (ABSENCE DE DROIT DE R\u00c9TRACTATION)<\/h3><ul data-path-to-node=\"21\"><li><p data-path-to-node=\"21,0,0\">Ce contrat est de nature commerciale (B2B), et l&rsquo;ACHETEUR n&rsquo;a pas le droit de revenir (droit de r\u00e9tractation) sans donner de raison.<\/p><\/li><li><p data-path-to-node=\"21,1,0\">L&rsquo;\u00e9change de produits ne peut se faire que pour des erreurs de production finalis\u00e9es et accept\u00e9es par le VENDEUR. Dans ce cas, l&rsquo;ACHETEUR est tenu d&rsquo;\u00e9mettre une facture de retour (note de cr\u00e9dit) et de fournir les documents de sortie douani\u00e8re conform\u00e9ment \u00e0 la l\u00e9gislation en vigueur. Les transactions sans facture de retour ne sont pas valables.  <\/p><\/li><\/ul><hr data-path-to-node=\"22\"><h3 data-path-to-node=\"23\">ARTICLE 7 &#8211; LIMITATION DE LA RESPONSABILIT\u00c9<\/h3><ol start=\"1\" data-path-to-node=\"24\"><li><p data-path-to-node=\"24,0,0\">Dans le cadre du pr\u00e9sent contrat, on entend par \u00ab\u00a0produit d\u00e9fectueux\u00a0\u00bb les produits qui violent manifestement les sp\u00e9cifications techniques indiqu\u00e9es dans la facture pro forma et dont la non-conformit\u00e9\/le d\u00e9faut est approuv\u00e9 par \u00e9crit par le VENDEUR lui-m\u00eame \u00e0 la suite de l&rsquo;examen technique effectu\u00e9 ou command\u00e9 par le VENDEUR. Aucun produit qui n&rsquo;est pas explicitement et par \u00e9crit approuv\u00e9 comme d\u00e9fectueux par le VENDEUR ne peut faire l&rsquo;objet d&rsquo;un retour, d&rsquo;un \u00e9change ou d&rsquo;une quelconque demande d&rsquo;indemnisation. <\/p><\/li><li><p data-path-to-node=\"24,1,0\">La responsabilit\u00e9 l\u00e9gale du VENDEUR au titre du pr\u00e9sent contrat est strictement limit\u00e9e \u00e0 la \u00ab\u00a0valeur factur\u00e9e des produits d\u00e9fectueux\u00a0\u00bb faisant l&rsquo;objet du litige. En aucun cas, le VENDEUR ne peut \u00eatre tenu pour responsable de : <\/p><ul data-path-to-node=\"24,1,1\"><li><p data-path-to-node=\"24,1,1,0,0\">Le manque \u00e0 gagner pouvant r\u00e9sulter de retards de livraison ou de la livraison de marchandises d\u00e9fectueuses,<\/p><\/li><li><p data-path-to-node=\"24,1,1,1,0\">Dommages dus \u00e0 un arr\u00eat de travail ou \u00e0 un ralentissement sur le chantier ou les projets de l&rsquo;ACHETEUR,<\/p><\/li><li><p data-path-to-node=\"24,1,1,2,0\">Clauses p\u00e9nales ou dommages indirects\/cons\u00e9cutifs que l&rsquo;ACHETEUR peut \u00eatre amen\u00e9 \u00e0 payer \u00e0 ses propres clients ou \u00e0 des tiers.<\/p><\/li><\/ul><\/li><\/ol><hr data-path-to-node=\"25\"><h3 data-path-to-node=\"26\">ARTICLE 8 &#8211; D\u00c9FAILLANCE DE L&rsquo;ACHETEUR<\/h3><p data-path-to-node=\"27\">En cas de d\u00e9faut de paiement de la part de l&rsquo;ACHETEUR, le VENDEUR a le droit d&rsquo;interrompre imm\u00e9diatement l&rsquo;exp\u00e9dition des produits. L&rsquo;ACHETEUR est exclusivement responsable des frais de port, d&rsquo;entreposage et de location de conteneurs (surestaries) qui pourraient r\u00e9sulter de l&rsquo;attente des marchandises au port de destination. <\/p><hr data-path-to-node=\"28\"><h3 data-path-to-node=\"29\">ARTICLE 9 &#8211; FORCE MAJEURE<\/h3><p data-path-to-node=\"30\">Les catastrophes naturelles, la guerre, le terrorisme, les embargos internationaux, les changements de l\u00e9gislation douani\u00e8re, les crises de la cha\u00eene d&rsquo;approvisionnement mondiale, les gr\u00e8ves portuaires ou les blocages de routes maritimes sont consid\u00e9r\u00e9s comme des cas de force majeure. Le VENDEUR n&rsquo;est pas responsable des retards de livraison ou des impossibilit\u00e9s d&rsquo;ex\u00e9cution r\u00e9sultant d&rsquo;un cas de force majeure. <\/p><hr data-path-to-node=\"31\"><h3 data-path-to-node=\"32\">ARTICLE 10 &#8211; JURIDICTION COMP\u00c9TENTE ET DROIT APPLICABLE<\/h3><p data-path-to-node=\"33\">Le pr\u00e9sent contrat est soumis au droit turc. Les tribunaux de commerce et les bureaux d&rsquo;ex\u00e9cution d&rsquo;Istanbul (\u00c7a\u011flayan) sont exclusivement comp\u00e9tents pour tout litige d\u00e9coulant du contrat. <\/p><p data-path-to-node=\"34\">L&rsquo;ACHETEUR d\u00e9clare avoir lu et compris toutes les dispositions du pr\u00e9sent contrat, avoir approuv\u00e9 les clauses de protection commerciale sans objection et avoir accept\u00e9 le contrat en compl\u00e9tant la commande par voie \u00e9lectronique.<\/p>\t\t\t\t\t\t<\/div>\n\t\t\t\t<\/div>\n\t\t\t\t\t<\/div>\n\t\t\t\t<\/div>\n\t\t\t\t<\/div>\n\t\t","protected":false},"excerpt":{"rendered":"<p>Cet accord est \u00e9tabli pour r\u00e9glementer les termes et conditions de la transaction commerciale (B2B) de vente \u00e0 distance et d&rsquo;exportation \u00e9tablie par voie \u00e9lectronique entre le VENDEUR et l&rsquo;ACHETEUR, dont les titres et les coordonn\u00e9es sont indiqu\u00e9s ci-dessous. Cet accord est strictement un contrat de vente commerciale et n&rsquo;est PAS soumis aux dispositions de [&hellip;]<\/p>\n","protected":false},"author":1,"featured_media":0,"parent":0,"menu_order":0,"comment_status":"closed","ping_status":"closed","template":"","meta":{"footnotes":""},"class_list":["post-2913137","page","type-page","status-publish","hentry"],"_links":{"self":[{"href":"https:\/\/tpiexports.com\/fr\/wp-json\/wp\/v2\/pages\/2913137","targetHints":{"allow":["GET"]}}],"collection":[{"href":"https:\/\/tpiexports.com\/fr\/wp-json\/wp\/v2\/pages"}],"about":[{"href":"https:\/\/tpiexports.com\/fr\/wp-json\/wp\/v2\/types\/page"}],"author":[{"embeddable":true,"href":"https:\/\/tpiexports.com\/fr\/wp-json\/wp\/v2\/users\/1"}],"replies":[{"embeddable":true,"href":"https:\/\/tpiexports.com\/fr\/wp-json\/wp\/v2\/comments?post=2913137"}],"version-history":[{"count":1,"href":"https:\/\/tpiexports.com\/fr\/wp-json\/wp\/v2\/pages\/2913137\/revisions"}],"predecessor-version":[{"id":2913138,"href":"https:\/\/tpiexports.com\/fr\/wp-json\/wp\/v2\/pages\/2913137\/revisions\/2913138"}],"wp:attachment":[{"href":"https:\/\/tpiexports.com\/fr\/wp-json\/wp\/v2\/media?parent=2913137"}],"curies":[{"name":"wp","href":"https:\/\/api.w.org\/{rel}","templated":true}]}}