{"id":49088,"date":"2023-12-06T14:23:57","date_gmt":"2023-12-06T11:23:57","guid":{"rendered":"https:\/\/tpiexports.com\/accord-dadhesion-et-dutilisation\/"},"modified":"2024-05-02T16:39:32","modified_gmt":"2024-05-02T13:39:32","slug":"accord-dadhesion-et-dutilisation","status":"publish","type":"page","link":"https:\/\/tpiexports.com\/fr\/accord-dadhesion-et-dutilisation\/","title":{"rendered":"Accord d&rsquo;adh\u00e9sion et d&rsquo;utilisation"},"content":{"rendered":"\t\t<div data-elementor-type=\"wp-page\" data-elementor-id=\"49088\" class=\"elementor elementor-49088 elementor-14\" data-elementor-post-type=\"page\">\n\t\t\t\t\t\t<section class=\"elementor-section elementor-top-section elementor-element elementor-element-69dd527d elementor-section-boxed elementor-section-height-default elementor-section-height-default\" data-id=\"69dd527d\" data-element_type=\"section\">\n\t\t\t\t\t\t<div class=\"elementor-container elementor-column-gap-default\">\n\t\t\t\t\t<div class=\"elementor-column elementor-col-100 elementor-top-column elementor-element elementor-element-120aa64f\" data-id=\"120aa64f\" data-element_type=\"column\">\n\t\t\t<div class=\"elementor-widget-wrap elementor-element-populated\">\n\t\t\t\t\t\t<div class=\"elementor-element elementor-element-c912ea3 elementor-widget elementor-widget-text-editor\" data-id=\"c912ea3\" data-element_type=\"widget\" data-widget_type=\"text-editor.default\">\n\t\t\t\t<div class=\"elementor-widget-container\">\n\t\t\t<style>\/*! elementor - v3.21.0 - 26-05-2024 *\/\n.elementor-widget-text-editor.elementor-drop-cap-view-stacked .elementor-drop-cap{background-color:#69727d;color:#fff}.elementor-widget-text-editor.elementor-drop-cap-view-framed .elementor-drop-cap{color:#69727d;border:3px solid;background-color:transparent}.elementor-widget-text-editor:not(.elementor-drop-cap-view-default) .elementor-drop-cap{margin-top:8px}.elementor-widget-text-editor:not(.elementor-drop-cap-view-default) .elementor-drop-cap-letter{width:1em;height:1em}.elementor-widget-text-editor .elementor-drop-cap{float:left;text-align:center;line-height:1;font-size:50px}.elementor-widget-text-editor .elementor-drop-cap-letter{display:inline-block}<\/style>\t\t\t\t<h3 style=\"margin-bottom: 0.540791em;\"><span lang=\"EN-US\">1.PARTIES<\/span><\/h3>\n<p><span lang=\"EN-US\">Le pr\u00e9sent accord d&rsquo;adh\u00e9sion et d&rsquo;utilisation (\u00ab\u00a0accord\u00a0\u00bb) a \u00e9t\u00e9 \u00e9tabli entre Power International Export et l&rsquo;utilisateur qui acc\u00e8de au site web et\/ou devient membre, et il a \u00e9t\u00e9 \u00e9tabli dans l&rsquo;environnement \u00e9lectronique dans lequel l&rsquo;utilisateur utilise le site web, avec l&rsquo;accord de l&rsquo;utilisateur au moment de l&rsquo;enregistrement.<\/span><\/p>\n<p><span lang=\"EN-US\">L&rsquo;utilisateur reconna\u00eet et d\u00e9clare qu&rsquo;il a lu l&rsquo;int\u00e9gralit\u00e9 du contenu de l&rsquo;accord, qu&rsquo;il en a pleinement compris le contenu et qu&rsquo;il en a accept\u00e9 toutes les dispositions en acc\u00e9dant au site web et\/ou en devenant membre.<\/span><\/p>\n<h3 style=\"margin-bottom: 0.540791em;\"><span lang=\"EN-US\">2. D\u00c9FINITIONS<\/span><\/h3>\n<p><span lang=\"EN-US\">Acheteur : D\u00e9signe l&rsquo;utilisateur qui ach\u00e8te les biens et\/ou services mis en vente par le Vendeur en utilisant les Services fournis sur le Site Internet.<\/span><\/p>\n<p><span lang=\"EN-US\">Power International Export : Se r\u00e9f\u00e8re \u00e0 Elasan Gayrimenkul Dan\u0131\u015fmanl\u0131\u011f\u0131 Ticaret Limited \u015eirketi.<\/span><\/p>\n<p><span lang=\"EN-US\">En bref, le \u00ab\u00a0Service\u00a0\u00bb : D\u00e9signe les applications fournies au sein du site web par Power International Export afin de permettre aux utilisateurs d&rsquo;effectuer leurs actions et transactions d\u00e9finies dans les conditions d&rsquo;utilisation.<\/span><\/p>\n<p><span lang=\"EN-US\">Utilisateur\/Membre : D\u00e9signe la personne physique ou morale qui acc\u00e8de au site web et\/ou devient membre et b\u00e9n\u00e9ficie des services fournis sur le site web dans les conditions pr\u00e9cis\u00e9es dans les pr\u00e9sentes conditions d&rsquo;utilisation. Les vendeurs et les acheteurs s&rsquo;inscrivent en tant qu&rsquo;utilisateurs sur le site web.<\/span><\/p>\n<p><span lang=\"EN-US\">Vendeur : D\u00e9signe la personne qui, en utilisant les services fournis sur le site web, propose \u00e0 la vente des biens et\/ou des services dont elle est l\u00e9galement propri\u00e9taire et qu&rsquo;elle a le droit de mettre \u00e0 la disposition des autres utilisateurs sur le site.<\/span><\/p>\n<p><span lang=\"EN-US\">Produit : D\u00e9signe l&rsquo;ensemble des biens et\/ou services propos\u00e9s \u00e0 la vente par le Vendeur sur le Site Internet.<\/span><\/p>\n<p><span lang=\"EN-US\">Site web : D\u00e9signe le site web compos\u00e9 du nom de domaine https:\/\/tpiexports.com\/ et de ses sous-domaines.<\/span><\/p>\n<p><span lang=\"EN-US\"> <\/span><\/p>\n<h3 style=\"margin-bottom: 0.540791em;\"><span lang=\"EN-US\">3. OBJET ET CHAMP D&rsquo;APPLICATION DE L&rsquo;ACCORD<\/span><\/h3>\n<p><span lang=\"EN-US\">3.1. L&rsquo;objet du contrat d&rsquo;utilisation est de d\u00e9terminer les services offerts sur le site web, les conditions d&rsquo;utilisation de ces services, ainsi que les droits et obligations des parties.<\/span><\/p>\n<p><span lang=\"EN-US\">3.2. Le champ d&rsquo;application de l&rsquo;accord d&rsquo;utilisation comprend l&rsquo;accord d&rsquo;utilisation et ses annexes, ainsi que toutes les d\u00e9clarations, tous les \u00e9crits et toutes les explications de Power International Export concernant l&rsquo;utilisation, l&rsquo;adh\u00e9sion et les services fournis sur le site web.<\/span><\/p>\n<p><span lang=\"EN-US\">3.3. En acceptant les dispositions du contrat d&rsquo;utilisation, vous acceptez \u00e9galement de vous conformer \u00e0 toutes les d\u00e9clarations faites par Power International Export concernant l&rsquo;utilisation, l&rsquo;adh\u00e9sion et les services fournis sur le site Web.<\/span><\/p>\n<h3 style=\"margin-bottom: 0.540791em;\"><span lang=\"EN-US\">4. CONDITIONS D&rsquo;ADH\u00c9SION ET D&rsquo;UTILISATION DES SERVICES<\/span><\/h3>\n<p><span lang=\"EN-US\">4.1. L&rsquo;adh\u00e9sion se fait en s&rsquo;inscrivant dans la section correspondante du site web, en envoyant les informations n\u00e9cessaires au site web pour devenir un utilisateur, et en obtenant l&rsquo;approbation de Power International Export pour le processus d&rsquo;inscription. Le droit et l&rsquo;autorit\u00e9 de devenir un utilisateur tel que d\u00e9fini dans le pr\u00e9sent accord d&rsquo;utilisation ne peuvent \u00eatre obtenus avant que le processus d&rsquo;adh\u00e9sion ne soit achev\u00e9.<\/span><\/p>\n<p><span style=\"background-color: var(--background); color: var(--text); font-family: var(--e-global-typography-text-font-family);\">4.2. Pour devenir membre du site, il faut \u00eatre majeur et ne pas avoir fait l&rsquo;objet d&rsquo;une suspension temporaire ou d&rsquo;une exclusion d\u00e9finitive de la part de Power International Export. Les personnes qui n&rsquo;ont pas atteint l&rsquo;\u00e2ge l\u00e9gal ou qui ont \u00e9t\u00e9 temporairement suspendues ou d\u00e9finitivement interdites d&rsquo;adh\u00e9sion par Power International Export, comme indiqu\u00e9 \u00e0 l&rsquo;article 5.2 de la pr\u00e9sente convention d&rsquo;utilisation, ne deviendront pas membres du site Web \u00e0 l&rsquo;issue de la proc\u00e9dure d&rsquo;inscription.<\/span><\/p>\n<h3 style=\"margin-bottom: 0.540791em;\"><span lang=\"EN-US\">5. DROITS ET OBLIGATIONS<\/span><\/h3>\n<p><span lang=\"EN-US\">5.1. Droits et obligations de l&rsquo;utilisateur<\/span><\/p>\n<p><span lang=\"EN-US\">L&rsquo;utilisateur accepte, d\u00e9clare et s&rsquo;engage \u00e0 respecter toutes les conditions \u00e9nonc\u00e9es dans l&rsquo;accord d&rsquo;utilisation, les r\u00e8gles sp\u00e9cifi\u00e9es dans les sections pertinentes du site web et toute la l\u00e9gislation applicable lorsqu&rsquo;il effectue la proc\u00e9dure d&rsquo;adh\u00e9sion, b\u00e9n\u00e9ficie des services offerts sur le site web et effectue toute transaction li\u00e9e aux services sur le site web.<\/span><\/p>\n<p><span lang=\"EN-US\">L&rsquo;utilisateur reconna\u00eet, d\u00e9clare et s&rsquo;engage \u00e0 ce qu&rsquo;en cas de r\u00e9clamation pour violation des droits d&rsquo;autres utilisateurs ou de tiers, ou conform\u00e9ment aux dispositions de la politique de confidentialit\u00e9 et de la l\u00e9gislation obligatoire en vigueur, Power International Export soit autoris\u00e9e \u00e0 divulguer ses informations confidentielles\/priv\u00e9es\/commerciales aux autorit\u00e9s officielles et aux d\u00e9tenteurs de droits, et par cons\u00e9quent, aucune compensation ne pourra \u00eatre r\u00e9clam\u00e9e \u00e0 Power International Export sous quelque nom que ce soit.<\/span><\/p>\n<p><span lang=\"EN-US\">La s\u00e9curit\u00e9, le stockage et l&rsquo;utilisation des outils d&rsquo;acc\u00e8s (nom d&rsquo;utilisateur, mot de passe, etc.) utilis\u00e9s par les utilisateurs pour acc\u00e9der au syst\u00e8me qu&rsquo;ils utilisent pour b\u00e9n\u00e9ficier des services fournis par Power International Export rel\u00e8vent enti\u00e8rement de la responsabilit\u00e9 des utilisateurs. Power International Export ne peut \u00eatre tenu responsable, directement ou indirectement, de toute n\u00e9gligence ou faute des utilisateurs dans la s\u00e9curisation, le stockage et la non-divulgation des outils d&rsquo;acc\u00e8s \u00e0 des tiers, et de tout dommage subi ou pouvant \u00eatre subi par les utilisateurs et\/ou des tiers du fait de cette n\u00e9gligence ou faute.<\/span><\/p>\n<p><span lang=\"EN-US\">Les utilisateurs reconnaissent, d\u00e9clarent et s&rsquo;engagent \u00e0 ce que les informations et les contenus qu&rsquo;ils fournissent sur le site web soient exacts et conformes \u00e0 la loi. Power International Export n&rsquo;est pas responsable de la recherche de l&rsquo;exactitude des informations et du contenu fournis, modifi\u00e9s ou t\u00e9l\u00e9charg\u00e9s par les utilisateurs sur le site Web, et n&rsquo;est pas tenu de garantir la s\u00e9curit\u00e9, l&rsquo;exactitude et la l\u00e9galit\u00e9 de ces informations et de ce contenu. Power International Export ne peut \u00eatre tenu responsable des dommages qui pourraient r\u00e9sulter d&rsquo;informations et de contenus incorrects ou erron\u00e9s.<\/span><\/p>\n<p><span lang=\"EN-US\">L&rsquo;utilisateur ne peut transf\u00e9rer, partiellement ou totalement, ses droits et obligations en vertu de l&rsquo;accord d&rsquo;utilisation \u00e0 un tiers sans l&rsquo;accord \u00e9crit pr\u00e9alable de Power International Export.<\/span><\/p>\n<p><span lang=\"EN-US\">Les utilisateurs qui b\u00e9n\u00e9ficient des services offerts par Power International Export et qui utilisent le site web ne peuvent effectuer des transactions sur le site web qu&rsquo;\u00e0 des fins l\u00e9gales. La responsabilit\u00e9 juridique et p\u00e9nale de chaque transaction et action effectu\u00e9e par les utilisateurs sur le site web leur incombe. Chaque utilisateur accepte, d\u00e9clare et s&rsquo;engage \u00e0 ne pas reproduire, copier, distribuer, traiter ou concurrencer Power International Export directement ou indirectement de quelque mani\u00e8re que ce soit, que ce soit par ces actions ou par d&rsquo;autres moyens, les images, textes, images visuelles et auditives, clips vid\u00e9o, fichiers, bases de donn\u00e9es, catalogues et listes trouv\u00e9s sur le site Web d&rsquo;une mani\u00e8re qui violerait les droits personnels ou les droits de propri\u00e9t\u00e9 de Power International Export ou de tout tiers. Power International Export ne peut \u00eatre tenue responsable, directement ou indirectement, de quelque mani\u00e8re que ce soit, des dommages qui pourraient \u00eatre subis par des tiers en raison des activit\u00e9s men\u00e9es par les utilisateurs sur le site Web en violation de l&rsquo;accord d&rsquo;utilisation et\/ou de la loi.<\/span><\/p>\n<p><span lang=\"EN-US\">Power International Export, ses employ\u00e9s ou ses dirigeants ne sont pas responsables des services fournis et du contenu publi\u00e9 sur le site Web par des tiers, y compris les utilisateurs. L&rsquo;exactitude et la l\u00e9galit\u00e9 des informations, du contenu, des images visuelles et sonores fournis et publi\u00e9s par des tiers rel\u00e8vent enti\u00e8rement de la responsabilit\u00e9 des personnes qui r\u00e9alisent ces actions. Power International Export ne garantit pas la s\u00e9curit\u00e9, l&rsquo;exactitude et la l\u00e9galit\u00e9 des services et des contenus fournis par des tiers, y compris les utilisateurs.<\/span><\/p>\n<p><span lang=\"EN-US\">Les utilisateurs acceptent, d\u00e9clarent et s&rsquo;engagent \u00e0 ne pas effectuer de transactions permettant des transferts d&rsquo;argent entre leur propre adh\u00e9sion et celle de leurs proches sur le site web et \u00e0 ne pas adopter un comportement qui manipule le fonctionnement du site web. Dans le cas contraire, ils acceptent de r\u00e9parer les dommages que Power International Export pourrait subir.<\/span><\/p>\n<h3 style=\"margin-bottom: 0.540791em;\"><span lang=\"EN-US\">5.2. Droits et obligations de Power International Export<\/span><\/h3>\n<p><span lang=\"EN-US\">Power International Export se r\u00e9serve le droit de modifier \u00e0 tout moment les services et le contenu fournis sur le site web, et de restreindre ou de supprimer l&rsquo;acc\u00e8s aux informations et au contenu t\u00e9l\u00e9charg\u00e9s sur le syst\u00e8me par les utilisateurs, y compris les tiers, \u00e0 sa seule discr\u00e9tion. Power International Export peut exercer ce droit sans pr\u00e9avis. Les utilisateurs sont tenus de se conformer imm\u00e9diatement \u00e0 toute modification demand\u00e9e par Power International Export. Les utilisateurs sont responsables de la r\u00e9paration de tout dommage r\u00e9sultant du fait qu&rsquo;ils n&rsquo;ont pas respect\u00e9 les demandes de changement et\/ou de correction formul\u00e9es par Power International Export dans les d\u00e9lais impartis.<\/span><\/p>\n<p><span lang=\"EN-US\">Power International Export peut fournir des liens vers d&rsquo;autres sites web, portails, fichiers ou contenus d\u00e9tenus et exploit\u00e9s par des vendeurs, fournisseurs et autres tiers non contr\u00f4l\u00e9s par Power International Export par le biais du site web. Ces liens peuvent \u00eatre fournis par les utilisateurs ou uniquement \u00e0 titre de r\u00e9f\u00e9rence par Power International Export et ne constituent en aucun cas une d\u00e9claration ou une garantie concernant le site web ou les informations qu&rsquo;il contient, ni une approbation du site web ou de ses op\u00e9rateurs. Power International Export n&rsquo;est pas responsable des services ou produits offerts ou du contenu des portails, sites web, fichiers et contenus accessibles par les liens du site web.<\/span><\/p>\n<p><span lang=\"EN-US\">Power International Export n&rsquo;agit pas en tant que m\u00e9diateur ou arbitre dans les litiges qui pourraient survenir entre les Utilisateurs concernant les Services fournis sur le Site et les Produits qui y sont list\u00e9s.<\/span><\/p>\n<p><span lang=\"EN-US\">Afin de d\u00e9tecter les messages et\/ou les contenus qui sont contraires au fonctionnement du site web et\/ou au contrat d&rsquo;utilisation et\/ou aux r\u00e8gles g\u00e9n\u00e9rales du site web et\/ou aux r\u00e8gles morales g\u00e9n\u00e9rales et qui ne peuvent \u00eatre accept\u00e9s par Power International Export, Power International Export peut proc\u00e9der \u00e0 l&rsquo;analyse n\u00e9cessaire des contenus et\/ou des messages et peut retirer de l&rsquo;acc\u00e8s les messages et\/ou les contenus qu&rsquo;elle d\u00e9tecte \u00e0 tout moment et de la mani\u00e8re qu&rsquo;elle souhaite ; et peut mettre fin \u00e0 l&rsquo;adh\u00e9sion de l&rsquo;utilisateur de mani\u00e8re temporaire ou permanente sans donner de pr\u00e9avis.<\/span><\/p>\n<p><span lang=\"EN-US\">L&rsquo;acceptation et l&rsquo;application de l&rsquo;accord d&rsquo;utilisation ne cr\u00e9ent aucune relation de partenariat, de repr\u00e9sentation ou d&#8217;employeur-employ\u00e9 entre Power International Export et l&rsquo;utilisateur.<\/span><\/p>\n<p><span lang=\"EN-US\">L&rsquo;utilisateur s&rsquo;engage \u00e0 ne pas violer les droits l\u00e9gaux de tiers, tels que le droit d&rsquo;auteur, la marque d\u00e9pos\u00e9e et le nom commercial, lorsqu&rsquo;il choisit le nom d&rsquo;utilisateur \u00ab\u00a0User name\u00a0\u00bb. Si l&rsquo;utilisateur viole cette disposition, Power International Export peut demander la correction de cette violation et, si elle le souhaite, peut annuler temporairement ou d\u00e9finitivement l&rsquo;adh\u00e9sion de l&rsquo;utilisateur sans pr\u00e9avis.<\/span><\/p>\n<h3 style=\"margin-bottom: 0.540791em;\"><span lang=\"EN-US\">6. DISPOSITIONS RELATIVES \u00c0 LA CONFIDENTIALIT\u00c9<\/span><\/h3>\n<p><span lang=\"EN-US\">Power International Export peut utiliser les informations concernant les utilisateurs conform\u00e9ment aux r\u00e8gles \u00e9nonc\u00e9es dans la politique de confidentialit\u00e9 de ce site Web. Power International Export n&rsquo;utilisera pas les informations confidentielles appartenant aux utilisateurs d&rsquo;une mani\u00e8re contraire \u00e0 l&rsquo;accord d&rsquo;utilisation et \u00e0 la politique de confidentialit\u00e9.<\/span><\/p>\n<h3 style=\"margin-bottom: 0.540791em;\"><span lang=\"EN-US\">7. DROITS DE PROPRI\u00c9T\u00c9 INTELLECTUELLE<\/span><\/h3>\n<p><span lang=\"EN-US\">Les utilisateurs ne peuvent revendre, partager, distribuer, afficher, reproduire, cr\u00e9er des \u0153uvres d\u00e9riv\u00e9es ou des adaptations \u00e0 partir des services de Power International Export, des informations ou des \u0153uvres prot\u00e9g\u00e9es par le droit d&rsquo;auteur disponibles sur le site Web, ni mettre \u00e0 la disposition de tiers ou permettre \u00e0 quiconque d&rsquo;acc\u00e9der aux services ou de les utiliser, sous peine de devoir payer \u00e0 Power International Export tout dommage r\u00e9clam\u00e9 par des tiers, y compris, mais sans s&rsquo;y limiter, les montants des indemnit\u00e9s et les frais de justice, ainsi que toutes les autres obligations. Cette responsabilit\u00e9 s&rsquo;applique \u00e9galement aux donneurs de licence.<\/span><\/p>\n<p><span lang=\"EN-US\">Power International Export se r\u00e9serve tous les droits de propri\u00e9t\u00e9, tangibles et intangibles, y compris, mais sans s&rsquo;y limiter, les services, les informations, les \u0153uvres prot\u00e9g\u00e9es par le droit d&rsquo;auteur, les marques, l&rsquo;habillage commercial ou tout autre droit de propri\u00e9t\u00e9 intellectuelle qu&rsquo;elle poss\u00e8de ou acquiert par le biais du site web, ainsi que les secrets commerciaux et le savoir-faire.<\/span><\/p>\n<p><span lang=\"EN-US\">Les utilisateurs acceptent, d\u00e9clarent et s&rsquo;engagent \u00e0 ne pas enfreindre les droits de propri\u00e9t\u00e9 intellectuelle, y compris, mais sans s&rsquo;y limiter, tous les droits de propri\u00e9t\u00e9 intellectuelle d\u00e9tenus par Power International Export et d&rsquo;autres utilisateurs, disponibles sur le site web.<\/span><\/p>\n<p><span lang=\"EN-US\"> <\/span><\/p>\n<h3 style=\"margin-bottom: 0.540791em;\"><span lang=\"EN-US\">8. MODIFICATIONS CONTRACTUELLES<\/span><\/h3>\n<p><span lang=\"EN-US\">Power International Export peut, \u00e0 sa seule discr\u00e9tion et de mani\u00e8re unilat\u00e9rale, modifier le pr\u00e9sent accord d&rsquo;utilisation et ses annexes \u00e0 tout moment qu&rsquo;elle juge appropri\u00e9 en les annon\u00e7ant sur le site web. Les dispositions modifi\u00e9es du pr\u00e9sent accord d&rsquo;utilisation prendront effet \u00e0 la date de leur annonce ; les autres dispositions resteront pleinement en vigueur et continueront \u00e0 produire leurs effets juridiques.<\/span><\/p>\n<p><span lang=\"EN-US\"> <\/span><\/p>\n<h3 style=\"margin-bottom: 0.540791em;\"><span lang=\"EN-US\">9. CAS DE FORCE MAJEURE<\/span><\/h3>\n<p><span lang=\"EN-US\">Dans tous les cas consid\u00e9r\u00e9s comme cas de force majeure par la loi, Power International Export ne sera pas tenue pour responsable du retard, de l&rsquo;ex\u00e9cution partielle, de l&rsquo;inex\u00e9cution ou de la non-ex\u00e9cution de l&rsquo;une quelconque de ses obligations stipul\u00e9es dans la pr\u00e9sente convention. En cas de force majeure, le retard, l&rsquo;ex\u00e9cution partielle, l&rsquo;inex\u00e9cution ou la d\u00e9faillance ne sont pas r\u00e9put\u00e9s avoir eu lieu et aucune indemnit\u00e9 ne peut \u00eatre r\u00e9clam\u00e9e par l&rsquo;Utilisateur \u00e0 Power International Export \u00e0 quelque titre que ce soit. Le terme force majeure doit \u00eatre interpr\u00e9t\u00e9 comme des \u00e9v\u00e9nements in\u00e9vitables \u00e9chappant au contr\u00f4le raisonnable de Power International Export, y compris, mais sans s&rsquo;y limiter, les catastrophes naturelles, la r\u00e9bellion, la guerre, la gr\u00e8ve, les cyber-attaques, les probl\u00e8mes de communication, les dysfonctionnements de l&rsquo;infrastructure et de l&rsquo;internet, les cyber-attaques, les dysfonctionnements pouvant survenir en raison de travaux d&rsquo;am\u00e9lioration ou de mise \u00e0 niveau du syst\u00e8me, les pannes d&rsquo;\u00e9lectricit\u00e9 et les conditions m\u00e9t\u00e9orologiques d\u00e9favorables.<\/span><\/p>\n<p><span lang=\"EN-US\"> <\/span><\/p>\n<h3 style=\"margin-bottom: 0.540791em;\"><span lang=\"EN-US\">10. DROIT APPLICABLE ET JURIDICTION<\/span><\/h3>\n<p><span lang=\"EN-US\">Dans l&rsquo;application, l&rsquo;interpr\u00e9tation et la gestion des relations juridiques d\u00e9coulant du pr\u00e9sent accord d&rsquo;utilisation, le droit turc s&rsquo;applique. En cas de litige d\u00e9coulant du pr\u00e9sent accord d&rsquo;utilisation ou en rapport avec celui-ci, les tribunaux et les bureaux d&rsquo;ex\u00e9cution d&rsquo;Istanbul sont comp\u00e9tents.<\/span><\/p>\n<p><span lang=\"EN-US\"> <\/span><\/p>\n<h3 style=\"margin-bottom: 0.540791em;\"><span lang=\"EN-US\">11. R\u00c9SILIATION DE L&rsquo;ACCORD<\/span><\/h3>\n<p><span lang=\"EN-US\">Le pr\u00e9sent accord d&rsquo;utilisation restera en vigueur tant que l&rsquo;utilisateur acc\u00e8de au site web et\/ou devient membre et continuera \u00e0 produire des effets juridiques entre les parties ; il sera consid\u00e9r\u00e9 comme r\u00e9sili\u00e9 \u00e0 l&rsquo;expiration de la p\u00e9riode d&rsquo;adh\u00e9sion de l&rsquo;utilisateur ou lorsque son adh\u00e9sion est suspendue de mani\u00e8re temporaire ou permanente. Power International Export peut r\u00e9silier unilat\u00e9ralement le pr\u00e9sent contrat d&rsquo;utilisation si les utilisateurs violent le pr\u00e9sent contrat d&rsquo;utilisation et\/ou des r\u00e8gles similaires concernant l&rsquo;adh\u00e9sion et les services au sein du site Web, en particulier dans les cas suivants, et les utilisateurs seront tenus de compenser tous les dommages directs ou indirects subis par Power International Export en raison de la r\u00e9siliation :<\/span><\/p>\n<p><span lang=\"EN-US\">\u25cf L&rsquo;utilisateur adopte un comportement qui manipule le fonctionnement du site web \u00e0 l&rsquo;aide de n&rsquo;importe quelle m\u00e9thode,<\/span><\/p>\n<p><span lang=\"EN-US\">\u25cf L&rsquo;utilisateur transf\u00e8re ou autorise l&rsquo;utilisation de son profil d&rsquo;utilisateur cr\u00e9\u00e9 \u00e0 une autre personne,<\/span><\/p>\n<p><span lang=\"EN-US\">\u25cf L&rsquo;utilisateur se livre \u00e0 des activit\u00e9s qui violent les droits de tiers.<\/span><\/p>\n<p> <\/p>\n<p><span lang=\"EN-US\">\u25cf Tout utilisateur qui acc\u00e8de au site web et\/ou devient membre sera li\u00e9 ind\u00e9finiment par les dispositions du pr\u00e9sent accord.<\/span><\/p>\t\t\t\t\t\t<\/div>\n\t\t\t\t<\/div>\n\t\t\t\t\t<\/div>\n\t\t<\/div>\n\t\t\t\t\t<\/div>\n\t\t<\/section>\n\t\t\t\t<\/div>\n\t\t","protected":false},"excerpt":{"rendered":"<p>1.PARTIES Le pr\u00e9sent accord d&rsquo;adh\u00e9sion et d&rsquo;utilisation (\u00ab\u00a0accord\u00a0\u00bb) a \u00e9t\u00e9 \u00e9tabli entre Power International Export et l&rsquo;utilisateur qui acc\u00e8de au site web et\/ou devient membre, et il a \u00e9t\u00e9 \u00e9tabli dans l&rsquo;environnement \u00e9lectronique dans lequel l&rsquo;utilisateur utilise le site web, avec l&rsquo;accord de l&rsquo;utilisateur au moment de l&rsquo;enregistrement. L&rsquo;utilisateur reconna\u00eet et d\u00e9clare qu&rsquo;il a lu [&hellip;]<\/p>\n","protected":false},"author":1,"featured_media":0,"parent":0,"menu_order":0,"comment_status":"closed","ping_status":"closed","template":"","meta":{"footnotes":""},"class_list":["post-49088","page","type-page","status-publish","hentry"],"_links":{"self":[{"href":"https:\/\/tpiexports.com\/fr\/wp-json\/wp\/v2\/pages\/49088","targetHints":{"allow":["GET"]}}],"collection":[{"href":"https:\/\/tpiexports.com\/fr\/wp-json\/wp\/v2\/pages"}],"about":[{"href":"https:\/\/tpiexports.com\/fr\/wp-json\/wp\/v2\/types\/page"}],"author":[{"embeddable":true,"href":"https:\/\/tpiexports.com\/fr\/wp-json\/wp\/v2\/users\/1"}],"replies":[{"embeddable":true,"href":"https:\/\/tpiexports.com\/fr\/wp-json\/wp\/v2\/comments?post=49088"}],"version-history":[{"count":0,"href":"https:\/\/tpiexports.com\/fr\/wp-json\/wp\/v2\/pages\/49088\/revisions"}],"wp:attachment":[{"href":"https:\/\/tpiexports.com\/fr\/wp-json\/wp\/v2\/media?parent=49088"}],"curies":[{"name":"wp","href":"https:\/\/api.w.org\/{rel}","templated":true}]}}