{"id":49097,"date":"2023-08-23T16:22:59","date_gmt":"2023-08-23T16:22:59","guid":{"rendered":"https:\/\/tpiexports.com\/politique-de-confidentialite\/"},"modified":"2024-02-06T10:22:20","modified_gmt":"2024-02-06T10:22:20","slug":"politique-de-confidentialite","status":"publish","type":"page","link":"https:\/\/tpiexports.com\/fr\/politique-de-confidentialite\/","title":{"rendered":"Politique de confidentialit\u00e9"},"content":{"rendered":"\t\t<div data-elementor-type=\"wp-page\" data-elementor-id=\"49097\" class=\"elementor elementor-49097 elementor-3\" data-elementor-post-type=\"page\">\n\t\t\t\t\t\t<section class=\"elementor-section elementor-top-section elementor-element elementor-element-0a54138 elementor-section-boxed elementor-section-height-default elementor-section-height-default\" data-id=\"0a54138\" data-element_type=\"section\">\n\t\t\t\t\t\t<div class=\"elementor-container elementor-column-gap-default\">\n\t\t\t\t\t<div class=\"elementor-column elementor-col-100 elementor-top-column elementor-element elementor-element-8683100\" data-id=\"8683100\" data-element_type=\"column\">\n\t\t\t<div class=\"elementor-widget-wrap elementor-element-populated\">\n\t\t\t\t\t\t<div class=\"elementor-element elementor-element-e3ff155 elementor-widget elementor-widget-text-editor\" data-id=\"e3ff155\" data-element_type=\"widget\" data-widget_type=\"text-editor.default\">\n\t\t\t\t<div class=\"elementor-widget-container\">\n\t\t\t<style>\/*! elementor - v3.21.0 - 26-05-2024 *\/\n.elementor-widget-text-editor.elementor-drop-cap-view-stacked .elementor-drop-cap{background-color:#69727d;color:#fff}.elementor-widget-text-editor.elementor-drop-cap-view-framed .elementor-drop-cap{color:#69727d;border:3px solid;background-color:transparent}.elementor-widget-text-editor:not(.elementor-drop-cap-view-default) .elementor-drop-cap{margin-top:8px}.elementor-widget-text-editor:not(.elementor-drop-cap-view-default) .elementor-drop-cap-letter{width:1em;height:1em}.elementor-widget-text-editor .elementor-drop-cap{float:left;text-align:center;line-height:1;font-size:50px}.elementor-widget-text-editor .elementor-drop-cap-letter{display:inline-block}<\/style>\t\t\t\t<h2>NOTE D&rsquo;INFORMATION SUR LA LOI RELATIVE \u00c0 LA PROTECTION DES DONN\u00c9ES PERSONNELLES<\/h2>\n<p>En tant que Power International Export, op\u00e9rant sous le nom de Elasan Real Estate Consultancy Limited Company, nous souhaitons vous informer des points suivants concernant la protection des donn\u00e9es personnelles que nous traitons en tant que responsable du traitement des donn\u00e9es conform\u00e9ment \u00e0 la Constitution turque et \u00e0 la loi n\u00b0 6698 sur la protection des donn\u00e9es personnelles (\u00ab\u00a0KVKK\u00a0\u00bb ou \u00ab\u00a0loi\u00a0\u00bb) et aux r\u00e9glementations secondaires, sachant que la protection des donn\u00e9es personnelles est un droit fondamental et qu&rsquo;elle rel\u00e8ve de notre obligation d&rsquo;information.<\/p>\n<p><\/p>\n<h3><ol><li><strong>Donn\u00e9es \u00e0 caract\u00e8re personnel que nous traitons et finalit\u00e9s du traitement<\/strong><\/li><\/ol><\/h3>\n<p>En tant que Power International Export, responsable du traitement des donn\u00e9es dans le cadre de la Constitution turque, de la loi sur la protection des donn\u00e9es personnelles (\u00ab\u00a0KVKK\u00a0\u00bb ou \u00ab\u00a0loi\u00a0\u00bb) et des r\u00e9glementations secondaires, nous traitons les donn\u00e9es de transaction des clients contenant l&rsquo;identit\u00e9 et les donn\u00e9es de contact de nos clients \u00e0 qui nous fournissons nos produits et services, ainsi que les informations de mot de passe cr\u00e9\u00e9es au cours du processus d&rsquo;adh\u00e9sion sur le site Web de notre soci\u00e9t\u00e9 \u00ab\u00a0https:\/\/tpiexports.com\/\u00a0\u00bb ; Nous traitons et conservons l&rsquo;identit\u00e9 et les donn\u00e9es de contact des employ\u00e9s\/personnes autoris\u00e9es\/personnes de contact des soci\u00e9t\u00e9s fournisseurs dont nous b\u00e9n\u00e9ficions dans le but de g\u00e9rer et d&rsquo;am\u00e9liorer les activit\u00e9s commerciales de notre soci\u00e9t\u00e9. Ces donn\u00e9es personnelles sont trait\u00e9es dans le cadre de l&rsquo;ex\u00e9cution des processus contractuels, du suivi des relations avec les clients et des processus de marketing, et de l&rsquo;ex\u00e9cution des processus d&rsquo;exploitation, de production, de vente et de suivi des services que nous fournissons, limit\u00e9s aux fins de fournir nos services de vente de produits\/services, d&rsquo;effectuer des op\u00e9rations financi\u00e8res et comptables, de suivre les demandes et les r\u00e9clamations, de vous envoyer des abonnements \u00e0 des bulletins d&rsquo;information et des notifications de campagnes et de promotions si vous donnez votre consentement explicite, de remplir les obligations stipul\u00e9es dans la l\u00e9gislation \u00e0 laquelle nous sommes soumis, en particulier la loi sur la protection des consommateurs n\u00b0 6502 et le r\u00e8glement sur les ventes \u00e0 distance, et de g\u00e9rer et d\u00e9velopper les activit\u00e9s commerciales de notre soci\u00e9t\u00e9. Ces donn\u00e9es personnelles sont conserv\u00e9es dans des environnements num\u00e9riques et physiques appartenant \u00e0 notre entreprise. Si les raisons justifiant le traitement de ces donn\u00e9es personnelles cessent d&rsquo;exister, nous les supprimons, les d\u00e9truisons ou les rendons anonymes conform\u00e9ment au KVKK et \u00e0 la l\u00e9gislation pertinente, ainsi qu&rsquo;\u00e0 la politique de stockage et de destruction de notre entreprise.<\/p>\n<p><\/p>\n<h3><ol start=\"2\"><li><b>\u00c0 qui et \u00e0 quelles fins les donn\u00e9es \u00e0 caract\u00e8re personnel peuvent-elles \u00eatre transf\u00e9r\u00e9es ?<\/b><\/li><\/ol><\/h3>\n<p>Les donn\u00e9es personnelles des personnes concern\u00e9es mentionn\u00e9es dans le premier article de ce texte d&rsquo;information peuvent \u00eatre transf\u00e9r\u00e9es aux institutions et organisations publiques autoris\u00e9es, aux fournisseurs et aux partenaires commerciaux qui fournissent des services dans le cadre des finalit\u00e9s de traitement \u00e9num\u00e9r\u00e9es dans le m\u00eame article et dans le cadre des principes fondamentaux de s\u00e9curit\u00e9 et de confidentialit\u00e9 sp\u00e9cifi\u00e9s dans la KVKK, \u00e0 condition que des mesures suffisantes soient prises.<\/p>\n<p><\/p>\n<h3><ol start=\"3\"><li><b>M\u00e9thode de collecte et base juridique du traitement des donn\u00e9es \u00e0 caract\u00e8re personnel<\/b><\/li><\/ol><\/h3>\n<p>Les donn\u00e9es \u00e0 caract\u00e8re personnel trait\u00e9es au sein de notre soci\u00e9t\u00e9 sur la base des motifs l\u00e9gaux \u00e9nonc\u00e9s \u00e0 l&rsquo;article 5 de la loi sur la protection des donn\u00e9es, y compris \u00ab\u00a0la n\u00e9cessit\u00e9 de traiter les donn\u00e9es \u00e0 caract\u00e8re personnel appartenant aux parties \u00e0 un contrat directement li\u00e9es \u00e0 l&rsquo;\u00e9tablissement ou \u00e0 l&rsquo;ex\u00e9cution d&rsquo;un contrat\u00a0\u00bb, \u00ab\u00a0la n\u00e9cessit\u00e9 de traiter les donn\u00e9es \u00e0 caract\u00e8re personnel pour les int\u00e9r\u00eats l\u00e9gitimes du responsable du traitement, \u00e0 condition que les libert\u00e9s et droits fondamentaux de la personne concern\u00e9e ne soient pas l\u00e9s\u00e9s\u00a0\u00bb, \u00ab\u00a0la n\u00e9cessit\u00e9 de traiter les donn\u00e9es \u00e0 caract\u00e8re personnel pour que le responsable du traitement remplisse son obligation l\u00e9gale\u00a0\u00bb, et, si n\u00e9cessaire, sur la base de motifs l\u00e9gaux de consentement explicite. Les donn\u00e9es personnelles sont collect\u00e9es par le biais de notifications verbales et \u00e9crites faites par les personnes concern\u00e9es \u00e0 notre soci\u00e9t\u00e9, \u00e0 la fois automatiquement et non automatiquement, dans le cadre de ces fondements juridiques et avec les mesures n\u00e9cessaires prises en termes de s\u00e9curit\u00e9 de base et de principes de confidentialit\u00e9 sp\u00e9cifi\u00e9s dans la KVKK.<\/p>\n<p><\/p>\n<h3><ol start=\"4\"><li>Droits de la personne concern\u00e9e en mati\u00e8re de protection des donn\u00e9es \u00e0 caract\u00e8re personnel<\/li><\/ol><\/h3>\n<p>Vous pouvez soumettre vos demandes dans le cadre de l&rsquo;article 11 de la loi sur la protection des donn\u00e9es personnelles \u00e0 notre soci\u00e9t\u00e9 en vous rendant personnellement \u00e0 notre adresse H\u00fcrriyet Mahallesi, Cemil Beng\u00fc Caddesi No:8\/1 Ka\u011f\u0131thane\/\u0130stanbul, en envoyant une lettre recommand\u00e9e par l&rsquo;interm\u00e9diaire d&rsquo;un notaire, ou en utilisant votre adresse individuelle KEP ou votre adresse \u00e9lectronique pr\u00e9c\u00e9demment notifi\u00e9e et enregistr\u00e9e par le syst\u00e8me de notre soci\u00e9t\u00e9, en envoyant un courrier \u00e9lectronique \u00e0 info@tpiexports.com. Notre soci\u00e9t\u00e9 \u00e9valuera et conclura vos demandes dans les plus brefs d\u00e9lais et au plus tard dans les trente jours, conform\u00e9ment au r\u00e8glement sur les proc\u00e9dures d&rsquo;application et les principes du contr\u00f4leur des donn\u00e9es.<\/p>\n<p><\/p>\t\t\t\t\t\t<\/div>\n\t\t\t\t<\/div>\n\t\t\t\t\t<\/div>\n\t\t<\/div>\n\t\t\t\t\t<\/div>\n\t\t<\/section>\n\t\t\t\t<\/div>\n\t\t","protected":false},"excerpt":{"rendered":"<p>NOTE D&rsquo;INFORMATION SUR LA LOI RELATIVE \u00c0 LA PROTECTION DES DONN\u00c9ES PERSONNELLES En tant que Power International Export, op\u00e9rant sous le nom de Elasan Real Estate Consultancy Limited Company, nous souhaitons vous informer des points suivants concernant la protection des donn\u00e9es personnelles que nous traitons en tant que responsable du traitement des donn\u00e9es conform\u00e9ment \u00e0 [&hellip;]<\/p>\n","protected":false},"author":1,"featured_media":0,"parent":0,"menu_order":0,"comment_status":"closed","ping_status":"closed","template":"","meta":{"footnotes":""},"class_list":["post-49097","page","type-page","status-publish","hentry"],"_links":{"self":[{"href":"https:\/\/tpiexports.com\/fr\/wp-json\/wp\/v2\/pages\/49097","targetHints":{"allow":["GET"]}}],"collection":[{"href":"https:\/\/tpiexports.com\/fr\/wp-json\/wp\/v2\/pages"}],"about":[{"href":"https:\/\/tpiexports.com\/fr\/wp-json\/wp\/v2\/types\/page"}],"author":[{"embeddable":true,"href":"https:\/\/tpiexports.com\/fr\/wp-json\/wp\/v2\/users\/1"}],"replies":[{"embeddable":true,"href":"https:\/\/tpiexports.com\/fr\/wp-json\/wp\/v2\/comments?post=49097"}],"version-history":[{"count":0,"href":"https:\/\/tpiexports.com\/fr\/wp-json\/wp\/v2\/pages\/49097\/revisions"}],"wp:attachment":[{"href":"https:\/\/tpiexports.com\/fr\/wp-json\/wp\/v2\/media?parent=49097"}],"curies":[{"name":"wp","href":"https:\/\/api.w.org\/{rel}","templated":true}]}}