{"id":127751,"date":"2024-06-05T18:19:31","date_gmt":"2024-06-05T15:19:31","guid":{"rendered":"https:\/\/tpiexports.com\/product\/evier-en-granit-oulin\/"},"modified":"2024-06-05T18:19:31","modified_gmt":"2024-06-05T15:19:31","slug":"evier-en-granit-oulin","status":"publish","type":"product","link":"https:\/\/tpiexports.com\/fr\/produit\/evier-en-granit-oulin\/","title":{"rendered":"Evier en granit OULIN"},"content":{"rendered":"<ul>\n<li>% 80 Particules de quartz naturel<\/li>\n<li>Surface r\u00e9sistante \u00e0 l&rsquo;\u00e9raflure<\/li>\n<li>Surface sp\u00e9ciale anti-taches<\/li>\n<li>Technologie de surface antibact\u00e9rienne<\/li>\n<li>1 chambre sans compte-gouttes<\/li>\n<li>Dimensions externes 60&#215;49,5<\/li>\n<\/ul>\n","protected":false},"excerpt":{"rendered":"<p>\u00c9vier en granit avec raccord en inox et accessoires chrom\u00e9s<\/p>\n","protected":false},"featured_media":68025,"comment_status":"open","ping_status":"closed","template":"","meta":[],"product_cat":[243],"product_tag":[],"class_list":{"0":"post-127751","1":"product","2":"type-product","3":"status-publish","4":"has-post-thumbnail","6":"product_cat-non-classe","8":"first","9":"instock","10":"sale","11":"taxable","12":"shipping-taxable","13":"purchasable","14":"product-type-variable"},"_links":{"self":[{"href":"https:\/\/tpiexports.com\/fr\/wp-json\/wp\/v2\/product\/127751","targetHints":{"allow":["GET"]}}],"collection":[{"href":"https:\/\/tpiexports.com\/fr\/wp-json\/wp\/v2\/product"}],"about":[{"href":"https:\/\/tpiexports.com\/fr\/wp-json\/wp\/v2\/types\/product"}],"replies":[{"embeddable":true,"href":"https:\/\/tpiexports.com\/fr\/wp-json\/wp\/v2\/comments?post=127751"}],"version-history":[{"count":0,"href":"https:\/\/tpiexports.com\/fr\/wp-json\/wp\/v2\/product\/127751\/revisions"}],"wp:featuredmedia":[{"embeddable":true,"href":"https:\/\/tpiexports.com\/fr\/wp-json\/wp\/v2\/media\/68025"}],"wp:attachment":[{"href":"https:\/\/tpiexports.com\/fr\/wp-json\/wp\/v2\/media?parent=127751"}],"wp:term":[{"taxonomy":"product_cat","embeddable":true,"href":"https:\/\/tpiexports.com\/fr\/wp-json\/wp\/v2\/product_cat?post=127751"},{"taxonomy":"product_tag","embeddable":true,"href":"https:\/\/tpiexports.com\/fr\/wp-json\/wp\/v2\/product_tag?post=127751"}],"curies":[{"name":"wp","href":"https:\/\/api.w.org\/{rel}","templated":true}]}}