{"id":128149,"date":"2024-09-11T11:09:07","date_gmt":"2024-09-11T08:09:07","guid":{"rendered":"https:\/\/tpiexports.com\/product\/placoplatre-vert\/"},"modified":"2024-09-11T11:09:07","modified_gmt":"2024-09-11T08:09:07","slug":"placoplatre-vert","status":"publish","type":"product","link":"https:\/\/tpiexports.com\/fr\/produit\/placoplatre-vert\/","title":{"rendered":"Placopl\u00e2tre vert"},"content":{"rendered":"<p>C&rsquo;est le prix par PCS.<br \/>\nIl s&rsquo;agit d&rsquo;une plaque de pl\u00e2tre de 120 cm de large et de 200 cm de long \u00e0 absorption d&rsquo;eau r\u00e9duite, utilis\u00e9e dans la construction de cloisons, de murs-rideaux et de plafonds suspendus dans des endroits tels que les salles de bains, les toilettes, les cuisines, les salles \u00e0 manger et les greniers. Elle peut \u00eatre expos\u00e9e \u00e0 l&rsquo;humidit\u00e9 pendant un certain temps. <\/p>\n","protected":false},"excerpt":{"rendered":"<p>C&rsquo;est le prix par PCS. Il s&rsquo;agit d&rsquo;une plaque de pl\u00e2tre de 120 cm de large et de 200 cm de long \u00e0 absorption d&rsquo;eau r\u00e9duite, utilis\u00e9e dans la construction de cloisons, de murs-rideaux et de plafonds suspendus dans des endroits tels que les salles de bains, les toilettes, les cuisines, les salles \u00e0 manger [&hellip;]<\/p>\n","protected":false},"featured_media":71199,"comment_status":"open","ping_status":"closed","template":"","meta":[],"product_cat":[243],"product_tag":[],"class_list":{"0":"post-128149","1":"product","2":"type-product","3":"status-publish","4":"has-post-thumbnail","6":"product_cat-non-classe","8":"first","9":"instock","10":"sale","11":"taxable","12":"shipping-taxable","13":"purchasable","14":"product-type-simple"},"_links":{"self":[{"href":"https:\/\/tpiexports.com\/fr\/wp-json\/wp\/v2\/product\/128149","targetHints":{"allow":["GET"]}}],"collection":[{"href":"https:\/\/tpiexports.com\/fr\/wp-json\/wp\/v2\/product"}],"about":[{"href":"https:\/\/tpiexports.com\/fr\/wp-json\/wp\/v2\/types\/product"}],"replies":[{"embeddable":true,"href":"https:\/\/tpiexports.com\/fr\/wp-json\/wp\/v2\/comments?post=128149"}],"version-history":[{"count":0,"href":"https:\/\/tpiexports.com\/fr\/wp-json\/wp\/v2\/product\/128149\/revisions"}],"wp:featuredmedia":[{"embeddable":true,"href":"https:\/\/tpiexports.com\/fr\/wp-json\/wp\/v2\/media\/71199"}],"wp:attachment":[{"href":"https:\/\/tpiexports.com\/fr\/wp-json\/wp\/v2\/media?parent=128149"}],"wp:term":[{"taxonomy":"product_cat","embeddable":true,"href":"https:\/\/tpiexports.com\/fr\/wp-json\/wp\/v2\/product_cat?post=128149"},{"taxonomy":"product_tag","embeddable":true,"href":"https:\/\/tpiexports.com\/fr\/wp-json\/wp\/v2\/product_tag?post=128149"}],"curies":[{"name":"wp","href":"https:\/\/api.w.org\/{rel}","templated":true}]}}