{"id":128157,"date":"2024-09-11T11:09:11","date_gmt":"2024-09-11T08:09:11","guid":{"rendered":"https:\/\/tpiexports.com\/product\/satintek\/"},"modified":"2024-09-11T11:09:11","modified_gmt":"2024-09-11T08:09:11","slug":"satintek","status":"publish","type":"product","link":"https:\/\/tpiexports.com\/fr\/produit\/satintek\/","title":{"rendered":"Satintek"},"content":{"rendered":"<p>C&rsquo;est le prix par PCS.<br \/>\nIl s&rsquo;agit d&rsquo;un enduit de finition sous peinture avec des propri\u00e9t\u00e9s d&rsquo;adh\u00e9rence \u00e9lev\u00e9es. Il peut \u00eatre appliqu\u00e9 aussi bien sur les surfaces SIVATEK que sur les surfaces COREX. Il est pr\u00e9sent\u00e9 dans un sac kraft sp\u00e9cial de 15 kg.  <\/p>\n","protected":false},"excerpt":{"rendered":"<p>C&rsquo;est le prix par PCS. Il s&rsquo;agit d&rsquo;un enduit de finition sous peinture avec des propri\u00e9t\u00e9s d&rsquo;adh\u00e9rence \u00e9lev\u00e9es. Il peut \u00eatre appliqu\u00e9 aussi bien sur les surfaces SIVATEK que sur les surfaces COREX. Il est pr\u00e9sent\u00e9 dans un sac kraft sp\u00e9cial de 15 kg.<\/p>\n","protected":false},"featured_media":71207,"comment_status":"open","ping_status":"closed","template":"","meta":[],"product_cat":[243],"product_tag":[],"class_list":{"0":"post-128157","1":"product","2":"type-product","3":"status-publish","4":"has-post-thumbnail","6":"product_cat-non-classe","8":"first","9":"instock","10":"sale","11":"taxable","12":"shipping-taxable","13":"purchasable","14":"product-type-simple"},"_links":{"self":[{"href":"https:\/\/tpiexports.com\/fr\/wp-json\/wp\/v2\/product\/128157","targetHints":{"allow":["GET"]}}],"collection":[{"href":"https:\/\/tpiexports.com\/fr\/wp-json\/wp\/v2\/product"}],"about":[{"href":"https:\/\/tpiexports.com\/fr\/wp-json\/wp\/v2\/types\/product"}],"replies":[{"embeddable":true,"href":"https:\/\/tpiexports.com\/fr\/wp-json\/wp\/v2\/comments?post=128157"}],"version-history":[{"count":0,"href":"https:\/\/tpiexports.com\/fr\/wp-json\/wp\/v2\/product\/128157\/revisions"}],"wp:featuredmedia":[{"embeddable":true,"href":"https:\/\/tpiexports.com\/fr\/wp-json\/wp\/v2\/media\/71207"}],"wp:attachment":[{"href":"https:\/\/tpiexports.com\/fr\/wp-json\/wp\/v2\/media?parent=128157"}],"wp:term":[{"taxonomy":"product_cat","embeddable":true,"href":"https:\/\/tpiexports.com\/fr\/wp-json\/wp\/v2\/product_cat?post=128157"},{"taxonomy":"product_tag","embeddable":true,"href":"https:\/\/tpiexports.com\/fr\/wp-json\/wp\/v2\/product_tag?post=128157"}],"curies":[{"name":"wp","href":"https:\/\/api.w.org\/{rel}","templated":true}]}}