{"id":128160,"date":"2024-09-11T11:09:17","date_gmt":"2024-09-11T08:09:17","guid":{"rendered":"https:\/\/tpiexports.com\/product\/alcitek-toro\/"},"modified":"2024-09-11T11:09:17","modified_gmt":"2024-09-11T08:09:17","slug":"alcitek-toro","status":"publish","type":"product","link":"https:\/\/tpiexports.com\/fr\/produit\/alcitek-toro\/","title":{"rendered":"AL\u00c7ITEK TORO"},"content":{"rendered":"<p>Il s&rsquo;agit du prix par tonne.<br \/>\nAL\u00c7ITEK TORO est un pl\u00e2tre en sac, \u00e0 base de gypse, pr\u00eat \u00e0 l&#8217;emploi, destin\u00e9 aux machines. Brique, b\u00e9ton, b\u00e9ton brut, b\u00e9ton cellulaire, bloc de pierre ponce, etc. Il est appliqu\u00e9 directement sur les mat\u00e9riaux. On utilise environ 10 kg\/m2 pour 1 cm d&rsquo;\u00e9paisseur.   <\/p>\n","protected":false},"excerpt":{"rendered":"<p>Il s&rsquo;agit du prix par tonne. AL\u00c7ITEK TORO est un pl\u00e2tre en sac, \u00e0 base de gypse, pr\u00eat \u00e0 l&#8217;emploi, destin\u00e9 aux machines. Brique, b\u00e9ton, b\u00e9ton brut, b\u00e9ton cellulaire, bloc de pierre ponce, etc. Il est appliqu\u00e9 directement sur les mat\u00e9riaux. On utilise environ 10 kg\/m2 pour 1 cm d&rsquo;\u00e9paisseur.<\/p>\n","protected":false},"featured_media":71221,"comment_status":"open","ping_status":"closed","template":"","meta":[],"product_cat":[156],"product_tag":[],"class_list":{"0":"post-128160","1":"product","2":"type-product","3":"status-publish","4":"has-post-thumbnail","6":"product_cat-uncategorized","8":"first","9":"instock","10":"sale","11":"taxable","12":"shipping-taxable","13":"purchasable","14":"product-type-simple"},"_links":{"self":[{"href":"https:\/\/tpiexports.com\/fr\/wp-json\/wp\/v2\/product\/128160","targetHints":{"allow":["GET"]}}],"collection":[{"href":"https:\/\/tpiexports.com\/fr\/wp-json\/wp\/v2\/product"}],"about":[{"href":"https:\/\/tpiexports.com\/fr\/wp-json\/wp\/v2\/types\/product"}],"replies":[{"embeddable":true,"href":"https:\/\/tpiexports.com\/fr\/wp-json\/wp\/v2\/comments?post=128160"}],"version-history":[{"count":0,"href":"https:\/\/tpiexports.com\/fr\/wp-json\/wp\/v2\/product\/128160\/revisions"}],"wp:featuredmedia":[{"embeddable":true,"href":"https:\/\/tpiexports.com\/fr\/wp-json\/wp\/v2\/media\/71221"}],"wp:attachment":[{"href":"https:\/\/tpiexports.com\/fr\/wp-json\/wp\/v2\/media?parent=128160"}],"wp:term":[{"taxonomy":"product_cat","embeddable":true,"href":"https:\/\/tpiexports.com\/fr\/wp-json\/wp\/v2\/product_cat?post=128160"},{"taxonomy":"product_tag","embeddable":true,"href":"https:\/\/tpiexports.com\/fr\/wp-json\/wp\/v2\/product_tag?post=128160"}],"curies":[{"name":"wp","href":"https:\/\/api.w.org\/{rel}","templated":true}]}}