{"id":128161,"date":"2024-09-11T11:09:13","date_gmt":"2024-09-11T08:09:13","guid":{"rendered":"https:\/\/tpiexports.com\/product\/derztek\/"},"modified":"2024-09-11T11:09:13","modified_gmt":"2024-09-11T08:09:13","slug":"derztek","status":"publish","type":"product","link":"https:\/\/tpiexports.com\/fr\/produit\/derztek\/","title":{"rendered":"Derztek"},"content":{"rendered":"<p>C&rsquo;est le prix par PCS.<br \/>\nIl s&rsquo;agit d&rsquo;un pl\u00e2tre de remplissage de joints utilis\u00e9 dans les joints COREX avec de la fibre de verre auto-adh\u00e9sive ou une bande de joint en papier. Il est conditionn\u00e9 dans un sac kraft sp\u00e9cial de 15 kg. <\/p>\n","protected":false},"excerpt":{"rendered":"<p>C&rsquo;est le prix par PCS. Il s&rsquo;agit d&rsquo;un pl\u00e2tre de remplissage de joints utilis\u00e9 dans les joints COREX avec de la fibre de verre auto-adh\u00e9sive ou une bande de joint en papier. Il est conditionn\u00e9 dans un sac kraft sp\u00e9cial de 15 kg.<\/p>\n","protected":false},"featured_media":71210,"comment_status":"open","ping_status":"closed","template":"","meta":[],"product_cat":[156],"product_tag":[],"class_list":{"0":"post-128161","1":"product","2":"type-product","3":"status-publish","4":"has-post-thumbnail","6":"product_cat-uncategorized","8":"first","9":"instock","10":"sale","11":"taxable","12":"shipping-taxable","13":"purchasable","14":"product-type-simple"},"_links":{"self":[{"href":"https:\/\/tpiexports.com\/fr\/wp-json\/wp\/v2\/product\/128161","targetHints":{"allow":["GET"]}}],"collection":[{"href":"https:\/\/tpiexports.com\/fr\/wp-json\/wp\/v2\/product"}],"about":[{"href":"https:\/\/tpiexports.com\/fr\/wp-json\/wp\/v2\/types\/product"}],"replies":[{"embeddable":true,"href":"https:\/\/tpiexports.com\/fr\/wp-json\/wp\/v2\/comments?post=128161"}],"version-history":[{"count":0,"href":"https:\/\/tpiexports.com\/fr\/wp-json\/wp\/v2\/product\/128161\/revisions"}],"wp:featuredmedia":[{"embeddable":true,"href":"https:\/\/tpiexports.com\/fr\/wp-json\/wp\/v2\/media\/71210"}],"wp:attachment":[{"href":"https:\/\/tpiexports.com\/fr\/wp-json\/wp\/v2\/media?parent=128161"}],"wp:term":[{"taxonomy":"product_cat","embeddable":true,"href":"https:\/\/tpiexports.com\/fr\/wp-json\/wp\/v2\/product_cat?post=128161"},{"taxonomy":"product_tag","embeddable":true,"href":"https:\/\/tpiexports.com\/fr\/wp-json\/wp\/v2\/product_tag?post=128161"}],"curies":[{"name":"wp","href":"https:\/\/api.w.org\/{rel}","templated":true}]}}