{"id":128164,"date":"2024-09-11T11:09:19","date_gmt":"2024-09-11T08:09:19","guid":{"rendered":"https:\/\/tpiexports.com\/product\/alcitek-gold\/"},"modified":"2024-09-11T11:09:19","modified_gmt":"2024-09-11T08:09:19","slug":"alcitek-gold","status":"publish","type":"product","link":"https:\/\/tpiexports.com\/fr\/produit\/alcitek-gold\/","title":{"rendered":"AL\u00c7ITEK GOLD"},"content":{"rendered":"<p>C&rsquo;est le prix par tonne.<br \/>\nAvec AL\u00c7ITEK GOLD, on utilise moins de mat\u00e9riel pour le m\u00eame m\u00e8tre carr\u00e9. Il s&rsquo;agit d&rsquo;un enduit en sac, \u00e0 base de gypse, pr\u00eat \u00e0 l&#8217;emploi, appliqu\u00e9 \u00e0 la machine. Brique, b\u00e9ton, b\u00e9ton brut, b\u00e9ton cellulaire, bloc de pierre ponce, etc. Il est appliqu\u00e9 directement sur les mat\u00e9riaux. On utilise environ 7,5 kg\/m2 pour 1 cm d&rsquo;\u00e9paisseur.    <\/p>\n","protected":false},"excerpt":{"rendered":"<p>C&rsquo;est le prix par tonne. Avec AL\u00c7ITEK GOLD, on utilise moins de mat\u00e9riel pour le m\u00eame m\u00e8tre carr\u00e9. Il s&rsquo;agit d&rsquo;un enduit en sac, \u00e0 base de gypse, pr\u00eat \u00e0 l&#8217;emploi, appliqu\u00e9 \u00e0 la machine. Brique, b\u00e9ton, b\u00e9ton brut, b\u00e9ton cellulaire, bloc de pierre ponce, etc. Il est appliqu\u00e9 directement sur les mat\u00e9riaux. On utilise [&hellip;]<\/p>\n","protected":false},"featured_media":71224,"comment_status":"open","ping_status":"closed","template":"","meta":[],"product_cat":[156],"product_tag":[],"class_list":{"0":"post-128164","1":"product","2":"type-product","3":"status-publish","4":"has-post-thumbnail","6":"product_cat-uncategorized","8":"first","9":"instock","10":"sale","11":"taxable","12":"shipping-taxable","13":"purchasable","14":"product-type-simple"},"_links":{"self":[{"href":"https:\/\/tpiexports.com\/fr\/wp-json\/wp\/v2\/product\/128164","targetHints":{"allow":["GET"]}}],"collection":[{"href":"https:\/\/tpiexports.com\/fr\/wp-json\/wp\/v2\/product"}],"about":[{"href":"https:\/\/tpiexports.com\/fr\/wp-json\/wp\/v2\/types\/product"}],"replies":[{"embeddable":true,"href":"https:\/\/tpiexports.com\/fr\/wp-json\/wp\/v2\/comments?post=128164"}],"version-history":[{"count":0,"href":"https:\/\/tpiexports.com\/fr\/wp-json\/wp\/v2\/product\/128164\/revisions"}],"wp:featuredmedia":[{"embeddable":true,"href":"https:\/\/tpiexports.com\/fr\/wp-json\/wp\/v2\/media\/71224"}],"wp:attachment":[{"href":"https:\/\/tpiexports.com\/fr\/wp-json\/wp\/v2\/media?parent=128164"}],"wp:term":[{"taxonomy":"product_cat","embeddable":true,"href":"https:\/\/tpiexports.com\/fr\/wp-json\/wp\/v2\/product_cat?post=128164"},{"taxonomy":"product_tag","embeddable":true,"href":"https:\/\/tpiexports.com\/fr\/wp-json\/wp\/v2\/product_tag?post=128164"}],"curies":[{"name":"wp","href":"https:\/\/api.w.org\/{rel}","templated":true}]}}