{"id":128167,"date":"2024-09-11T11:09:21","date_gmt":"2024-09-11T08:09:21","guid":{"rendered":"https:\/\/tpiexports.com\/product\/sivatek\/"},"modified":"2024-09-11T11:09:21","modified_gmt":"2024-09-11T08:09:21","slug":"sivatek","status":"publish","type":"product","link":"https:\/\/tpiexports.com\/fr\/produit\/sivatek\/","title":{"rendered":"SIVATEK"},"content":{"rendered":"<p>Il s&rsquo;agit du prix par tonne.<br \/>\nBrique, b\u00e9ton, b\u00e9ton brut, b\u00e9ton cellulaire, bloc de pierre ponce, etc. Il s&rsquo;agit d&rsquo;un enduit manuel pr\u00eat \u00e0 l&#8217;emploi \u00e0 base de gypse et de perlite, ensach\u00e9, qui peut \u00eatre appliqu\u00e9 directement sur les mat\u00e9riaux. Environ 8,5 kg\/m2 sont utilis\u00e9s pour 1 cm d&rsquo;\u00e9paisseur.  <\/p>\n","protected":false},"excerpt":{"rendered":"<p>Il s&rsquo;agit du prix par tonne. Brique, b\u00e9ton, b\u00e9ton brut, b\u00e9ton cellulaire, bloc de pierre ponce, etc. Il s&rsquo;agit d&rsquo;un enduit manuel pr\u00eat \u00e0 l&#8217;emploi \u00e0 base de gypse et de perlite, ensach\u00e9, qui peut \u00eatre appliqu\u00e9 directement sur les mat\u00e9riaux. Environ 8,5 kg\/m2 sont utilis\u00e9s pour 1 cm d&rsquo;\u00e9paisseur.<\/p>\n","protected":false},"featured_media":71229,"comment_status":"open","ping_status":"closed","template":"","meta":[],"product_cat":[243],"product_tag":[],"class_list":{"0":"post-128167","1":"product","2":"type-product","3":"status-publish","4":"has-post-thumbnail","6":"product_cat-non-classe","8":"first","9":"instock","10":"sale","11":"taxable","12":"shipping-taxable","13":"purchasable","14":"product-type-simple"},"_links":{"self":[{"href":"https:\/\/tpiexports.com\/fr\/wp-json\/wp\/v2\/product\/128167","targetHints":{"allow":["GET"]}}],"collection":[{"href":"https:\/\/tpiexports.com\/fr\/wp-json\/wp\/v2\/product"}],"about":[{"href":"https:\/\/tpiexports.com\/fr\/wp-json\/wp\/v2\/types\/product"}],"replies":[{"embeddable":true,"href":"https:\/\/tpiexports.com\/fr\/wp-json\/wp\/v2\/comments?post=128167"}],"version-history":[{"count":0,"href":"https:\/\/tpiexports.com\/fr\/wp-json\/wp\/v2\/product\/128167\/revisions"}],"wp:featuredmedia":[{"embeddable":true,"href":"https:\/\/tpiexports.com\/fr\/wp-json\/wp\/v2\/media\/71229"}],"wp:attachment":[{"href":"https:\/\/tpiexports.com\/fr\/wp-json\/wp\/v2\/media?parent=128167"}],"wp:term":[{"taxonomy":"product_cat","embeddable":true,"href":"https:\/\/tpiexports.com\/fr\/wp-json\/wp\/v2\/product_cat?post=128167"},{"taxonomy":"product_tag","embeddable":true,"href":"https:\/\/tpiexports.com\/fr\/wp-json\/wp\/v2\/product_tag?post=128167"}],"curies":[{"name":"wp","href":"https:\/\/api.w.org\/{rel}","templated":true}]}}