{"id":128170,"date":"2024-09-11T11:09:39","date_gmt":"2024-09-11T08:09:39","guid":{"rendered":"https:\/\/tpiexports.com\/product\/adertek\/"},"modified":"2024-09-11T11:09:39","modified_gmt":"2024-09-11T08:09:39","slug":"adertek","status":"publish","type":"product","link":"https:\/\/tpiexports.com\/fr\/produit\/adertek\/","title":{"rendered":"ADERTEK"},"content":{"rendered":"<p>C&rsquo;est le prix par tonne.<br \/>\nCOREX, EPS (polystyr\u00e8ne expans\u00e9), XPS (polystyr\u00e8ne extrud\u00e9), laines min\u00e9rales et panneaux composites isol\u00e9s ; brique, b\u00e9ton, b\u00e9ton brut, b\u00e9ton cellulaire, bimsblok, etc. Il s&rsquo;agit d&rsquo;un enduit de construction utilis\u00e9 pour l&rsquo;adh\u00e9rence aux surfaces. La consommation varie en fonction de la surface murale \u00e0 appliquer.  <\/p>\n","protected":false},"excerpt":{"rendered":"<p>C&rsquo;est le prix par tonne. COREX, EPS (polystyr\u00e8ne expans\u00e9), XPS (polystyr\u00e8ne extrud\u00e9), laines min\u00e9rales et panneaux composites isol\u00e9s ; brique, b\u00e9ton, b\u00e9ton brut, b\u00e9ton cellulaire, bimsblok, etc. Il s&rsquo;agit d&rsquo;un enduit de construction utilis\u00e9 pour l&rsquo;adh\u00e9rence aux surfaces. La consommation varie en fonction de la surface murale \u00e0 appliquer.<\/p>\n","protected":false},"featured_media":71241,"comment_status":"open","ping_status":"closed","template":"","meta":[],"product_cat":[243],"product_tag":[],"class_list":{"0":"post-128170","1":"product","2":"type-product","3":"status-publish","4":"has-post-thumbnail","6":"product_cat-non-classe","8":"first","9":"instock","10":"sale","11":"taxable","12":"shipping-taxable","13":"purchasable","14":"product-type-simple"},"_links":{"self":[{"href":"https:\/\/tpiexports.com\/fr\/wp-json\/wp\/v2\/product\/128170","targetHints":{"allow":["GET"]}}],"collection":[{"href":"https:\/\/tpiexports.com\/fr\/wp-json\/wp\/v2\/product"}],"about":[{"href":"https:\/\/tpiexports.com\/fr\/wp-json\/wp\/v2\/types\/product"}],"replies":[{"embeddable":true,"href":"https:\/\/tpiexports.com\/fr\/wp-json\/wp\/v2\/comments?post=128170"}],"version-history":[{"count":0,"href":"https:\/\/tpiexports.com\/fr\/wp-json\/wp\/v2\/product\/128170\/revisions"}],"wp:featuredmedia":[{"embeddable":true,"href":"https:\/\/tpiexports.com\/fr\/wp-json\/wp\/v2\/media\/71241"}],"wp:attachment":[{"href":"https:\/\/tpiexports.com\/fr\/wp-json\/wp\/v2\/media?parent=128170"}],"wp:term":[{"taxonomy":"product_cat","embeddable":true,"href":"https:\/\/tpiexports.com\/fr\/wp-json\/wp\/v2\/product_cat?post=128170"},{"taxonomy":"product_tag","embeddable":true,"href":"https:\/\/tpiexports.com\/fr\/wp-json\/wp\/v2\/product_tag?post=128170"}],"curies":[{"name":"wp","href":"https:\/\/api.w.org\/{rel}","templated":true}]}}