{"id":128171,"date":"2024-09-11T11:09:23","date_gmt":"2024-09-11T08:09:23","guid":{"rendered":"https:\/\/tpiexports.com\/product\/sontek\/"},"modified":"2024-09-11T11:09:23","modified_gmt":"2024-09-11T08:09:23","slug":"sontek","status":"publish","type":"product","link":"https:\/\/tpiexports.com\/fr\/produit\/sontek\/","title":{"rendered":"SONTEK"},"content":{"rendered":"<p>Il s&rsquo;agit du prix par tonne.<br \/>\nSONTEK est un enduit de finition pr\u00eat \u00e0 l&#8217;emploi \u00e0 base de gypse, ensach\u00e9, qui peut \u00eatre appliqu\u00e9 sur des surfaces o\u00f9 du pl\u00e2tre m\u00e9canique, du pl\u00e2tre manuel, du pl\u00e2tre noir ou des plaques de pl\u00e2tre ont \u00e9t\u00e9 appliqu\u00e9s. Environ 1,1 kg\/m2 est utilis\u00e9 pour chaque 1 mm d&rsquo;\u00e9paisseur. <\/p>\n","protected":false},"excerpt":{"rendered":"<p>Il s&rsquo;agit du prix par tonne. SONTEK est un enduit de finition pr\u00eat \u00e0 l&#8217;emploi \u00e0 base de gypse, ensach\u00e9, qui peut \u00eatre appliqu\u00e9 sur des surfaces o\u00f9 du pl\u00e2tre m\u00e9canique, du pl\u00e2tre manuel, du pl\u00e2tre noir ou des plaques de pl\u00e2tre ont \u00e9t\u00e9 appliqu\u00e9s. Environ 1,1 kg\/m2 est utilis\u00e9 pour chaque 1 mm d&rsquo;\u00e9paisseur.<\/p>\n","protected":false},"featured_media":71233,"comment_status":"open","ping_status":"closed","template":"","meta":[],"product_cat":[156],"product_tag":[],"class_list":{"0":"post-128171","1":"product","2":"type-product","3":"status-publish","4":"has-post-thumbnail","6":"product_cat-uncategorized","8":"first","9":"instock","10":"sale","11":"taxable","12":"shipping-taxable","13":"purchasable","14":"product-type-simple"},"_links":{"self":[{"href":"https:\/\/tpiexports.com\/fr\/wp-json\/wp\/v2\/product\/128171","targetHints":{"allow":["GET"]}}],"collection":[{"href":"https:\/\/tpiexports.com\/fr\/wp-json\/wp\/v2\/product"}],"about":[{"href":"https:\/\/tpiexports.com\/fr\/wp-json\/wp\/v2\/types\/product"}],"replies":[{"embeddable":true,"href":"https:\/\/tpiexports.com\/fr\/wp-json\/wp\/v2\/comments?post=128171"}],"version-history":[{"count":0,"href":"https:\/\/tpiexports.com\/fr\/wp-json\/wp\/v2\/product\/128171\/revisions"}],"wp:featuredmedia":[{"embeddable":true,"href":"https:\/\/tpiexports.com\/fr\/wp-json\/wp\/v2\/media\/71233"}],"wp:attachment":[{"href":"https:\/\/tpiexports.com\/fr\/wp-json\/wp\/v2\/media?parent=128171"}],"wp:term":[{"taxonomy":"product_cat","embeddable":true,"href":"https:\/\/tpiexports.com\/fr\/wp-json\/wp\/v2\/product_cat?post=128171"},{"taxonomy":"product_tag","embeddable":true,"href":"https:\/\/tpiexports.com\/fr\/wp-json\/wp\/v2\/product_tag?post=128171"}],"curies":[{"name":"wp","href":"https:\/\/api.w.org\/{rel}","templated":true}]}}