{"id":128174,"date":"2024-09-11T11:09:42","date_gmt":"2024-09-11T08:09:42","guid":{"rendered":"https:\/\/tpiexports.com\/product\/astartek\/"},"modified":"2024-09-11T11:09:42","modified_gmt":"2024-09-11T08:09:42","slug":"astartek","status":"publish","type":"product","link":"https:\/\/tpiexports.com\/fr\/produit\/astartek\/","title":{"rendered":"ASTARTEK"},"content":{"rendered":"<p>C&rsquo;est le prix par seau.<br \/>\nIl augmente l&rsquo;adh\u00e9rence du pl\u00e2tre sur les murs et les plafonds avant d&rsquo;appliquer AL\u00c7ITEK ou SIVATEK sur les surfaces de b\u00e9ton expos\u00e9es. Il est utilis\u00e9 \u00e0 l&rsquo;int\u00e9rieur. En fonction du pouvoir absorbant de la surface \u00e0 appliquer, sa consommation approximative est comprise entre 0,150 et 0,250 kg\/m2.  <\/p>\n","protected":false},"excerpt":{"rendered":"<p>C&rsquo;est le prix par seau. Il augmente l&rsquo;adh\u00e9rence du pl\u00e2tre sur les murs et les plafonds avant d&rsquo;appliquer AL\u00c7ITEK ou SIVATEK sur les surfaces de b\u00e9ton expos\u00e9es. Il est utilis\u00e9 \u00e0 l&rsquo;int\u00e9rieur. En fonction du pouvoir absorbant de la surface \u00e0 appliquer, sa consommation approximative est comprise entre 0,150 et 0,250 kg\/m2.<\/p>\n","protected":false},"featured_media":0,"comment_status":"open","ping_status":"closed","template":"","meta":[],"product_cat":[243],"product_tag":[],"class_list":{"0":"post-128174","1":"product","2":"type-product","3":"status-publish","5":"product_cat-non-classe","7":"first","8":"instock","9":"sale","10":"taxable","11":"shipping-taxable","12":"purchasable","13":"product-type-simple"},"_links":{"self":[{"href":"https:\/\/tpiexports.com\/fr\/wp-json\/wp\/v2\/product\/128174","targetHints":{"allow":["GET"]}}],"collection":[{"href":"https:\/\/tpiexports.com\/fr\/wp-json\/wp\/v2\/product"}],"about":[{"href":"https:\/\/tpiexports.com\/fr\/wp-json\/wp\/v2\/types\/product"}],"replies":[{"embeddable":true,"href":"https:\/\/tpiexports.com\/fr\/wp-json\/wp\/v2\/comments?post=128174"}],"version-history":[{"count":0,"href":"https:\/\/tpiexports.com\/fr\/wp-json\/wp\/v2\/product\/128174\/revisions"}],"wp:attachment":[{"href":"https:\/\/tpiexports.com\/fr\/wp-json\/wp\/v2\/media?parent=128174"}],"wp:term":[{"taxonomy":"product_cat","embeddable":true,"href":"https:\/\/tpiexports.com\/fr\/wp-json\/wp\/v2\/product_cat?post=128174"},{"taxonomy":"product_tag","embeddable":true,"href":"https:\/\/tpiexports.com\/fr\/wp-json\/wp\/v2\/product_tag?post=128174"}],"curies":[{"name":"wp","href":"https:\/\/api.w.org\/{rel}","templated":true}]}}