{"id":128175,"date":"2024-09-11T11:09:36","date_gmt":"2024-09-11T08:09:36","guid":{"rendered":"https:\/\/tpiexports.com\/product\/kartek\/"},"modified":"2024-09-11T11:09:36","modified_gmt":"2024-09-11T08:09:36","slug":"kartek","status":"publish","type":"product","link":"https:\/\/tpiexports.com\/fr\/produit\/kartek\/","title":{"rendered":"KARTEK"},"content":{"rendered":"<p>Il s&rsquo;agit du prix par tonne.<br \/>\nIl s&rsquo;agit d&rsquo;un pl\u00e2tre de construction utilis\u00e9 dans la production et l&rsquo;assemblage de mat\u00e9riaux d\u00e9coratifs tels que les plaques de pl\u00e2tre, les noyaux, les niches, les appliques et les sculptures.<\/p>\n","protected":false},"excerpt":{"rendered":"<p>Il s&rsquo;agit du prix par tonne. Il s&rsquo;agit d&rsquo;un pl\u00e2tre de construction utilis\u00e9 dans la production et l&rsquo;assemblage de mat\u00e9riaux d\u00e9coratifs tels que les plaques de pl\u00e2tre, les noyaux, les niches, les appliques et les sculptures.<\/p>\n","protected":false},"featured_media":71237,"comment_status":"open","ping_status":"closed","template":"","meta":[],"product_cat":[243],"product_tag":[],"class_list":{"0":"post-128175","1":"product","2":"type-product","3":"status-publish","4":"has-post-thumbnail","6":"product_cat-non-classe","8":"first","9":"instock","10":"sale","11":"taxable","12":"shipping-taxable","13":"purchasable","14":"product-type-simple"},"_links":{"self":[{"href":"https:\/\/tpiexports.com\/fr\/wp-json\/wp\/v2\/product\/128175","targetHints":{"allow":["GET"]}}],"collection":[{"href":"https:\/\/tpiexports.com\/fr\/wp-json\/wp\/v2\/product"}],"about":[{"href":"https:\/\/tpiexports.com\/fr\/wp-json\/wp\/v2\/types\/product"}],"replies":[{"embeddable":true,"href":"https:\/\/tpiexports.com\/fr\/wp-json\/wp\/v2\/comments?post=128175"}],"version-history":[{"count":0,"href":"https:\/\/tpiexports.com\/fr\/wp-json\/wp\/v2\/product\/128175\/revisions"}],"wp:featuredmedia":[{"embeddable":true,"href":"https:\/\/tpiexports.com\/fr\/wp-json\/wp\/v2\/media\/71237"}],"wp:attachment":[{"href":"https:\/\/tpiexports.com\/fr\/wp-json\/wp\/v2\/media?parent=128175"}],"wp:term":[{"taxonomy":"product_cat","embeddable":true,"href":"https:\/\/tpiexports.com\/fr\/wp-json\/wp\/v2\/product_cat?post=128175"},{"taxonomy":"product_tag","embeddable":true,"href":"https:\/\/tpiexports.com\/fr\/wp-json\/wp\/v2\/product_tag?post=128175"}],"curies":[{"name":"wp","href":"https:\/\/api.w.org\/{rel}","templated":true}]}}