{"id":128177,"date":"2024-09-11T11:09:45","date_gmt":"2024-09-11T08:09:45","guid":{"rendered":"https:\/\/tpiexports.com\/product\/probase-matic\/"},"modified":"2024-09-11T11:09:45","modified_gmt":"2024-09-11T08:09:45","slug":"probase-matic","status":"publish","type":"product","link":"https:\/\/tpiexports.com\/fr\/produit\/probase-matic\/","title":{"rendered":"PROBASE MATIC"},"content":{"rendered":"<p>Il s&rsquo;agit du prix par tonne.<br \/>\nIl s&rsquo;agit d&rsquo;un enduit pr\u00eat \u00e0 l&#8217;emploi \u00e0 base de ciment qui est appliqu\u00e9 par pulv\u00e9risation m\u00e9canique sur des surfaces de murs et de plafonds telles que la brique, le b\u00e9ton cellulaire, le b\u00e9ton apparent et le bloc de pierre ponce \u00e0 l&rsquo;int\u00e9rieur et \u00e0 l&rsquo;ext\u00e9rieur. Environ 14 kg\/m2 sont utilis\u00e9s pour 1 cm d&rsquo;\u00e9paisseur. <\/p>\n","protected":false},"excerpt":{"rendered":"<p>Il s&rsquo;agit du prix par tonne. Il s&rsquo;agit d&rsquo;un enduit pr\u00eat \u00e0 l&#8217;emploi \u00e0 base de ciment qui est appliqu\u00e9 par pulv\u00e9risation m\u00e9canique sur des surfaces de murs et de plafonds telles que la brique, le b\u00e9ton cellulaire, le b\u00e9ton apparent et le bloc de pierre ponce \u00e0 l&rsquo;int\u00e9rieur et \u00e0 l&rsquo;ext\u00e9rieur. Environ 14 kg\/m2 [&hellip;]<\/p>\n","protected":false},"featured_media":71245,"comment_status":"open","ping_status":"closed","template":"","meta":[],"product_cat":[243],"product_tag":[],"class_list":{"0":"post-128177","1":"product","2":"type-product","3":"status-publish","4":"has-post-thumbnail","6":"product_cat-non-classe","8":"first","9":"instock","10":"sale","11":"taxable","12":"shipping-taxable","13":"purchasable","14":"product-type-simple"},"_links":{"self":[{"href":"https:\/\/tpiexports.com\/fr\/wp-json\/wp\/v2\/product\/128177","targetHints":{"allow":["GET"]}}],"collection":[{"href":"https:\/\/tpiexports.com\/fr\/wp-json\/wp\/v2\/product"}],"about":[{"href":"https:\/\/tpiexports.com\/fr\/wp-json\/wp\/v2\/types\/product"}],"replies":[{"embeddable":true,"href":"https:\/\/tpiexports.com\/fr\/wp-json\/wp\/v2\/comments?post=128177"}],"version-history":[{"count":0,"href":"https:\/\/tpiexports.com\/fr\/wp-json\/wp\/v2\/product\/128177\/revisions"}],"wp:featuredmedia":[{"embeddable":true,"href":"https:\/\/tpiexports.com\/fr\/wp-json\/wp\/v2\/media\/71245"}],"wp:attachment":[{"href":"https:\/\/tpiexports.com\/fr\/wp-json\/wp\/v2\/media?parent=128177"}],"wp:term":[{"taxonomy":"product_cat","embeddable":true,"href":"https:\/\/tpiexports.com\/fr\/wp-json\/wp\/v2\/product_cat?post=128177"},{"taxonomy":"product_tag","embeddable":true,"href":"https:\/\/tpiexports.com\/fr\/wp-json\/wp\/v2\/product_tag?post=128177"}],"curies":[{"name":"wp","href":"https:\/\/api.w.org\/{rel}","templated":true}]}}