{"id":128180,"date":"2024-09-11T11:10:08","date_gmt":"2024-09-11T08:10:08","guid":{"rendered":"https:\/\/tpiexports.com\/product\/mineral-probase\/"},"modified":"2024-09-11T11:10:08","modified_gmt":"2024-09-11T08:10:08","slug":"mineral-probase","status":"publish","type":"product","link":"https:\/\/tpiexports.com\/fr\/produit\/mineral-probase\/","title":{"rendered":"MIN\u00c9RAL PROBASE"},"content":{"rendered":"<p>C&rsquo;est le prix par tonne.<br \/>\nIl s&rsquo;agit d&rsquo;un rev\u00eatement de fa\u00e7ade d\u00e9coratif de derni\u00e8re couche avec une texture de grain min\u00e9ral inf\u00e9rieure \u00e0 2 mm, \u00e0 base de ciment blanc, monocomposant, additionn\u00e9 de polym\u00e8re PROBASE, qui peut \u00eatre appliqu\u00e9 \u00e0 la truelle, et est utilis\u00e9 comme rev\u00eatement d\u00e9coratif de derni\u00e8re couche sur PROBASE RENDER dans les syst\u00e8mes de bardage et sur les panneaux ext\u00e9rieurs.<\/p>\n","protected":false},"excerpt":{"rendered":"<p>C&rsquo;est le prix par tonne. Il s&rsquo;agit d&rsquo;un rev\u00eatement de fa\u00e7ade d\u00e9coratif de derni\u00e8re couche avec une texture de grain min\u00e9ral inf\u00e9rieure \u00e0 2 mm, \u00e0 base de ciment blanc, monocomposant, additionn\u00e9 de polym\u00e8re PROBASE, qui peut \u00eatre appliqu\u00e9 \u00e0 la truelle, et est utilis\u00e9 comme rev\u00eatement d\u00e9coratif de derni\u00e8re couche sur PROBASE RENDER dans [&hellip;]<\/p>\n","protected":false},"featured_media":71257,"comment_status":"open","ping_status":"closed","template":"","meta":[],"product_cat":[243],"product_tag":[],"class_list":{"0":"post-128180","1":"product","2":"type-product","3":"status-publish","4":"has-post-thumbnail","6":"product_cat-non-classe","8":"first","9":"instock","10":"sale","11":"taxable","12":"shipping-taxable","13":"purchasable","14":"product-type-simple"},"_links":{"self":[{"href":"https:\/\/tpiexports.com\/fr\/wp-json\/wp\/v2\/product\/128180","targetHints":{"allow":["GET"]}}],"collection":[{"href":"https:\/\/tpiexports.com\/fr\/wp-json\/wp\/v2\/product"}],"about":[{"href":"https:\/\/tpiexports.com\/fr\/wp-json\/wp\/v2\/types\/product"}],"replies":[{"embeddable":true,"href":"https:\/\/tpiexports.com\/fr\/wp-json\/wp\/v2\/comments?post=128180"}],"version-history":[{"count":0,"href":"https:\/\/tpiexports.com\/fr\/wp-json\/wp\/v2\/product\/128180\/revisions"}],"wp:featuredmedia":[{"embeddable":true,"href":"https:\/\/tpiexports.com\/fr\/wp-json\/wp\/v2\/media\/71257"}],"wp:attachment":[{"href":"https:\/\/tpiexports.com\/fr\/wp-json\/wp\/v2\/media?parent=128180"}],"wp:term":[{"taxonomy":"product_cat","embeddable":true,"href":"https:\/\/tpiexports.com\/fr\/wp-json\/wp\/v2\/product_cat?post=128180"},{"taxonomy":"product_tag","embeddable":true,"href":"https:\/\/tpiexports.com\/fr\/wp-json\/wp\/v2\/product_tag?post=128180"}],"curies":[{"name":"wp","href":"https:\/\/api.w.org\/{rel}","templated":true}]}}