{"id":128181,"date":"2024-09-11T11:09:49","date_gmt":"2024-09-11T08:09:49","guid":{"rendered":"https:\/\/tpiexports.com\/product\/probase-gold\/"},"modified":"2024-09-11T11:09:49","modified_gmt":"2024-09-11T08:09:49","slug":"probase-gold","status":"publish","type":"product","link":"https:\/\/tpiexports.com\/fr\/produit\/probase-gold\/","title":{"rendered":"PROBASE GOLD"},"content":{"rendered":"<p>C&rsquo;est le prix par tonne.<br \/>\nAvec PROBASE GOLD, on utilise moins de mat\u00e9riel pour le m\u00eame m\u00e8tre carr\u00e9. Il s&rsquo;agit d&rsquo;un enduit en sac, \u00e0 base de ciment, pr\u00eat \u00e0 l&#8217;emploi. Brique, b\u00e9ton, b\u00e9ton brut, b\u00e9ton cellulaire, bloc de pierre ponce, etc. Il est appliqu\u00e9 directement sur les mat\u00e9riaux. On utilise environ 10 kg\/m2 pour 1 cm d&rsquo;\u00e9paisseur.    <\/p>\n","protected":false},"excerpt":{"rendered":"<p>C&rsquo;est le prix par tonne. Avec PROBASE GOLD, on utilise moins de mat\u00e9riel pour le m\u00eame m\u00e8tre carr\u00e9. Il s&rsquo;agit d&rsquo;un enduit en sac, \u00e0 base de ciment, pr\u00eat \u00e0 l&#8217;emploi. Brique, b\u00e9ton, b\u00e9ton brut, b\u00e9ton cellulaire, bloc de pierre ponce, etc. Il est appliqu\u00e9 directement sur les mat\u00e9riaux. On utilise environ 10 kg\/m2 pour [&hellip;]<\/p>\n","protected":false},"featured_media":71249,"comment_status":"open","ping_status":"closed","template":"","meta":[],"product_cat":[243],"product_tag":[],"class_list":{"0":"post-128181","1":"product","2":"type-product","3":"status-publish","4":"has-post-thumbnail","6":"product_cat-non-classe","8":"first","9":"instock","10":"sale","11":"taxable","12":"shipping-taxable","13":"purchasable","14":"product-type-simple"},"_links":{"self":[{"href":"https:\/\/tpiexports.com\/fr\/wp-json\/wp\/v2\/product\/128181","targetHints":{"allow":["GET"]}}],"collection":[{"href":"https:\/\/tpiexports.com\/fr\/wp-json\/wp\/v2\/product"}],"about":[{"href":"https:\/\/tpiexports.com\/fr\/wp-json\/wp\/v2\/types\/product"}],"replies":[{"embeddable":true,"href":"https:\/\/tpiexports.com\/fr\/wp-json\/wp\/v2\/comments?post=128181"}],"version-history":[{"count":0,"href":"https:\/\/tpiexports.com\/fr\/wp-json\/wp\/v2\/product\/128181\/revisions"}],"wp:featuredmedia":[{"embeddable":true,"href":"https:\/\/tpiexports.com\/fr\/wp-json\/wp\/v2\/media\/71249"}],"wp:attachment":[{"href":"https:\/\/tpiexports.com\/fr\/wp-json\/wp\/v2\/media?parent=128181"}],"wp:term":[{"taxonomy":"product_cat","embeddable":true,"href":"https:\/\/tpiexports.com\/fr\/wp-json\/wp\/v2\/product_cat?post=128181"},{"taxonomy":"product_tag","embeddable":true,"href":"https:\/\/tpiexports.com\/fr\/wp-json\/wp\/v2\/product_tag?post=128181"}],"curies":[{"name":"wp","href":"https:\/\/api.w.org\/{rel}","templated":true}]}}