{"id":128184,"date":"2024-09-11T11:10:13","date_gmt":"2024-09-11T08:10:13","guid":{"rendered":"https:\/\/tpiexports.com\/product\/probase-fix\/"},"modified":"2024-09-11T11:10:13","modified_gmt":"2024-09-11T08:10:13","slug":"probase-fix","status":"publish","type":"product","link":"https:\/\/tpiexports.com\/fr\/produit\/probase-fix\/","title":{"rendered":"PROBASE Fix"},"content":{"rendered":"<p>C&rsquo;est le prix par tonne.<br \/>\nSur les fa\u00e7ades int\u00e9rieures et ext\u00e9rieures ; Il s&rsquo;agit d&rsquo;un mortier adh\u00e9sif haute performance \u00e0 base de ciment et de polym\u00e8res, utilis\u00e9 pour coller les panneaux d&rsquo;isolation thermique tels que XPS, EPS et laine de roche aux surfaces de b\u00e9ton apparent, de briques, de pl\u00e2tre \u00e0 base de ciment, de b\u00e9ton cellulaire et de panneaux de fa\u00e7ade ext\u00e9rieure.<\/p>\n","protected":false},"excerpt":{"rendered":"<p>C&rsquo;est le prix par tonne. Sur les fa\u00e7ades int\u00e9rieures et ext\u00e9rieures ; Il s&rsquo;agit d&rsquo;un mortier adh\u00e9sif haute performance \u00e0 base de ciment et de polym\u00e8res, utilis\u00e9 pour coller les panneaux d&rsquo;isolation thermique tels que XPS, EPS et laine de roche aux surfaces de b\u00e9ton apparent, de briques, de pl\u00e2tre \u00e0 base de ciment, de [&hellip;]<\/p>\n","protected":false},"featured_media":71261,"comment_status":"open","ping_status":"closed","template":"","meta":[],"product_cat":[243],"product_tag":[],"class_list":{"0":"post-128184","1":"product","2":"type-product","3":"status-publish","4":"has-post-thumbnail","6":"product_cat-non-classe","8":"first","9":"instock","10":"sale","11":"taxable","12":"shipping-taxable","13":"purchasable","14":"product-type-simple"},"_links":{"self":[{"href":"https:\/\/tpiexports.com\/fr\/wp-json\/wp\/v2\/product\/128184","targetHints":{"allow":["GET"]}}],"collection":[{"href":"https:\/\/tpiexports.com\/fr\/wp-json\/wp\/v2\/product"}],"about":[{"href":"https:\/\/tpiexports.com\/fr\/wp-json\/wp\/v2\/types\/product"}],"replies":[{"embeddable":true,"href":"https:\/\/tpiexports.com\/fr\/wp-json\/wp\/v2\/comments?post=128184"}],"version-history":[{"count":0,"href":"https:\/\/tpiexports.com\/fr\/wp-json\/wp\/v2\/product\/128184\/revisions"}],"wp:featuredmedia":[{"embeddable":true,"href":"https:\/\/tpiexports.com\/fr\/wp-json\/wp\/v2\/media\/71261"}],"wp:attachment":[{"href":"https:\/\/tpiexports.com\/fr\/wp-json\/wp\/v2\/media?parent=128184"}],"wp:term":[{"taxonomy":"product_cat","embeddable":true,"href":"https:\/\/tpiexports.com\/fr\/wp-json\/wp\/v2\/product_cat?post=128184"},{"taxonomy":"product_tag","embeddable":true,"href":"https:\/\/tpiexports.com\/fr\/wp-json\/wp\/v2\/product_tag?post=128184"}],"curies":[{"name":"wp","href":"https:\/\/api.w.org\/{rel}","templated":true}]}}