{"id":128185,"date":"2024-09-11T11:09:53","date_gmt":"2024-09-11T08:09:53","guid":{"rendered":"https:\/\/tpiexports.com\/product\/rendu-de-base\/"},"modified":"2024-09-11T11:09:53","modified_gmt":"2024-09-11T08:09:53","slug":"rendu-de-base","status":"publish","type":"product","link":"https:\/\/tpiexports.com\/fr\/produit\/rendu-de-base\/","title":{"rendered":"RENDU DE BASE"},"content":{"rendered":"<p>Il s&rsquo;agit du prix par tonne.<br \/>\nA l&rsquo;ext\u00e9rieur, lors de l&rsquo;enduisage des surfaces des panneaux d&rsquo;isolation thermique, une bande de joint r\u00e9sistant aux alcalis est utilis\u00e9e sur les joints des panneaux de mur sec, et un treillis d&rsquo;enduit r\u00e9sistant aux alcalis, d&rsquo;un poids de 160 gr\/m2 est utilis\u00e9 sur toute la surface, modifi\u00e9 par des polym\u00e8res, renforc\u00e9 par des fibres, \u00e0 base de ciment monocomposant, utilis\u00e9 comme enduit de jointoiement et enduit d&rsquo;appr\u00eat. est le mat\u00e9riau. <\/p>\n","protected":false},"excerpt":{"rendered":"<p>Il s&rsquo;agit du prix par tonne. A l&rsquo;ext\u00e9rieur, lors de l&rsquo;enduisage des surfaces des panneaux d&rsquo;isolation thermique, une bande de joint r\u00e9sistant aux alcalis est utilis\u00e9e sur les joints des panneaux de mur sec, et un treillis d&rsquo;enduit r\u00e9sistant aux alcalis, d&rsquo;un poids de 160 gr\/m2 est utilis\u00e9 sur toute la surface, modifi\u00e9 par des [&hellip;]<\/p>\n","protected":false},"featured_media":71253,"comment_status":"open","ping_status":"closed","template":"","meta":[],"product_cat":[156],"product_tag":[],"class_list":{"0":"post-128185","1":"product","2":"type-product","3":"status-publish","4":"has-post-thumbnail","6":"product_cat-uncategorized","8":"first","9":"instock","10":"sale","11":"taxable","12":"shipping-taxable","13":"purchasable","14":"product-type-simple"},"_links":{"self":[{"href":"https:\/\/tpiexports.com\/fr\/wp-json\/wp\/v2\/product\/128185","targetHints":{"allow":["GET"]}}],"collection":[{"href":"https:\/\/tpiexports.com\/fr\/wp-json\/wp\/v2\/product"}],"about":[{"href":"https:\/\/tpiexports.com\/fr\/wp-json\/wp\/v2\/types\/product"}],"replies":[{"embeddable":true,"href":"https:\/\/tpiexports.com\/fr\/wp-json\/wp\/v2\/comments?post=128185"}],"version-history":[{"count":0,"href":"https:\/\/tpiexports.com\/fr\/wp-json\/wp\/v2\/product\/128185\/revisions"}],"wp:featuredmedia":[{"embeddable":true,"href":"https:\/\/tpiexports.com\/fr\/wp-json\/wp\/v2\/media\/71253"}],"wp:attachment":[{"href":"https:\/\/tpiexports.com\/fr\/wp-json\/wp\/v2\/media?parent=128185"}],"wp:term":[{"taxonomy":"product_cat","embeddable":true,"href":"https:\/\/tpiexports.com\/fr\/wp-json\/wp\/v2\/product_cat?post=128185"},{"taxonomy":"product_tag","embeddable":true,"href":"https:\/\/tpiexports.com\/fr\/wp-json\/wp\/v2\/product_tag?post=128185"}],"curies":[{"name":"wp","href":"https:\/\/api.w.org\/{rel}","templated":true}]}}