{"id":128187,"date":"2024-09-11T11:10:16","date_gmt":"2024-09-11T08:10:16","guid":{"rendered":"https:\/\/tpiexports.com\/product\/maxicoat\/"},"modified":"2024-09-11T11:10:16","modified_gmt":"2024-09-11T08:10:16","slug":"maxicoat","status":"publish","type":"product","link":"https:\/\/tpiexports.com\/fr\/produit\/maxicoat\/","title":{"rendered":"MAXICOAT"},"content":{"rendered":"<p>C&rsquo;est le prix par tonne.<br \/>\nMAXICOAT est un mortier de sol pr\u00eat \u00e0 l&#8217;emploi qui est utilis\u00e9 sur le b\u00e9ton de sol et qui a des propri\u00e9t\u00e9s faciles \u00e0 \u00e9taler. Il est utilis\u00e9 pour des applications d&rsquo;une \u00e9paisseur sup\u00e9rieure \u00e0 20 mm en une seule couche. Il est possible de marcher dessus 2 heures apr\u00e8s l&rsquo;application. Pour chaque tranche de 10 mm d&rsquo;\u00e9paisseur, on utilise environ 16 \u00e0 17 kg\/m2.   <\/p>\n","protected":false},"excerpt":{"rendered":"<p>C&rsquo;est le prix par tonne. MAXICOAT est un mortier de sol pr\u00eat \u00e0 l&#8217;emploi qui est utilis\u00e9 sur le b\u00e9ton de sol et qui a des propri\u00e9t\u00e9s faciles \u00e0 \u00e9taler. Il est utilis\u00e9 pour des applications d&rsquo;une \u00e9paisseur sup\u00e9rieure \u00e0 20 mm en une seule couche. Il est possible de marcher dessus 2 heures apr\u00e8s [&hellip;]<\/p>\n","protected":false},"featured_media":0,"comment_status":"open","ping_status":"closed","template":"","meta":[],"product_cat":[243],"product_tag":[],"class_list":{"0":"post-128187","1":"product","2":"type-product","3":"status-publish","5":"product_cat-non-classe","7":"first","8":"instock","9":"sale","10":"taxable","11":"shipping-taxable","12":"purchasable","13":"product-type-simple"},"_links":{"self":[{"href":"https:\/\/tpiexports.com\/fr\/wp-json\/wp\/v2\/product\/128187","targetHints":{"allow":["GET"]}}],"collection":[{"href":"https:\/\/tpiexports.com\/fr\/wp-json\/wp\/v2\/product"}],"about":[{"href":"https:\/\/tpiexports.com\/fr\/wp-json\/wp\/v2\/types\/product"}],"replies":[{"embeddable":true,"href":"https:\/\/tpiexports.com\/fr\/wp-json\/wp\/v2\/comments?post=128187"}],"version-history":[{"count":0,"href":"https:\/\/tpiexports.com\/fr\/wp-json\/wp\/v2\/product\/128187\/revisions"}],"wp:attachment":[{"href":"https:\/\/tpiexports.com\/fr\/wp-json\/wp\/v2\/media?parent=128187"}],"wp:term":[{"taxonomy":"product_cat","embeddable":true,"href":"https:\/\/tpiexports.com\/fr\/wp-json\/wp\/v2\/product_cat?post=128187"},{"taxonomy":"product_tag","embeddable":true,"href":"https:\/\/tpiexports.com\/fr\/wp-json\/wp\/v2\/product_tag?post=128187"}],"curies":[{"name":"wp","href":"https:\/\/api.w.org\/{rel}","templated":true}]}}