{"id":128190,"date":"2024-09-11T11:10:27","date_gmt":"2024-09-11T08:10:27","guid":{"rendered":"https:\/\/tpiexports.com\/product\/profil-punto-tc-05mm\/"},"modified":"2024-09-11T11:10:27","modified_gmt":"2024-09-11T08:10:27","slug":"profil-punto-tc-05mm","status":"publish","type":"product","link":"https:\/\/tpiexports.com\/fr\/produit\/profil-punto-tc-05mm\/","title":{"rendered":"Profil Punto TC 0,5MM"},"content":{"rendered":"<p>Il s&rsquo;agit du prix au m\u00e8tre.<br \/>\nCOREX est un profil\u00e9 en t\u00f4le d&rsquo;acier galvanis\u00e9 utilis\u00e9 dans la construction de syst\u00e8mes de plafonds suspendus et de murs-rideaux. Il est utilis\u00e9 dans la construction de plafonds suspendus et de murs-rideaux en vissant le COREX d&rsquo;un c\u00f4t\u00e9. L&rsquo;\u00e9paisseur des parois est de 0,50 mm et 0,60 mm. Il est galvanis\u00e9 \u00e0 100gr\/m2.   <\/p>\n","protected":false},"excerpt":{"rendered":"<p>Il s&rsquo;agit du prix au m\u00e8tre. COREX est un profil\u00e9 en t\u00f4le d&rsquo;acier galvanis\u00e9 utilis\u00e9 dans la construction de syst\u00e8mes de plafonds suspendus et de murs-rideaux. Il est utilis\u00e9 dans la construction de plafonds suspendus et de murs-rideaux en vissant le COREX d&rsquo;un c\u00f4t\u00e9. L&rsquo;\u00e9paisseur des parois est de 0,50 mm et 0,60 mm. Il [&hellip;]<\/p>\n","protected":false},"featured_media":71269,"comment_status":"open","ping_status":"closed","template":"","meta":[],"product_cat":[243],"product_tag":[],"class_list":{"0":"post-128190","1":"product","2":"type-product","3":"status-publish","4":"has-post-thumbnail","6":"product_cat-non-classe","8":"first","9":"instock","10":"sale","11":"taxable","12":"shipping-taxable","13":"purchasable","14":"product-type-simple"},"_links":{"self":[{"href":"https:\/\/tpiexports.com\/fr\/wp-json\/wp\/v2\/product\/128190","targetHints":{"allow":["GET"]}}],"collection":[{"href":"https:\/\/tpiexports.com\/fr\/wp-json\/wp\/v2\/product"}],"about":[{"href":"https:\/\/tpiexports.com\/fr\/wp-json\/wp\/v2\/types\/product"}],"replies":[{"embeddable":true,"href":"https:\/\/tpiexports.com\/fr\/wp-json\/wp\/v2\/comments?post=128190"}],"version-history":[{"count":0,"href":"https:\/\/tpiexports.com\/fr\/wp-json\/wp\/v2\/product\/128190\/revisions"}],"wp:featuredmedia":[{"embeddable":true,"href":"https:\/\/tpiexports.com\/fr\/wp-json\/wp\/v2\/media\/71269"}],"wp:attachment":[{"href":"https:\/\/tpiexports.com\/fr\/wp-json\/wp\/v2\/media?parent=128190"}],"wp:term":[{"taxonomy":"product_cat","embeddable":true,"href":"https:\/\/tpiexports.com\/fr\/wp-json\/wp\/v2\/product_cat?post=128190"},{"taxonomy":"product_tag","embeddable":true,"href":"https:\/\/tpiexports.com\/fr\/wp-json\/wp\/v2\/product_tag?post=128190"}],"curies":[{"name":"wp","href":"https:\/\/api.w.org\/{rel}","templated":true}]}}