{"id":128191,"date":"2024-09-11T11:10:19","date_gmt":"2024-09-11T08:10:19","guid":{"rendered":"https:\/\/tpiexports.com\/product\/floortek\/"},"modified":"2024-09-11T11:10:19","modified_gmt":"2024-09-11T08:10:19","slug":"floortek","status":"publish","type":"product","link":"https:\/\/tpiexports.com\/fr\/produit\/floortek\/","title":{"rendered":"FLOORTEK"},"content":{"rendered":"<p>Il s&rsquo;agit du prix par tonne.<br \/>\nFLOORTEK est une chape autonivelante qui peut \u00eatre appliqu\u00e9e en une seule couche de 2 \u00e0 10 mm. On peut marcher dessus 2 heures apr\u00e8s l&rsquo;application. Environ 1,5 &#8211; 1,6 kg\/m2 sont utilis\u00e9s pour chaque 1 mm d&rsquo;\u00e9paisseur.  <\/p>\n","protected":false},"excerpt":{"rendered":"<p>Il s&rsquo;agit du prix par tonne. FLOORTEK est une chape autonivelante qui peut \u00eatre appliqu\u00e9e en une seule couche de 2 \u00e0 10 mm. On peut marcher dessus 2 heures apr\u00e8s l&rsquo;application. Environ 1,5 &#8211; 1,6 kg\/m2 sont utilis\u00e9s pour chaque 1 mm d&rsquo;\u00e9paisseur.<\/p>\n","protected":false},"featured_media":0,"comment_status":"open","ping_status":"closed","template":"","meta":[],"product_cat":[243],"product_tag":[],"class_list":{"0":"post-128191","1":"product","2":"type-product","3":"status-publish","5":"product_cat-non-classe","7":"first","8":"instock","9":"sale","10":"taxable","11":"shipping-taxable","12":"purchasable","13":"product-type-simple"},"_links":{"self":[{"href":"https:\/\/tpiexports.com\/fr\/wp-json\/wp\/v2\/product\/128191","targetHints":{"allow":["GET"]}}],"collection":[{"href":"https:\/\/tpiexports.com\/fr\/wp-json\/wp\/v2\/product"}],"about":[{"href":"https:\/\/tpiexports.com\/fr\/wp-json\/wp\/v2\/types\/product"}],"replies":[{"embeddable":true,"href":"https:\/\/tpiexports.com\/fr\/wp-json\/wp\/v2\/comments?post=128191"}],"version-history":[{"count":0,"href":"https:\/\/tpiexports.com\/fr\/wp-json\/wp\/v2\/product\/128191\/revisions"}],"wp:attachment":[{"href":"https:\/\/tpiexports.com\/fr\/wp-json\/wp\/v2\/media?parent=128191"}],"wp:term":[{"taxonomy":"product_cat","embeddable":true,"href":"https:\/\/tpiexports.com\/fr\/wp-json\/wp\/v2\/product_cat?post=128191"},{"taxonomy":"product_tag","embeddable":true,"href":"https:\/\/tpiexports.com\/fr\/wp-json\/wp\/v2\/product_tag?post=128191"}],"curies":[{"name":"wp","href":"https:\/\/api.w.org\/{rel}","templated":true}]}}