{"id":128195,"date":"2024-09-11T11:10:23","date_gmt":"2024-09-11T08:10:23","guid":{"rendered":"https:\/\/tpiexports.com\/product\/acoustique\/"},"modified":"2024-09-11T11:10:23","modified_gmt":"2024-09-11T08:10:23","slug":"acoustique","status":"publish","type":"product","link":"https:\/\/tpiexports.com\/fr\/produit\/acoustique\/","title":{"rendered":"ACOUSTIQUE"},"content":{"rendered":"<p>Il s&rsquo;agit du prix au m\u00e8tre carr\u00e9.<br \/>\nAcoustic circular est une plaque de pl\u00e2tre acoustique avec des trous circulaires sur toute sa surface et un support recouvert de tulle, utilis\u00e9e dans la construction de cloisons, de murs-rideaux et de plafonds suspendus dans les endroits o\u00f9 l&rsquo;on souhaite r\u00e9duire l&rsquo;\u00e9cho sonore dans l&rsquo;environnement. Le diam\u00e8tre des trous de la plaque circulaire acoustique est de 6 mm, le coefficient d&rsquo;absorption acoustique (aw) est de 0,45 et les bords sont amincis. <\/p>\n","protected":false},"excerpt":{"rendered":"<p>Il s&rsquo;agit du prix au m\u00e8tre carr\u00e9. Acoustic circular est une plaque de pl\u00e2tre acoustique avec des trous circulaires sur toute sa surface et un support recouvert de tulle, utilis\u00e9e dans la construction de cloisons, de murs-rideaux et de plafonds suspendus dans les endroits o\u00f9 l&rsquo;on souhaite r\u00e9duire l&rsquo;\u00e9cho sonore dans l&rsquo;environnement. Le diam\u00e8tre des [&hellip;]<\/p>\n","protected":false},"featured_media":71265,"comment_status":"open","ping_status":"closed","template":"","meta":[],"product_cat":[243],"product_tag":[],"class_list":{"0":"post-128195","1":"product","2":"type-product","3":"status-publish","4":"has-post-thumbnail","6":"product_cat-non-classe","8":"first","9":"instock","10":"sale","11":"taxable","12":"shipping-taxable","13":"purchasable","14":"product-type-simple"},"_links":{"self":[{"href":"https:\/\/tpiexports.com\/fr\/wp-json\/wp\/v2\/product\/128195","targetHints":{"allow":["GET"]}}],"collection":[{"href":"https:\/\/tpiexports.com\/fr\/wp-json\/wp\/v2\/product"}],"about":[{"href":"https:\/\/tpiexports.com\/fr\/wp-json\/wp\/v2\/types\/product"}],"replies":[{"embeddable":true,"href":"https:\/\/tpiexports.com\/fr\/wp-json\/wp\/v2\/comments?post=128195"}],"version-history":[{"count":0,"href":"https:\/\/tpiexports.com\/fr\/wp-json\/wp\/v2\/product\/128195\/revisions"}],"wp:featuredmedia":[{"embeddable":true,"href":"https:\/\/tpiexports.com\/fr\/wp-json\/wp\/v2\/media\/71265"}],"wp:attachment":[{"href":"https:\/\/tpiexports.com\/fr\/wp-json\/wp\/v2\/media?parent=128195"}],"wp:term":[{"taxonomy":"product_cat","embeddable":true,"href":"https:\/\/tpiexports.com\/fr\/wp-json\/wp\/v2\/product_cat?post=128195"},{"taxonomy":"product_tag","embeddable":true,"href":"https:\/\/tpiexports.com\/fr\/wp-json\/wp\/v2\/product_tag?post=128195"}],"curies":[{"name":"wp","href":"https:\/\/api.w.org\/{rel}","templated":true}]}}