{"id":128197,"date":"2024-09-11T11:10:40","date_gmt":"2024-09-11T08:10:40","guid":{"rendered":"https:\/\/tpiexports.com\/product\/punto-tu-profil-27270-5\/"},"modified":"2024-09-11T11:10:40","modified_gmt":"2024-09-11T08:10:40","slug":"punto-tu-profil-27270-5","status":"publish","type":"product","link":"https:\/\/tpiexports.com\/fr\/produit\/punto-tu-profil-27270-5\/","title":{"rendered":"Punto TU Profil 27*27*0.5"},"content":{"rendered":"<p>Il s&rsquo;agit du prix au m\u00e8tre.<br \/>\nLes COREX sont des profil\u00e9s en t\u00f4le d&rsquo;acier galvanis\u00e9 utilis\u00e9s dans la construction de syst\u00e8mes de plafonds suspendus et de murs-rideaux. Il est utilis\u00e9 dans la construction de plafonds suspendus et de murs-rideaux en vissant le COREX d&rsquo;un c\u00f4t\u00e9. L&rsquo;\u00e9paisseur de la paroi est de 0,50 mm. Il existe deux types avec des hauteurs d&rsquo;aile diff\u00e9rentes. Il est galvanis\u00e9 \u00e0 100gr\/m2.    <\/p>\n","protected":false},"excerpt":{"rendered":"<p>Il s&rsquo;agit du prix au m\u00e8tre. Les COREX sont des profil\u00e9s en t\u00f4le d&rsquo;acier galvanis\u00e9 utilis\u00e9s dans la construction de syst\u00e8mes de plafonds suspendus et de murs-rideaux. Il est utilis\u00e9 dans la construction de plafonds suspendus et de murs-rideaux en vissant le COREX d&rsquo;un c\u00f4t\u00e9. L&rsquo;\u00e9paisseur de la paroi est de 0,50 mm. Il existe [&hellip;]<\/p>\n","protected":false},"featured_media":71274,"comment_status":"open","ping_status":"closed","template":"","meta":[],"product_cat":[243],"product_tag":[],"class_list":{"0":"post-128197","1":"product","2":"type-product","3":"status-publish","4":"has-post-thumbnail","6":"product_cat-non-classe","8":"first","9":"instock","10":"sale","11":"taxable","12":"shipping-taxable","13":"purchasable","14":"product-type-simple"},"_links":{"self":[{"href":"https:\/\/tpiexports.com\/fr\/wp-json\/wp\/v2\/product\/128197","targetHints":{"allow":["GET"]}}],"collection":[{"href":"https:\/\/tpiexports.com\/fr\/wp-json\/wp\/v2\/product"}],"about":[{"href":"https:\/\/tpiexports.com\/fr\/wp-json\/wp\/v2\/types\/product"}],"replies":[{"embeddable":true,"href":"https:\/\/tpiexports.com\/fr\/wp-json\/wp\/v2\/comments?post=128197"}],"version-history":[{"count":0,"href":"https:\/\/tpiexports.com\/fr\/wp-json\/wp\/v2\/product\/128197\/revisions"}],"wp:featuredmedia":[{"embeddable":true,"href":"https:\/\/tpiexports.com\/fr\/wp-json\/wp\/v2\/media\/71274"}],"wp:attachment":[{"href":"https:\/\/tpiexports.com\/fr\/wp-json\/wp\/v2\/media?parent=128197"}],"wp:term":[{"taxonomy":"product_cat","embeddable":true,"href":"https:\/\/tpiexports.com\/fr\/wp-json\/wp\/v2\/product_cat?post=128197"},{"taxonomy":"product_tag","embeddable":true,"href":"https:\/\/tpiexports.com\/fr\/wp-json\/wp\/v2\/product_tag?post=128197"}],"curies":[{"name":"wp","href":"https:\/\/api.w.org\/{rel}","templated":true}]}}