{"id":128233,"date":"2024-09-11T11:11:22","date_gmt":"2024-09-11T08:11:22","guid":{"rendered":"https:\/\/tpiexports.com\/product\/profil-dc75-42-x-42-060-mm\/"},"modified":"2024-09-11T11:11:22","modified_gmt":"2024-09-11T08:11:22","slug":"profil-dc75-42-x-42-060-mm","status":"publish","type":"product","link":"https:\/\/tpiexports.com\/fr\/produit\/profil-dc75-42-x-42-060-mm\/","title":{"rendered":"Profil DC75 (42 x 42) 0,60 mm"},"content":{"rendered":"<p>Il s&rsquo;agit du prix au m\u00e8tre.<br \/>\nLes profil\u00e9s DC sont utilis\u00e9s dans la construction de cloisons non porteuses en vissant le COREX des deux c\u00f4t\u00e9s. Il existe six types diff\u00e9rents avec une largeur de base de 75 mm, une \u00e9paisseur de paroi de 0,50 mm et 0,60 mm, et trois types diff\u00e9rents de hauteur d&rsquo;aile. Il est galvanis\u00e9 \u00e0 100 gr\/m2.  <\/p>\n","protected":false},"excerpt":{"rendered":"<p>Il s&rsquo;agit du prix au m\u00e8tre. Les profil\u00e9s DC sont utilis\u00e9s dans la construction de cloisons non porteuses en vissant le COREX des deux c\u00f4t\u00e9s. Il existe six types diff\u00e9rents avec une largeur de base de 75 mm, une \u00e9paisseur de paroi de 0,50 mm et 0,60 mm, et trois types diff\u00e9rents de hauteur d&rsquo;aile. [&hellip;]<\/p>\n","protected":false},"featured_media":71279,"comment_status":"open","ping_status":"closed","template":"","meta":[],"product_cat":[156],"product_tag":[],"class_list":{"0":"post-128233","1":"product","2":"type-product","3":"status-publish","4":"has-post-thumbnail","6":"product_cat-uncategorized","8":"first","9":"instock","10":"sale","11":"taxable","12":"shipping-taxable","13":"purchasable","14":"product-type-simple"},"_links":{"self":[{"href":"https:\/\/tpiexports.com\/fr\/wp-json\/wp\/v2\/product\/128233","targetHints":{"allow":["GET"]}}],"collection":[{"href":"https:\/\/tpiexports.com\/fr\/wp-json\/wp\/v2\/product"}],"about":[{"href":"https:\/\/tpiexports.com\/fr\/wp-json\/wp\/v2\/types\/product"}],"replies":[{"embeddable":true,"href":"https:\/\/tpiexports.com\/fr\/wp-json\/wp\/v2\/comments?post=128233"}],"version-history":[{"count":0,"href":"https:\/\/tpiexports.com\/fr\/wp-json\/wp\/v2\/product\/128233\/revisions"}],"wp:featuredmedia":[{"embeddable":true,"href":"https:\/\/tpiexports.com\/fr\/wp-json\/wp\/v2\/media\/71279"}],"wp:attachment":[{"href":"https:\/\/tpiexports.com\/fr\/wp-json\/wp\/v2\/media?parent=128233"}],"wp:term":[{"taxonomy":"product_cat","embeddable":true,"href":"https:\/\/tpiexports.com\/fr\/wp-json\/wp\/v2\/product_cat?post=128233"},{"taxonomy":"product_tag","embeddable":true,"href":"https:\/\/tpiexports.com\/fr\/wp-json\/wp\/v2\/product_tag?post=128233"}],"curies":[{"name":"wp","href":"https:\/\/api.w.org\/{rel}","templated":true}]}}