{"id":128240,"date":"2024-09-11T11:11:56","date_gmt":"2024-09-11T08:11:56","guid":{"rendered":"https:\/\/tpiexports.com\/product\/profil-dc125-47-x-47-060mm\/"},"modified":"2024-09-11T11:11:56","modified_gmt":"2024-09-11T08:11:56","slug":"profil-dc125-47-x-47-060mm","status":"publish","type":"product","link":"https:\/\/tpiexports.com\/fr\/produit\/profil-dc125-47-x-47-060mm\/","title":{"rendered":"Profil DC125 (47 x 47) 0,60mm"},"content":{"rendered":"<p>Il s&rsquo;agit du prix au m\u00e8tre.<br \/>\nLes profil\u00e9s DC sont utilis\u00e9s dans la construction de cloisons non porteuses en vissant le COREX des deux c\u00f4t\u00e9s. La largeur de base est de 125 mm et l&rsquo;\u00e9paisseur de la paroi est de 0,60 mm. 100 gr\/m2 galvanis\u00e9 <\/p>\n","protected":false},"excerpt":{"rendered":"<p>Il s&rsquo;agit du prix au m\u00e8tre. Les profil\u00e9s DC sont utilis\u00e9s dans la construction de cloisons non porteuses en vissant le COREX des deux c\u00f4t\u00e9s. La largeur de base est de 125 mm et l&rsquo;\u00e9paisseur de la paroi est de 0,60 mm. 100 gr\/m2 galvanis\u00e9<\/p>\n","protected":false},"featured_media":71279,"comment_status":"open","ping_status":"closed","template":"","meta":[],"product_cat":[243],"product_tag":[],"class_list":{"0":"post-128240","1":"product","2":"type-product","3":"status-publish","4":"has-post-thumbnail","6":"product_cat-non-classe","8":"first","9":"instock","10":"sale","11":"taxable","12":"shipping-taxable","13":"purchasable","14":"product-type-simple"},"_links":{"self":[{"href":"https:\/\/tpiexports.com\/fr\/wp-json\/wp\/v2\/product\/128240","targetHints":{"allow":["GET"]}}],"collection":[{"href":"https:\/\/tpiexports.com\/fr\/wp-json\/wp\/v2\/product"}],"about":[{"href":"https:\/\/tpiexports.com\/fr\/wp-json\/wp\/v2\/types\/product"}],"replies":[{"embeddable":true,"href":"https:\/\/tpiexports.com\/fr\/wp-json\/wp\/v2\/comments?post=128240"}],"version-history":[{"count":0,"href":"https:\/\/tpiexports.com\/fr\/wp-json\/wp\/v2\/product\/128240\/revisions"}],"wp:featuredmedia":[{"embeddable":true,"href":"https:\/\/tpiexports.com\/fr\/wp-json\/wp\/v2\/media\/71279"}],"wp:attachment":[{"href":"https:\/\/tpiexports.com\/fr\/wp-json\/wp\/v2\/media?parent=128240"}],"wp:term":[{"taxonomy":"product_cat","embeddable":true,"href":"https:\/\/tpiexports.com\/fr\/wp-json\/wp\/v2\/product_cat?post=128240"},{"taxonomy":"product_tag","embeddable":true,"href":"https:\/\/tpiexports.com\/fr\/wp-json\/wp\/v2\/product_tag?post=128240"}],"curies":[{"name":"wp","href":"https:\/\/api.w.org\/{rel}","templated":true}]}}