{"id":128262,"date":"2024-09-11T11:12:35","date_gmt":"2024-09-11T08:12:35","guid":{"rendered":"https:\/\/tpiexports.com\/product\/profile-dangle-en-platre-040-mm\/"},"modified":"2024-09-11T11:12:35","modified_gmt":"2024-09-11T08:12:35","slug":"profile-dangle-en-platre-040-mm","status":"publish","type":"product","link":"https:\/\/tpiexports.com\/fr\/produit\/profile-dangle-en-platre-040-mm\/","title":{"rendered":"Profil\u00e9 d&rsquo;angle en pl\u00e2tre 0,40 mm"},"content":{"rendered":"<p>Il s&rsquo;agit du prix au m\u00e8tre.<br \/>\nIl s&rsquo;agit de profil\u00e9s en t\u00f4le d&rsquo;acier galvanis\u00e9 utilis\u00e9s pour assurer la verticalit\u00e9 des angles et pour augmenter leur r\u00e9sistance aux impacts dans les applications de pl\u00e2tre ou de pl\u00e2tre noir r\u00e9alis\u00e9es directement avec AL\u00c7ITEK ou SIVATEK sur des surfaces telles que la brique, le b\u00e9ton, le b\u00e9ton apparent, le bloc de pierre ponce.<\/p>\n","protected":false},"excerpt":{"rendered":"<p>Il s&rsquo;agit du prix au m\u00e8tre. Il s&rsquo;agit de profil\u00e9s en t\u00f4le d&rsquo;acier galvanis\u00e9 utilis\u00e9s pour assurer la verticalit\u00e9 des angles et pour augmenter leur r\u00e9sistance aux impacts dans les applications de pl\u00e2tre ou de pl\u00e2tre noir r\u00e9alis\u00e9es directement avec AL\u00c7ITEK ou SIVATEK sur des surfaces telles que la brique, le b\u00e9ton, le b\u00e9ton apparent, [&hellip;]<\/p>\n","protected":false},"featured_media":71310,"comment_status":"open","ping_status":"closed","template":"","meta":[],"product_cat":[243],"product_tag":[],"class_list":{"0":"post-128262","1":"product","2":"type-product","3":"status-publish","4":"has-post-thumbnail","6":"product_cat-non-classe","8":"first","9":"instock","10":"sale","11":"taxable","12":"shipping-taxable","13":"purchasable","14":"product-type-simple"},"_links":{"self":[{"href":"https:\/\/tpiexports.com\/fr\/wp-json\/wp\/v2\/product\/128262","targetHints":{"allow":["GET"]}}],"collection":[{"href":"https:\/\/tpiexports.com\/fr\/wp-json\/wp\/v2\/product"}],"about":[{"href":"https:\/\/tpiexports.com\/fr\/wp-json\/wp\/v2\/types\/product"}],"replies":[{"embeddable":true,"href":"https:\/\/tpiexports.com\/fr\/wp-json\/wp\/v2\/comments?post=128262"}],"version-history":[{"count":0,"href":"https:\/\/tpiexports.com\/fr\/wp-json\/wp\/v2\/product\/128262\/revisions"}],"wp:featuredmedia":[{"embeddable":true,"href":"https:\/\/tpiexports.com\/fr\/wp-json\/wp\/v2\/media\/71310"}],"wp:attachment":[{"href":"https:\/\/tpiexports.com\/fr\/wp-json\/wp\/v2\/media?parent=128262"}],"wp:term":[{"taxonomy":"product_cat","embeddable":true,"href":"https:\/\/tpiexports.com\/fr\/wp-json\/wp\/v2\/product_cat?post=128262"},{"taxonomy":"product_tag","embeddable":true,"href":"https:\/\/tpiexports.com\/fr\/wp-json\/wp\/v2\/product_tag?post=128262"}],"curies":[{"name":"wp","href":"https:\/\/api.w.org\/{rel}","templated":true}]}}