{"id":128263,"date":"2024-09-11T11:12:31","date_gmt":"2024-09-11T08:12:31","guid":{"rendered":"https:\/\/tpiexports.com\/product\/profil-du150-38-x-38-060mm\/"},"modified":"2024-09-11T11:12:31","modified_gmt":"2024-09-11T08:12:31","slug":"profil-du150-38-x-38-060mm","status":"publish","type":"product","link":"https:\/\/tpiexports.com\/fr\/produit\/profil-du150-38-x-38-060mm\/","title":{"rendered":"Profil DU150 (38 x 38) 0,60mm"},"content":{"rendered":"<p>Il s&rsquo;agit du prix au m\u00e8tre.<br \/>\nLes profil\u00e9s DU sont utilis\u00e9s dans la construction de cloisons non porteuses en vissant le COREX des deux c\u00f4t\u00e9s. Il a une largeur de base de 150 mm et une \u00e9paisseur de paroi de 0,60 mm. Il est galvanis\u00e9 \u00e0 100 gr\/m2.  <\/p>\n","protected":false},"excerpt":{"rendered":"<p>Il s&rsquo;agit du prix au m\u00e8tre. Les profil\u00e9s DU sont utilis\u00e9s dans la construction de cloisons non porteuses en vissant le COREX des deux c\u00f4t\u00e9s. Il a une largeur de base de 150 mm et une \u00e9paisseur de paroi de 0,60 mm. Il est galvanis\u00e9 \u00e0 100 gr\/m2.<\/p>\n","protected":false},"featured_media":71296,"comment_status":"open","ping_status":"closed","template":"","meta":[],"product_cat":[243],"product_tag":[],"class_list":{"0":"post-128263","1":"product","2":"type-product","3":"status-publish","4":"has-post-thumbnail","6":"product_cat-non-classe","8":"first","9":"instock","10":"sale","11":"taxable","12":"shipping-taxable","13":"purchasable","14":"product-type-simple"},"_links":{"self":[{"href":"https:\/\/tpiexports.com\/fr\/wp-json\/wp\/v2\/product\/128263","targetHints":{"allow":["GET"]}}],"collection":[{"href":"https:\/\/tpiexports.com\/fr\/wp-json\/wp\/v2\/product"}],"about":[{"href":"https:\/\/tpiexports.com\/fr\/wp-json\/wp\/v2\/types\/product"}],"replies":[{"embeddable":true,"href":"https:\/\/tpiexports.com\/fr\/wp-json\/wp\/v2\/comments?post=128263"}],"version-history":[{"count":0,"href":"https:\/\/tpiexports.com\/fr\/wp-json\/wp\/v2\/product\/128263\/revisions"}],"wp:featuredmedia":[{"embeddable":true,"href":"https:\/\/tpiexports.com\/fr\/wp-json\/wp\/v2\/media\/71296"}],"wp:attachment":[{"href":"https:\/\/tpiexports.com\/fr\/wp-json\/wp\/v2\/media?parent=128263"}],"wp:term":[{"taxonomy":"product_cat","embeddable":true,"href":"https:\/\/tpiexports.com\/fr\/wp-json\/wp\/v2\/product_cat?post=128263"},{"taxonomy":"product_tag","embeddable":true,"href":"https:\/\/tpiexports.com\/fr\/wp-json\/wp\/v2\/product_tag?post=128263"}],"curies":[{"name":"wp","href":"https:\/\/api.w.org\/{rel}","templated":true}]}}