{"id":128266,"date":"2024-09-11T11:12:37","date_gmt":"2024-09-11T08:12:37","guid":{"rendered":"https:\/\/tpiexports.com\/product\/profil-tu-20-x-20\/"},"modified":"2024-09-11T11:12:37","modified_gmt":"2024-09-11T08:12:37","slug":"profil-tu-20-x-20","status":"publish","type":"product","link":"https:\/\/tpiexports.com\/fr\/produit\/profil-tu-20-x-20\/","title":{"rendered":"Profil TU (20 x 20)"},"content":{"rendered":"<p>C&rsquo;est le prix au m\u00e8tre.<br \/>\nIl s&rsquo;agit d&rsquo;un profil\u00e9 en t\u00f4le d&rsquo;acier galvanis\u00e9 utilis\u00e9 dans la construction des syst\u00e8mes de murs-rideaux de plafonds suspendus COREX. Il est utilis\u00e9 dans la construction de murs-rideaux de plafonds suspendus en vissant des plaques de pl\u00e2tre sur un c\u00f4t\u00e9. Il a une hauteur d&rsquo;aile de 20&#215;20 mm et est galvanis\u00e9 \u00e0 100 gr\/m2.  <\/p>\n","protected":false},"excerpt":{"rendered":"<p>C&rsquo;est le prix au m\u00e8tre. Il s&rsquo;agit d&rsquo;un profil\u00e9 en t\u00f4le d&rsquo;acier galvanis\u00e9 utilis\u00e9 dans la construction des syst\u00e8mes de murs-rideaux de plafonds suspendus COREX. Il est utilis\u00e9 dans la construction de murs-rideaux de plafonds suspendus en vissant des plaques de pl\u00e2tre sur un c\u00f4t\u00e9. Il a une hauteur d&rsquo;aile de 20&#215;20 mm et est [&hellip;]<\/p>\n","protected":false},"featured_media":71274,"comment_status":"open","ping_status":"closed","template":"","meta":[],"product_cat":[243],"product_tag":[],"class_list":{"0":"post-128266","1":"product","2":"type-product","3":"status-publish","4":"has-post-thumbnail","6":"product_cat-non-classe","8":"first","9":"instock","10":"sale","11":"taxable","12":"shipping-taxable","13":"purchasable","14":"product-type-simple"},"_links":{"self":[{"href":"https:\/\/tpiexports.com\/fr\/wp-json\/wp\/v2\/product\/128266","targetHints":{"allow":["GET"]}}],"collection":[{"href":"https:\/\/tpiexports.com\/fr\/wp-json\/wp\/v2\/product"}],"about":[{"href":"https:\/\/tpiexports.com\/fr\/wp-json\/wp\/v2\/types\/product"}],"replies":[{"embeddable":true,"href":"https:\/\/tpiexports.com\/fr\/wp-json\/wp\/v2\/comments?post=128266"}],"version-history":[{"count":0,"href":"https:\/\/tpiexports.com\/fr\/wp-json\/wp\/v2\/product\/128266\/revisions"}],"wp:featuredmedia":[{"embeddable":true,"href":"https:\/\/tpiexports.com\/fr\/wp-json\/wp\/v2\/media\/71274"}],"wp:attachment":[{"href":"https:\/\/tpiexports.com\/fr\/wp-json\/wp\/v2\/media?parent=128266"}],"wp:term":[{"taxonomy":"product_cat","embeddable":true,"href":"https:\/\/tpiexports.com\/fr\/wp-json\/wp\/v2\/product_cat?post=128266"},{"taxonomy":"product_tag","embeddable":true,"href":"https:\/\/tpiexports.com\/fr\/wp-json\/wp\/v2\/product_tag?post=128266"}],"curies":[{"name":"wp","href":"https:\/\/api.w.org\/{rel}","templated":true}]}}