{"id":128269,"date":"2024-09-11T11:12:38","date_gmt":"2024-09-11T08:12:38","guid":{"rendered":"https:\/\/tpiexports.com\/product\/profil-tc-27-x-27\/"},"modified":"2024-09-11T11:12:38","modified_gmt":"2024-09-11T08:12:38","slug":"profil-tc-27-x-27","status":"publish","type":"product","link":"https:\/\/tpiexports.com\/fr\/produit\/profil-tc-27-x-27\/","title":{"rendered":"Profil TC\n (27 x 27)"},"content":{"rendered":"<p>C&rsquo;est le prix au m\u00e8tre.<br \/>\nIl s&rsquo;agit d&rsquo;un profil\u00e9 en t\u00f4le d&rsquo;acier galvanis\u00e9 utilis\u00e9 dans la construction des syst\u00e8mes de murs-rideaux de plafonds suspendus COREX. Il est utilis\u00e9 dans la construction de murs-rideaux de plafonds suspendus en vissant des plaques de pl\u00e2tre sur un c\u00f4t\u00e9. Il a une hauteur d&rsquo;aile de 27&#215;27 mm et est galvanis\u00e9 \u00e0 100 gr\/m2.  <\/p>\n","protected":false},"excerpt":{"rendered":"<p>C&rsquo;est le prix au m\u00e8tre. Il s&rsquo;agit d&rsquo;un profil\u00e9 en t\u00f4le d&rsquo;acier galvanis\u00e9 utilis\u00e9 dans la construction des syst\u00e8mes de murs-rideaux de plafonds suspendus COREX. Il est utilis\u00e9 dans la construction de murs-rideaux de plafonds suspendus en vissant des plaques de pl\u00e2tre sur un c\u00f4t\u00e9. Il a une hauteur d&rsquo;aile de 27&#215;27 mm et est [&hellip;]<\/p>\n","protected":false},"featured_media":0,"comment_status":"open","ping_status":"closed","template":"","meta":[],"product_cat":[156],"product_tag":[],"class_list":{"0":"post-128269","1":"product","2":"type-product","3":"status-publish","5":"product_cat-uncategorized","7":"first","8":"instock","9":"sale","10":"taxable","11":"shipping-taxable","12":"purchasable","13":"product-type-simple"},"_links":{"self":[{"href":"https:\/\/tpiexports.com\/fr\/wp-json\/wp\/v2\/product\/128269","targetHints":{"allow":["GET"]}}],"collection":[{"href":"https:\/\/tpiexports.com\/fr\/wp-json\/wp\/v2\/product"}],"about":[{"href":"https:\/\/tpiexports.com\/fr\/wp-json\/wp\/v2\/types\/product"}],"replies":[{"embeddable":true,"href":"https:\/\/tpiexports.com\/fr\/wp-json\/wp\/v2\/comments?post=128269"}],"version-history":[{"count":0,"href":"https:\/\/tpiexports.com\/fr\/wp-json\/wp\/v2\/product\/128269\/revisions"}],"wp:attachment":[{"href":"https:\/\/tpiexports.com\/fr\/wp-json\/wp\/v2\/media?parent=128269"}],"wp:term":[{"taxonomy":"product_cat","embeddable":true,"href":"https:\/\/tpiexports.com\/fr\/wp-json\/wp\/v2\/product_cat?post=128269"},{"taxonomy":"product_tag","embeddable":true,"href":"https:\/\/tpiexports.com\/fr\/wp-json\/wp\/v2\/product_tag?post=128269"}],"curies":[{"name":"wp","href":"https:\/\/api.w.org\/{rel}","templated":true}]}}