{"id":128272,"date":"2024-09-11T11:12:44","date_gmt":"2024-09-11T08:12:44","guid":{"rendered":"https:\/\/tpiexports.com\/product\/profil-de-support-de-porte-kdp75\/"},"modified":"2024-09-11T11:12:44","modified_gmt":"2024-09-11T08:12:44","slug":"profil-de-support-de-porte-kdp75","status":"publish","type":"product","link":"https:\/\/tpiexports.com\/fr\/produit\/profil-de-support-de-porte-kdp75\/","title":{"rendered":"Profil de support de porte KDP75"},"content":{"rendered":"<p>Il s&rsquo;agit du prix au m\u00e8tre.<br \/>\nIl s&rsquo;agit d&rsquo;un profil\u00e9 de support de porte galvanis\u00e9 de 100 gr\/m2 avec une largeur de base de 74 mm et une \u00e9paisseur de paroi de 2 mm, utilis\u00e9 pour renforcer les bords des portes et des fen\u00eatres dans les syst\u00e8mes de cloisons s\u00e8ches COREX.<\/p>\n","protected":false},"excerpt":{"rendered":"<p>Il s&rsquo;agit du prix au m\u00e8tre. Il s&rsquo;agit d&rsquo;un profil\u00e9 de support de porte galvanis\u00e9 de 100 gr\/m2 avec une largeur de base de 74 mm et une \u00e9paisseur de paroi de 2 mm, utilis\u00e9 pour renforcer les bords des portes et des fen\u00eatres dans les syst\u00e8mes de cloisons s\u00e8ches COREX.<\/p>\n","protected":false},"featured_media":71317,"comment_status":"open","ping_status":"closed","template":"","meta":[],"product_cat":[243],"product_tag":[],"class_list":{"0":"post-128272","1":"product","2":"type-product","3":"status-publish","4":"has-post-thumbnail","6":"product_cat-non-classe","8":"first","9":"instock","10":"sale","11":"taxable","12":"shipping-taxable","13":"purchasable","14":"product-type-simple"},"_links":{"self":[{"href":"https:\/\/tpiexports.com\/fr\/wp-json\/wp\/v2\/product\/128272","targetHints":{"allow":["GET"]}}],"collection":[{"href":"https:\/\/tpiexports.com\/fr\/wp-json\/wp\/v2\/product"}],"about":[{"href":"https:\/\/tpiexports.com\/fr\/wp-json\/wp\/v2\/types\/product"}],"replies":[{"embeddable":true,"href":"https:\/\/tpiexports.com\/fr\/wp-json\/wp\/v2\/comments?post=128272"}],"version-history":[{"count":0,"href":"https:\/\/tpiexports.com\/fr\/wp-json\/wp\/v2\/product\/128272\/revisions"}],"wp:featuredmedia":[{"embeddable":true,"href":"https:\/\/tpiexports.com\/fr\/wp-json\/wp\/v2\/media\/71317"}],"wp:attachment":[{"href":"https:\/\/tpiexports.com\/fr\/wp-json\/wp\/v2\/media?parent=128272"}],"wp:term":[{"taxonomy":"product_cat","embeddable":true,"href":"https:\/\/tpiexports.com\/fr\/wp-json\/wp\/v2\/product_cat?post=128272"},{"taxonomy":"product_tag","embeddable":true,"href":"https:\/\/tpiexports.com\/fr\/wp-json\/wp\/v2\/product_tag?post=128272"}],"curies":[{"name":"wp","href":"https:\/\/api.w.org\/{rel}","templated":true}]}}