{"id":128273,"date":"2024-09-11T11:12:40","date_gmt":"2024-09-11T08:12:40","guid":{"rendered":"https:\/\/tpiexports.com\/product\/profil-dc-50-35-x-35\/"},"modified":"2024-09-11T11:12:40","modified_gmt":"2024-09-11T08:12:40","slug":"profil-dc-50-35-x-35","status":"publish","type":"product","link":"https:\/\/tpiexports.com\/fr\/produit\/profil-dc-50-35-x-35\/","title":{"rendered":"Profil DC 50 (35 x 35)"},"content":{"rendered":"<p>C&rsquo;est le prix au m\u00e8tre.<br \/>\nIl est utilis\u00e9 dans la construction de cloisons non porteuses en vissant le COREX sur les deux faces des profil\u00e9s DC. Il a une largeur de base de 50 mm et une hauteur d&rsquo;aile de 35 mm et est galvanis\u00e9 \u00e0 100 gr\/m2. <\/p>\n","protected":false},"excerpt":{"rendered":"<p>C&rsquo;est le prix au m\u00e8tre. Il est utilis\u00e9 dans la construction de cloisons non porteuses en vissant le COREX sur les deux faces des profil\u00e9s DC. Il a une largeur de base de 50 mm et une hauteur d&rsquo;aile de 35 mm et est galvanis\u00e9 \u00e0 100 gr\/m2.<\/p>\n","protected":false},"featured_media":71279,"comment_status":"open","ping_status":"closed","template":"","meta":[],"product_cat":[243],"product_tag":[],"class_list":{"0":"post-128273","1":"product","2":"type-product","3":"status-publish","4":"has-post-thumbnail","6":"product_cat-non-classe","8":"first","9":"instock","10":"sale","11":"taxable","12":"shipping-taxable","13":"purchasable","14":"product-type-simple"},"_links":{"self":[{"href":"https:\/\/tpiexports.com\/fr\/wp-json\/wp\/v2\/product\/128273","targetHints":{"allow":["GET"]}}],"collection":[{"href":"https:\/\/tpiexports.com\/fr\/wp-json\/wp\/v2\/product"}],"about":[{"href":"https:\/\/tpiexports.com\/fr\/wp-json\/wp\/v2\/types\/product"}],"replies":[{"embeddable":true,"href":"https:\/\/tpiexports.com\/fr\/wp-json\/wp\/v2\/comments?post=128273"}],"version-history":[{"count":0,"href":"https:\/\/tpiexports.com\/fr\/wp-json\/wp\/v2\/product\/128273\/revisions"}],"wp:featuredmedia":[{"embeddable":true,"href":"https:\/\/tpiexports.com\/fr\/wp-json\/wp\/v2\/media\/71279"}],"wp:attachment":[{"href":"https:\/\/tpiexports.com\/fr\/wp-json\/wp\/v2\/media?parent=128273"}],"wp:term":[{"taxonomy":"product_cat","embeddable":true,"href":"https:\/\/tpiexports.com\/fr\/wp-json\/wp\/v2\/product_cat?post=128273"},{"taxonomy":"product_tag","embeddable":true,"href":"https:\/\/tpiexports.com\/fr\/wp-json\/wp\/v2\/product_tag?post=128273"}],"curies":[{"name":"wp","href":"https:\/\/api.w.org\/{rel}","templated":true}]}}