{"id":128276,"date":"2024-09-11T11:12:46","date_gmt":"2024-09-11T08:12:46","guid":{"rendered":"https:\/\/tpiexports.com\/product\/jeu-de-boulons-et-decrous-pour-le-support-en-l-kdp-l75\/"},"modified":"2024-09-11T11:12:46","modified_gmt":"2024-09-11T08:12:46","slug":"jeu-de-boulons-et-decrous-pour-le-support-en-l-kdp-l75","status":"publish","type":"product","link":"https:\/\/tpiexports.com\/fr\/produit\/jeu-de-boulons-et-decrous-pour-le-support-en-l-kdp-l75\/","title":{"rendered":"Jeu de boulons et d&rsquo;\u00e9crous pour le support en L KDP L75"},"content":{"rendered":"<p>C&rsquo;est le prix par bo\u00eete\/50 PCS.<br \/>\nIl s&rsquo;agit de l&rsquo;\u00e9querre L 75 utilis\u00e9e pour fixer les profil\u00e9s de support de porte au sol et au plafond. Chaque bo\u00eete contient 50 supports L BRACKET NUT KDP L75, 100 \u00e9crous, rondelles et boulons. <\/p>\n","protected":false},"excerpt":{"rendered":"<p>C&rsquo;est le prix par bo\u00eete\/50 PCS. Il s&rsquo;agit de l&rsquo;\u00e9querre L 75 utilis\u00e9e pour fixer les profil\u00e9s de support de porte au sol et au plafond. Chaque bo\u00eete contient 50 supports L BRACKET NUT KDP L75, 100 \u00e9crous, rondelles et boulons.<\/p>\n","protected":false},"featured_media":0,"comment_status":"open","ping_status":"closed","template":"","meta":[],"product_cat":[243],"product_tag":[],"class_list":{"0":"post-128276","1":"product","2":"type-product","3":"status-publish","5":"product_cat-non-classe","7":"first","8":"instock","9":"sale","10":"taxable","11":"shipping-taxable","12":"purchasable","13":"product-type-simple"},"_links":{"self":[{"href":"https:\/\/tpiexports.com\/fr\/wp-json\/wp\/v2\/product\/128276","targetHints":{"allow":["GET"]}}],"collection":[{"href":"https:\/\/tpiexports.com\/fr\/wp-json\/wp\/v2\/product"}],"about":[{"href":"https:\/\/tpiexports.com\/fr\/wp-json\/wp\/v2\/types\/product"}],"replies":[{"embeddable":true,"href":"https:\/\/tpiexports.com\/fr\/wp-json\/wp\/v2\/comments?post=128276"}],"version-history":[{"count":0,"href":"https:\/\/tpiexports.com\/fr\/wp-json\/wp\/v2\/product\/128276\/revisions"}],"wp:attachment":[{"href":"https:\/\/tpiexports.com\/fr\/wp-json\/wp\/v2\/media?parent=128276"}],"wp:term":[{"taxonomy":"product_cat","embeddable":true,"href":"https:\/\/tpiexports.com\/fr\/wp-json\/wp\/v2\/product_cat?post=128276"},{"taxonomy":"product_tag","embeddable":true,"href":"https:\/\/tpiexports.com\/fr\/wp-json\/wp\/v2\/product_tag?post=128276"}],"curies":[{"name":"wp","href":"https:\/\/api.w.org\/{rel}","templated":true}]}}