{"id":128278,"date":"2024-09-11T11:12:56","date_gmt":"2024-09-11T08:12:56","guid":{"rendered":"https:\/\/tpiexports.com\/product\/inserer-une-piece\/"},"modified":"2024-09-11T11:12:56","modified_gmt":"2024-09-11T08:12:56","slug":"inserer-une-piece","status":"publish","type":"product","link":"https:\/\/tpiexports.com\/fr\/produit\/inserer-une-piece\/","title":{"rendered":"Ins\u00e9rer une pi\u00e8ce"},"content":{"rendered":"<p>Il s&rsquo;agit du prix par bo\u00eete\/500 PCS.<br \/>\nJoint piece is used to join TC profiles together<\/p>\n","protected":false},"excerpt":{"rendered":"<p>Il s&rsquo;agit du prix par bo\u00eete\/500 PCS. Joint piece is used to join TC profiles together<\/p>\n","protected":false},"featured_media":71344,"comment_status":"open","ping_status":"closed","template":"","meta":[],"product_cat":[243],"product_tag":[],"class_list":{"0":"post-128278","1":"product","2":"type-product","3":"status-publish","4":"has-post-thumbnail","6":"product_cat-non-classe","8":"first","9":"instock","10":"sale","11":"taxable","12":"shipping-taxable","13":"purchasable","14":"product-type-simple"},"_links":{"self":[{"href":"https:\/\/tpiexports.com\/fr\/wp-json\/wp\/v2\/product\/128278","targetHints":{"allow":["GET"]}}],"collection":[{"href":"https:\/\/tpiexports.com\/fr\/wp-json\/wp\/v2\/product"}],"about":[{"href":"https:\/\/tpiexports.com\/fr\/wp-json\/wp\/v2\/types\/product"}],"replies":[{"embeddable":true,"href":"https:\/\/tpiexports.com\/fr\/wp-json\/wp\/v2\/comments?post=128278"}],"version-history":[{"count":0,"href":"https:\/\/tpiexports.com\/fr\/wp-json\/wp\/v2\/product\/128278\/revisions"}],"wp:featuredmedia":[{"embeddable":true,"href":"https:\/\/tpiexports.com\/fr\/wp-json\/wp\/v2\/media\/71344"}],"wp:attachment":[{"href":"https:\/\/tpiexports.com\/fr\/wp-json\/wp\/v2\/media?parent=128278"}],"wp:term":[{"taxonomy":"product_cat","embeddable":true,"href":"https:\/\/tpiexports.com\/fr\/wp-json\/wp\/v2\/product_cat?post=128278"},{"taxonomy":"product_tag","embeddable":true,"href":"https:\/\/tpiexports.com\/fr\/wp-json\/wp\/v2\/product_tag?post=128278"}],"curies":[{"name":"wp","href":"https:\/\/api.w.org\/{rel}","templated":true}]}}