{"id":128282,"date":"2024-09-11T11:12:58","date_gmt":"2024-09-11T08:12:58","guid":{"rendered":"https:\/\/tpiexports.com\/product\/agraphe-12cm\/"},"modified":"2024-09-11T11:12:58","modified_gmt":"2024-09-11T08:12:58","slug":"agraphe-12cm","status":"publish","type":"product","link":"https:\/\/tpiexports.com\/fr\/produit\/agraphe-12cm\/","title":{"rendered":"Agraphe (12cm)"},"content":{"rendered":"<p>Le prix est celui d&rsquo;une bo\u00eete de 250 pi\u00e8ces.<br \/>\nLe support est fix\u00e9 au sol existant \u00e0 l&rsquo;aide d&rsquo;une cheville en acier dans la construction de plafonds suspendus, et au mur existant \u00e0 l&rsquo;aide de vis de fixation appropri\u00e9es dans la construction de murs-rideaux. Dans la construction de plafonds suspendus, elle est utilis\u00e9e \u00e0 la place des tiges de suspension et des pinces de suspension lorsque la distance entre le sol existant et le plafond suspendu est courte. <\/p>\n","protected":false},"excerpt":{"rendered":"<p>Le prix est celui d&rsquo;une bo\u00eete de 250 pi\u00e8ces. Le support est fix\u00e9 au sol existant \u00e0 l&rsquo;aide d&rsquo;une cheville en acier dans la construction de plafonds suspendus, et au mur existant \u00e0 l&rsquo;aide de vis de fixation appropri\u00e9es dans la construction de murs-rideaux. Dans la construction de plafonds suspendus, elle est utilis\u00e9e \u00e0 la [&hellip;]<\/p>\n","protected":false},"featured_media":71328,"comment_status":"open","ping_status":"closed","template":"","meta":[],"product_cat":[243],"product_tag":[],"class_list":{"0":"post-128282","1":"product","2":"type-product","3":"status-publish","4":"has-post-thumbnail","6":"product_cat-non-classe","8":"first","9":"instock","10":"sale","11":"taxable","12":"shipping-taxable","13":"purchasable","14":"product-type-simple"},"_links":{"self":[{"href":"https:\/\/tpiexports.com\/fr\/wp-json\/wp\/v2\/product\/128282","targetHints":{"allow":["GET"]}}],"collection":[{"href":"https:\/\/tpiexports.com\/fr\/wp-json\/wp\/v2\/product"}],"about":[{"href":"https:\/\/tpiexports.com\/fr\/wp-json\/wp\/v2\/types\/product"}],"replies":[{"embeddable":true,"href":"https:\/\/tpiexports.com\/fr\/wp-json\/wp\/v2\/comments?post=128282"}],"version-history":[{"count":0,"href":"https:\/\/tpiexports.com\/fr\/wp-json\/wp\/v2\/product\/128282\/revisions"}],"wp:featuredmedia":[{"embeddable":true,"href":"https:\/\/tpiexports.com\/fr\/wp-json\/wp\/v2\/media\/71328"}],"wp:attachment":[{"href":"https:\/\/tpiexports.com\/fr\/wp-json\/wp\/v2\/media?parent=128282"}],"wp:term":[{"taxonomy":"product_cat","embeddable":true,"href":"https:\/\/tpiexports.com\/fr\/wp-json\/wp\/v2\/product_cat?post=128282"},{"taxonomy":"product_tag","embeddable":true,"href":"https:\/\/tpiexports.com\/fr\/wp-json\/wp\/v2\/product_tag?post=128282"}],"curies":[{"name":"wp","href":"https:\/\/api.w.org\/{rel}","templated":true}]}}