{"id":128286,"date":"2024-09-11T11:13:00","date_gmt":"2024-09-11T08:13:00","guid":{"rendered":"https:\/\/tpiexports.com\/product\/tige-de-suspension-120\/"},"modified":"2024-09-11T11:13:00","modified_gmt":"2024-09-11T08:13:00","slug":"tige-de-suspension-120","status":"publish","type":"product","link":"https:\/\/tpiexports.com\/fr\/produit\/tige-de-suspension-120\/","title":{"rendered":"Tige de suspension 120"},"content":{"rendered":"<p>Il s&rsquo;agit du prix par bo\u00eete\/100 PCS.<br \/>\nLa tige de suspension est un produit compl\u00e9mentaire utilis\u00e9 avec les profil\u00e9s TC dans la construction de plafonds suspendus. Elle est appliqu\u00e9e en la faisant passer par une cheville en acier et porte la pince \u00e0 suspendre. <\/p>\n","protected":false},"excerpt":{"rendered":"<p>Il s&rsquo;agit du prix par bo\u00eete\/100 PCS. La tige de suspension est un produit compl\u00e9mentaire utilis\u00e9 avec les profil\u00e9s TC dans la construction de plafonds suspendus. Elle est appliqu\u00e9e en la faisant passer par une cheville en acier et porte la pince \u00e0 suspendre.<\/p>\n","protected":false},"featured_media":71334,"comment_status":"open","ping_status":"closed","template":"","meta":[],"product_cat":[243],"product_tag":[],"class_list":{"0":"post-128286","1":"product","2":"type-product","3":"status-publish","4":"has-post-thumbnail","6":"product_cat-non-classe","8":"first","9":"instock","10":"sale","11":"taxable","12":"shipping-taxable","13":"purchasable","14":"product-type-simple"},"_links":{"self":[{"href":"https:\/\/tpiexports.com\/fr\/wp-json\/wp\/v2\/product\/128286","targetHints":{"allow":["GET"]}}],"collection":[{"href":"https:\/\/tpiexports.com\/fr\/wp-json\/wp\/v2\/product"}],"about":[{"href":"https:\/\/tpiexports.com\/fr\/wp-json\/wp\/v2\/types\/product"}],"replies":[{"embeddable":true,"href":"https:\/\/tpiexports.com\/fr\/wp-json\/wp\/v2\/comments?post=128286"}],"version-history":[{"count":0,"href":"https:\/\/tpiexports.com\/fr\/wp-json\/wp\/v2\/product\/128286\/revisions"}],"wp:featuredmedia":[{"embeddable":true,"href":"https:\/\/tpiexports.com\/fr\/wp-json\/wp\/v2\/media\/71334"}],"wp:attachment":[{"href":"https:\/\/tpiexports.com\/fr\/wp-json\/wp\/v2\/media?parent=128286"}],"wp:term":[{"taxonomy":"product_cat","embeddable":true,"href":"https:\/\/tpiexports.com\/fr\/wp-json\/wp\/v2\/product_cat?post=128286"},{"taxonomy":"product_tag","embeddable":true,"href":"https:\/\/tpiexports.com\/fr\/wp-json\/wp\/v2\/product_tag?post=128286"}],"curies":[{"name":"wp","href":"https:\/\/api.w.org\/{rel}","templated":true}]}}