{"id":128289,"date":"2024-09-11T11:13:02","date_gmt":"2024-09-11T08:13:02","guid":{"rendered":"https:\/\/tpiexports.com\/product\/borozan-vis-25\/"},"modified":"2024-09-11T11:13:02","modified_gmt":"2024-09-11T08:13:02","slug":"borozan-vis-25","status":"publish","type":"product","link":"https:\/\/tpiexports.com\/fr\/produit\/borozan-vis-25\/","title":{"rendered":"Borozan Vis 25"},"content":{"rendered":"<p>C&rsquo;est le prix par colis\/10.000 PCS.<br \/>\nElle est utilis\u00e9e pour fixer le COREX aux profils galvanis\u00e9s avec des \u00e9paisseurs entre 0.50-0.70 mm. Il s&rsquo;agit d&rsquo;une vis pointue de 25 mm de long. <\/p>\n","protected":false},"excerpt":{"rendered":"<p>C&rsquo;est le prix par colis\/10.000 PCS. Elle est utilis\u00e9e pour fixer le COREX aux profils galvanis\u00e9s avec des \u00e9paisseurs entre 0.50-0.70 mm. Il s&rsquo;agit d&rsquo;une vis pointue de 25 mm de long.<\/p>\n","protected":false},"featured_media":71338,"comment_status":"open","ping_status":"closed","template":"","meta":[],"product_cat":[243],"product_tag":[],"class_list":{"0":"post-128289","1":"product","2":"type-product","3":"status-publish","4":"has-post-thumbnail","6":"product_cat-non-classe","8":"first","9":"instock","10":"sale","11":"taxable","12":"shipping-taxable","13":"purchasable","14":"product-type-simple"},"_links":{"self":[{"href":"https:\/\/tpiexports.com\/fr\/wp-json\/wp\/v2\/product\/128289","targetHints":{"allow":["GET"]}}],"collection":[{"href":"https:\/\/tpiexports.com\/fr\/wp-json\/wp\/v2\/product"}],"about":[{"href":"https:\/\/tpiexports.com\/fr\/wp-json\/wp\/v2\/types\/product"}],"replies":[{"embeddable":true,"href":"https:\/\/tpiexports.com\/fr\/wp-json\/wp\/v2\/comments?post=128289"}],"version-history":[{"count":0,"href":"https:\/\/tpiexports.com\/fr\/wp-json\/wp\/v2\/product\/128289\/revisions"}],"wp:featuredmedia":[{"embeddable":true,"href":"https:\/\/tpiexports.com\/fr\/wp-json\/wp\/v2\/media\/71338"}],"wp:attachment":[{"href":"https:\/\/tpiexports.com\/fr\/wp-json\/wp\/v2\/media?parent=128289"}],"wp:term":[{"taxonomy":"product_cat","embeddable":true,"href":"https:\/\/tpiexports.com\/fr\/wp-json\/wp\/v2\/product_cat?post=128289"},{"taxonomy":"product_tag","embeddable":true,"href":"https:\/\/tpiexports.com\/fr\/wp-json\/wp\/v2\/product_tag?post=128289"}],"curies":[{"name":"wp","href":"https:\/\/api.w.org\/{rel}","templated":true}]}}