{"id":128296,"date":"2024-09-11T11:13:36","date_gmt":"2024-09-11T08:13:36","guid":{"rendered":"https:\/\/tpiexports.com\/product\/borozan-screw-70\/"},"modified":"2024-09-11T11:13:36","modified_gmt":"2024-09-11T08:13:36","slug":"borozan-screw-70","status":"publish","type":"product","link":"https:\/\/tpiexports.com\/fr\/produit\/borozan-screw-70\/","title":{"rendered":"Borozan Screw 70"},"content":{"rendered":"<p>C&rsquo;est le prix par colis\/3.000 PCS.<br \/>\nElle est utilis\u00e9e pour fixer le COREX aux profil\u00e9s galvanis\u00e9s d&rsquo;une \u00e9paisseur comprise entre 0,50 et 0,70 mm. Il s&rsquo;agit d&rsquo;une vis pointue de 70 mm de long. <\/p>\n","protected":false},"excerpt":{"rendered":"<p>C&rsquo;est le prix par colis\/3.000 PCS. Elle est utilis\u00e9e pour fixer le COREX aux profil\u00e9s galvanis\u00e9s d&rsquo;une \u00e9paisseur comprise entre 0,50 et 0,70 mm. Il s&rsquo;agit d&rsquo;une vis pointue de 70 mm de long.<\/p>\n","protected":false},"featured_media":71338,"comment_status":"open","ping_status":"closed","template":"","meta":[],"product_cat":[243],"product_tag":[],"class_list":{"0":"post-128296","1":"product","2":"type-product","3":"status-publish","4":"has-post-thumbnail","6":"product_cat-non-classe","8":"first","9":"instock","10":"sale","11":"taxable","12":"shipping-taxable","13":"purchasable","14":"product-type-simple"},"_links":{"self":[{"href":"https:\/\/tpiexports.com\/fr\/wp-json\/wp\/v2\/product\/128296","targetHints":{"allow":["GET"]}}],"collection":[{"href":"https:\/\/tpiexports.com\/fr\/wp-json\/wp\/v2\/product"}],"about":[{"href":"https:\/\/tpiexports.com\/fr\/wp-json\/wp\/v2\/types\/product"}],"replies":[{"embeddable":true,"href":"https:\/\/tpiexports.com\/fr\/wp-json\/wp\/v2\/comments?post=128296"}],"version-history":[{"count":0,"href":"https:\/\/tpiexports.com\/fr\/wp-json\/wp\/v2\/product\/128296\/revisions"}],"wp:featuredmedia":[{"embeddable":true,"href":"https:\/\/tpiexports.com\/fr\/wp-json\/wp\/v2\/media\/71338"}],"wp:attachment":[{"href":"https:\/\/tpiexports.com\/fr\/wp-json\/wp\/v2\/media?parent=128296"}],"wp:term":[{"taxonomy":"product_cat","embeddable":true,"href":"https:\/\/tpiexports.com\/fr\/wp-json\/wp\/v2\/product_cat?post=128296"},{"taxonomy":"product_tag","embeddable":true,"href":"https:\/\/tpiexports.com\/fr\/wp-json\/wp\/v2\/product_tag?post=128296"}],"curies":[{"name":"wp","href":"https:\/\/api.w.org\/{rel}","templated":true}]}}