{"id":128300,"date":"2024-09-11T11:13:39","date_gmt":"2024-09-11T08:13:39","guid":{"rendered":"https:\/\/tpiexports.com\/product\/vis-autoperceuse-25\/"},"modified":"2024-09-11T11:13:39","modified_gmt":"2024-09-11T08:13:39","slug":"vis-autoperceuse-25","status":"publish","type":"product","link":"https:\/\/tpiexports.com\/fr\/produit\/vis-autoperceuse-25\/","title":{"rendered":"Vis autoperceuse 25"},"content":{"rendered":"<p>Il s&rsquo;agit du prix par colis\/10.000 PCS.<br \/>\nElle est utilis\u00e9e pour fixer le COREX aux profil\u00e9s d&rsquo;une \u00e9paisseur comprise entre 0,70 et 2,00 mm. Il s&rsquo;agit d&rsquo;une vis autoperceuse de 25 mm de long. <\/p>\n","protected":false},"excerpt":{"rendered":"<p>Il s&rsquo;agit du prix par colis\/10.000 PCS. Elle est utilis\u00e9e pour fixer le COREX aux profil\u00e9s d&rsquo;une \u00e9paisseur comprise entre 0,70 et 2,00 mm. Il s&rsquo;agit d&rsquo;une vis autoperceuse de 25 mm de long.<\/p>\n","protected":false},"featured_media":71349,"comment_status":"open","ping_status":"closed","template":"","meta":[],"product_cat":[156],"product_tag":[],"class_list":{"0":"post-128300","1":"product","2":"type-product","3":"status-publish","4":"has-post-thumbnail","6":"product_cat-uncategorized","8":"first","9":"instock","10":"sale","11":"taxable","12":"shipping-taxable","13":"purchasable","14":"product-type-simple"},"_links":{"self":[{"href":"https:\/\/tpiexports.com\/fr\/wp-json\/wp\/v2\/product\/128300","targetHints":{"allow":["GET"]}}],"collection":[{"href":"https:\/\/tpiexports.com\/fr\/wp-json\/wp\/v2\/product"}],"about":[{"href":"https:\/\/tpiexports.com\/fr\/wp-json\/wp\/v2\/types\/product"}],"replies":[{"embeddable":true,"href":"https:\/\/tpiexports.com\/fr\/wp-json\/wp\/v2\/comments?post=128300"}],"version-history":[{"count":0,"href":"https:\/\/tpiexports.com\/fr\/wp-json\/wp\/v2\/product\/128300\/revisions"}],"wp:featuredmedia":[{"embeddable":true,"href":"https:\/\/tpiexports.com\/fr\/wp-json\/wp\/v2\/media\/71349"}],"wp:attachment":[{"href":"https:\/\/tpiexports.com\/fr\/wp-json\/wp\/v2\/media?parent=128300"}],"wp:term":[{"taxonomy":"product_cat","embeddable":true,"href":"https:\/\/tpiexports.com\/fr\/wp-json\/wp\/v2\/product_cat?post=128300"},{"taxonomy":"product_tag","embeddable":true,"href":"https:\/\/tpiexports.com\/fr\/wp-json\/wp\/v2\/product_tag?post=128300"}],"curies":[{"name":"wp","href":"https:\/\/api.w.org\/{rel}","templated":true}]}}