{"id":128306,"date":"2024-09-11T11:14:07","date_gmt":"2024-09-11T08:14:07","guid":{"rendered":"https:\/\/tpiexports.com\/product\/vis-corex-premium-38mm\/"},"modified":"2024-09-11T11:14:07","modified_gmt":"2024-09-11T08:14:07","slug":"vis-corex-premium-38mm","status":"publish","type":"product","link":"https:\/\/tpiexports.com\/fr\/produit\/vis-corex-premium-38mm\/","title":{"rendered":"Vis Corex Premium 38mm"},"content":{"rendered":"<p>Il s&rsquo;agit du prix par colis\/10.000 PCS.<br \/>\nIl s&rsquo;agit d&rsquo;une vis sp\u00e9cialement con\u00e7ue pour fixer le COREX Premium aux profil\u00e9s galvanis\u00e9s dans les applications de cloisons r\u00e9alis\u00e9es avec le COREX Premium. Il existe deux types de vis, de 25 mm et 38 mm de long. <\/p>\n","protected":false},"excerpt":{"rendered":"<p>Il s&rsquo;agit du prix par colis\/10.000 PCS. Il s&rsquo;agit d&rsquo;une vis sp\u00e9cialement con\u00e7ue pour fixer le COREX Premium aux profil\u00e9s galvanis\u00e9s dans les applications de cloisons r\u00e9alis\u00e9es avec le COREX Premium. Il existe deux types de vis, de 25 mm et 38 mm de long.<\/p>\n","protected":false},"featured_media":71372,"comment_status":"open","ping_status":"closed","template":"","meta":[],"product_cat":[243],"product_tag":[],"class_list":{"0":"post-128306","1":"product","2":"type-product","3":"status-publish","4":"has-post-thumbnail","6":"product_cat-non-classe","8":"first","9":"instock","10":"sale","11":"taxable","12":"shipping-taxable","13":"purchasable","14":"product-type-simple"},"_links":{"self":[{"href":"https:\/\/tpiexports.com\/fr\/wp-json\/wp\/v2\/product\/128306","targetHints":{"allow":["GET"]}}],"collection":[{"href":"https:\/\/tpiexports.com\/fr\/wp-json\/wp\/v2\/product"}],"about":[{"href":"https:\/\/tpiexports.com\/fr\/wp-json\/wp\/v2\/types\/product"}],"replies":[{"embeddable":true,"href":"https:\/\/tpiexports.com\/fr\/wp-json\/wp\/v2\/comments?post=128306"}],"version-history":[{"count":0,"href":"https:\/\/tpiexports.com\/fr\/wp-json\/wp\/v2\/product\/128306\/revisions"}],"wp:featuredmedia":[{"embeddable":true,"href":"https:\/\/tpiexports.com\/fr\/wp-json\/wp\/v2\/media\/71372"}],"wp:attachment":[{"href":"https:\/\/tpiexports.com\/fr\/wp-json\/wp\/v2\/media?parent=128306"}],"wp:term":[{"taxonomy":"product_cat","embeddable":true,"href":"https:\/\/tpiexports.com\/fr\/wp-json\/wp\/v2\/product_cat?post=128306"},{"taxonomy":"product_tag","embeddable":true,"href":"https:\/\/tpiexports.com\/fr\/wp-json\/wp\/v2\/product_tag?post=128306"}],"curies":[{"name":"wp","href":"https:\/\/api.w.org\/{rel}","templated":true}]}}