{"id":128307,"date":"2024-09-11T11:14:20","date_gmt":"2024-09-11T08:14:20","guid":{"rendered":"https:\/\/tpiexports.com\/product\/cheville-vis\/"},"modified":"2024-09-11T11:14:20","modified_gmt":"2024-09-11T08:14:20","slug":"cheville-vis","status":"publish","type":"product","link":"https:\/\/tpiexports.com\/fr\/produit\/cheville-vis\/","title":{"rendered":"Cheville &#8211; Vis"},"content":{"rendered":"<p>Il s&rsquo;agit du prix par colis\/1.000 PCS.<br \/>\nIl s&rsquo;agit d&rsquo;un ensemble de chevilles en plastique et de vis \u00e0 t\u00eate lavable utilis\u00e9 pour fixer des profils galvanis\u00e9s au sol dans la fabrication de cloisons. Il se compose d&rsquo;une cheville en plastique de 8 mm et d&rsquo;une vis de 45 mm. <\/p>\n","protected":false},"excerpt":{"rendered":"<p>Il s&rsquo;agit du prix par colis\/1.000 PCS. Il s&rsquo;agit d&rsquo;un ensemble de chevilles en plastique et de vis \u00e0 t\u00eate lavable utilis\u00e9 pour fixer des profils galvanis\u00e9s au sol dans la fabrication de cloisons. Il se compose d&rsquo;une cheville en plastique de 8 mm et d&rsquo;une vis de 45 mm.<\/p>\n","protected":false},"featured_media":71361,"comment_status":"open","ping_status":"closed","template":"","meta":[],"product_cat":[243],"product_tag":[],"class_list":{"0":"post-128307","1":"product","2":"type-product","3":"status-publish","4":"has-post-thumbnail","6":"product_cat-non-classe","8":"first","9":"instock","10":"sale","11":"taxable","12":"shipping-taxable","13":"purchasable","14":"product-type-simple"},"_links":{"self":[{"href":"https:\/\/tpiexports.com\/fr\/wp-json\/wp\/v2\/product\/128307","targetHints":{"allow":["GET"]}}],"collection":[{"href":"https:\/\/tpiexports.com\/fr\/wp-json\/wp\/v2\/product"}],"about":[{"href":"https:\/\/tpiexports.com\/fr\/wp-json\/wp\/v2\/types\/product"}],"replies":[{"embeddable":true,"href":"https:\/\/tpiexports.com\/fr\/wp-json\/wp\/v2\/comments?post=128307"}],"version-history":[{"count":0,"href":"https:\/\/tpiexports.com\/fr\/wp-json\/wp\/v2\/product\/128307\/revisions"}],"wp:featuredmedia":[{"embeddable":true,"href":"https:\/\/tpiexports.com\/fr\/wp-json\/wp\/v2\/media\/71361"}],"wp:attachment":[{"href":"https:\/\/tpiexports.com\/fr\/wp-json\/wp\/v2\/media?parent=128307"}],"wp:term":[{"taxonomy":"product_cat","embeddable":true,"href":"https:\/\/tpiexports.com\/fr\/wp-json\/wp\/v2\/product_cat?post=128307"},{"taxonomy":"product_tag","embeddable":true,"href":"https:\/\/tpiexports.com\/fr\/wp-json\/wp\/v2\/product_tag?post=128307"}],"curies":[{"name":"wp","href":"https:\/\/api.w.org\/{rel}","templated":true}]}}