{"id":128310,"date":"2024-09-11T11:14:14","date_gmt":"2024-09-11T08:14:14","guid":{"rendered":"https:\/\/tpiexports.com\/product\/vis-dextraction\/"},"modified":"2024-09-11T11:14:14","modified_gmt":"2024-09-11T08:14:14","slug":"vis-dextraction","status":"publish","type":"product","link":"https:\/\/tpiexports.com\/fr\/produit\/vis-dextraction\/","title":{"rendered":"Vis d&rsquo;extraction"},"content":{"rendered":"<p>Il s&rsquo;agit du prix par colis\/5.000 PCS.<br \/>\nIl s&rsquo;agit d&rsquo;une vis sp\u00e9cialement con\u00e7ue pour fixer deux COREX ensemble dans les applications de cloisons \u00e0 double couche r\u00e9alis\u00e9es avec des plafonds COREX. Il s&rsquo;agit d&rsquo;une vis pointue de 32 mm de long. <\/p>\n","protected":false},"excerpt":{"rendered":"<p>Il s&rsquo;agit du prix par colis\/5.000 PCS. Il s&rsquo;agit d&rsquo;une vis sp\u00e9cialement con\u00e7ue pour fixer deux COREX ensemble dans les applications de cloisons \u00e0 double couche r\u00e9alis\u00e9es avec des plafonds COREX. Il s&rsquo;agit d&rsquo;une vis pointue de 32 mm de long.<\/p>\n","protected":false},"featured_media":71361,"comment_status":"open","ping_status":"closed","template":"","meta":[],"product_cat":[243],"product_tag":[],"class_list":{"0":"post-128310","1":"product","2":"type-product","3":"status-publish","4":"has-post-thumbnail","6":"product_cat-non-classe","8":"first","9":"instock","10":"sale","11":"taxable","12":"shipping-taxable","13":"purchasable","14":"product-type-simple"},"_links":{"self":[{"href":"https:\/\/tpiexports.com\/fr\/wp-json\/wp\/v2\/product\/128310","targetHints":{"allow":["GET"]}}],"collection":[{"href":"https:\/\/tpiexports.com\/fr\/wp-json\/wp\/v2\/product"}],"about":[{"href":"https:\/\/tpiexports.com\/fr\/wp-json\/wp\/v2\/types\/product"}],"replies":[{"embeddable":true,"href":"https:\/\/tpiexports.com\/fr\/wp-json\/wp\/v2\/comments?post=128310"}],"version-history":[{"count":0,"href":"https:\/\/tpiexports.com\/fr\/wp-json\/wp\/v2\/product\/128310\/revisions"}],"wp:featuredmedia":[{"embeddable":true,"href":"https:\/\/tpiexports.com\/fr\/wp-json\/wp\/v2\/media\/71361"}],"wp:attachment":[{"href":"https:\/\/tpiexports.com\/fr\/wp-json\/wp\/v2\/media?parent=128310"}],"wp:term":[{"taxonomy":"product_cat","embeddable":true,"href":"https:\/\/tpiexports.com\/fr\/wp-json\/wp\/v2\/product_cat?post=128310"},{"taxonomy":"product_tag","embeddable":true,"href":"https:\/\/tpiexports.com\/fr\/wp-json\/wp\/v2\/product_tag?post=128310"}],"curies":[{"name":"wp","href":"https:\/\/api.w.org\/{rel}","templated":true}]}}