{"id":128314,"date":"2024-09-11T11:14:18","date_gmt":"2024-09-11T08:14:18","guid":{"rendered":"https:\/\/tpiexports.com\/product\/vis-agraph\/"},"modified":"2024-09-11T11:14:18","modified_gmt":"2024-09-11T08:14:18","slug":"vis-agraph","status":"publish","type":"product","link":"https:\/\/tpiexports.com\/fr\/produit\/vis-agraph\/","title":{"rendered":"Vis Agraph"},"content":{"rendered":"<p>C&rsquo;est le prix par colis\/5.000 PCS.<br \/>\nC&rsquo;est la vis utilis\u00e9e pour fixer les supports aux profils C du plafond dans la construction des syst\u00e8mes de murs-rideaux et de plafonds suspendus en COREX. \u00c9galement utilis\u00e9e pour la fixation de profil\u00e9s ou d&rsquo;accessoires. <\/p>\n","protected":false},"excerpt":{"rendered":"<p>C&rsquo;est le prix par colis\/5.000 PCS. C&rsquo;est la vis utilis\u00e9e pour fixer les supports aux profils C du plafond dans la construction des syst\u00e8mes de murs-rideaux et de plafonds suspendus en COREX. \u00c9galement utilis\u00e9e pour la fixation de profil\u00e9s ou d&rsquo;accessoires.<\/p>\n","protected":false},"featured_media":71357,"comment_status":"open","ping_status":"closed","template":"","meta":[],"product_cat":[243],"product_tag":[],"class_list":{"0":"post-128314","1":"product","2":"type-product","3":"status-publish","4":"has-post-thumbnail","6":"product_cat-non-classe","8":"first","9":"instock","10":"sale","11":"taxable","12":"shipping-taxable","13":"purchasable","14":"product-type-simple"},"_links":{"self":[{"href":"https:\/\/tpiexports.com\/fr\/wp-json\/wp\/v2\/product\/128314","targetHints":{"allow":["GET"]}}],"collection":[{"href":"https:\/\/tpiexports.com\/fr\/wp-json\/wp\/v2\/product"}],"about":[{"href":"https:\/\/tpiexports.com\/fr\/wp-json\/wp\/v2\/types\/product"}],"replies":[{"embeddable":true,"href":"https:\/\/tpiexports.com\/fr\/wp-json\/wp\/v2\/comments?post=128314"}],"version-history":[{"count":0,"href":"https:\/\/tpiexports.com\/fr\/wp-json\/wp\/v2\/product\/128314\/revisions"}],"wp:featuredmedia":[{"embeddable":true,"href":"https:\/\/tpiexports.com\/fr\/wp-json\/wp\/v2\/media\/71357"}],"wp:attachment":[{"href":"https:\/\/tpiexports.com\/fr\/wp-json\/wp\/v2\/media?parent=128314"}],"wp:term":[{"taxonomy":"product_cat","embeddable":true,"href":"https:\/\/tpiexports.com\/fr\/wp-json\/wp\/v2\/product_cat?post=128314"},{"taxonomy":"product_tag","embeddable":true,"href":"https:\/\/tpiexports.com\/fr\/wp-json\/wp\/v2\/product_tag?post=128314"}],"curies":[{"name":"wp","href":"https:\/\/api.w.org\/{rel}","templated":true}]}}