{"id":128318,"date":"2024-09-11T11:14:32","date_gmt":"2024-09-11T08:14:32","guid":{"rendered":"https:\/\/tpiexports.com\/product\/cheville-rainuree\/"},"modified":"2024-09-11T11:14:32","modified_gmt":"2024-09-11T08:14:32","slug":"cheville-rainuree","status":"publish","type":"product","link":"https:\/\/tpiexports.com\/fr\/produit\/cheville-rainuree\/","title":{"rendered":"Cheville rainur\u00e9e"},"content":{"rendered":"<p>Il s&rsquo;agit du prix par bo\u00eete\/100 PCS.<br \/>\nTables, \u00e9tag\u00e8res, armoires, radiateurs, etc. sur les applications de cloisons et de murs-rideaux en COREX. Il s&rsquo;agit d&rsquo;une cheville sp\u00e9cialement con\u00e7ue pour fixer des objets. La charge recommand\u00e9e sur le mur pour la cheville rainur\u00e9e est de 18 kg.  <\/p>\n","protected":false},"excerpt":{"rendered":"<p>Il s&rsquo;agit du prix par bo\u00eete\/100 PCS. Tables, \u00e9tag\u00e8res, armoires, radiateurs, etc. sur les applications de cloisons et de murs-rideaux en COREX. Il s&rsquo;agit d&rsquo;une cheville sp\u00e9cialement con\u00e7ue pour fixer des objets. La charge recommand\u00e9e sur le mur pour la cheville rainur\u00e9e est de 18 kg.<\/p>\n","protected":false},"featured_media":71388,"comment_status":"open","ping_status":"closed","template":"","meta":[],"product_cat":[243],"product_tag":[],"class_list":{"0":"post-128318","1":"product","2":"type-product","3":"status-publish","4":"has-post-thumbnail","6":"product_cat-non-classe","8":"first","9":"instock","10":"sale","11":"taxable","12":"shipping-taxable","13":"purchasable","14":"product-type-simple"},"_links":{"self":[{"href":"https:\/\/tpiexports.com\/fr\/wp-json\/wp\/v2\/product\/128318","targetHints":{"allow":["GET"]}}],"collection":[{"href":"https:\/\/tpiexports.com\/fr\/wp-json\/wp\/v2\/product"}],"about":[{"href":"https:\/\/tpiexports.com\/fr\/wp-json\/wp\/v2\/types\/product"}],"replies":[{"embeddable":true,"href":"https:\/\/tpiexports.com\/fr\/wp-json\/wp\/v2\/comments?post=128318"}],"version-history":[{"count":0,"href":"https:\/\/tpiexports.com\/fr\/wp-json\/wp\/v2\/product\/128318\/revisions"}],"wp:featuredmedia":[{"embeddable":true,"href":"https:\/\/tpiexports.com\/fr\/wp-json\/wp\/v2\/media\/71388"}],"wp:attachment":[{"href":"https:\/\/tpiexports.com\/fr\/wp-json\/wp\/v2\/media?parent=128318"}],"wp:term":[{"taxonomy":"product_cat","embeddable":true,"href":"https:\/\/tpiexports.com\/fr\/wp-json\/wp\/v2\/product_cat?post=128318"},{"taxonomy":"product_tag","embeddable":true,"href":"https:\/\/tpiexports.com\/fr\/wp-json\/wp\/v2\/product_tag?post=128318"}],"curies":[{"name":"wp","href":"https:\/\/api.w.org\/{rel}","templated":true}]}}