{"id":128322,"date":"2024-09-11T11:14:34","date_gmt":"2024-09-11T08:14:34","guid":{"rendered":"https:\/\/tpiexports.com\/product\/cheville-a-ressort\/"},"modified":"2024-09-11T11:14:34","modified_gmt":"2024-09-11T08:14:34","slug":"cheville-a-ressort","status":"publish","type":"product","link":"https:\/\/tpiexports.com\/fr\/produit\/cheville-a-ressort\/","title":{"rendered":"Cheville \u00e0 ressort"},"content":{"rendered":"<p>Il s&rsquo;agit du prix par bo\u00eete\/25 PCS.<br \/>\nDans les applications de plafonds suspendus r\u00e9alis\u00e9es avec COREX, les lustres, etc. peuvent \u00eatre plac\u00e9s au plafond. Il s&rsquo;agit d&rsquo;une cheville sp\u00e9ciale utilis\u00e9e pour suspendre des objets. La charge recommand\u00e9e pour la cheville \u00e0 ressort est de 8 kg.  <\/p>\n","protected":false},"excerpt":{"rendered":"<p>Il s&rsquo;agit du prix par bo\u00eete\/25 PCS. Dans les applications de plafonds suspendus r\u00e9alis\u00e9es avec COREX, les lustres, etc. peuvent \u00eatre plac\u00e9s au plafond. Il s&rsquo;agit d&rsquo;une cheville sp\u00e9ciale utilis\u00e9e pour suspendre des objets. La charge recommand\u00e9e pour la cheville \u00e0 ressort est de 8 kg.<\/p>\n","protected":false},"featured_media":71391,"comment_status":"open","ping_status":"closed","template":"","meta":[],"product_cat":[156],"product_tag":[],"class_list":{"0":"post-128322","1":"product","2":"type-product","3":"status-publish","4":"has-post-thumbnail","6":"product_cat-uncategorized","8":"first","9":"instock","10":"sale","11":"taxable","12":"shipping-taxable","13":"purchasable","14":"product-type-simple"},"_links":{"self":[{"href":"https:\/\/tpiexports.com\/fr\/wp-json\/wp\/v2\/product\/128322","targetHints":{"allow":["GET"]}}],"collection":[{"href":"https:\/\/tpiexports.com\/fr\/wp-json\/wp\/v2\/product"}],"about":[{"href":"https:\/\/tpiexports.com\/fr\/wp-json\/wp\/v2\/types\/product"}],"replies":[{"embeddable":true,"href":"https:\/\/tpiexports.com\/fr\/wp-json\/wp\/v2\/comments?post=128322"}],"version-history":[{"count":0,"href":"https:\/\/tpiexports.com\/fr\/wp-json\/wp\/v2\/product\/128322\/revisions"}],"wp:featuredmedia":[{"embeddable":true,"href":"https:\/\/tpiexports.com\/fr\/wp-json\/wp\/v2\/media\/71391"}],"wp:attachment":[{"href":"https:\/\/tpiexports.com\/fr\/wp-json\/wp\/v2\/media?parent=128322"}],"wp:term":[{"taxonomy":"product_cat","embeddable":true,"href":"https:\/\/tpiexports.com\/fr\/wp-json\/wp\/v2\/product_cat?post=128322"},{"taxonomy":"product_tag","embeddable":true,"href":"https:\/\/tpiexports.com\/fr\/wp-json\/wp\/v2\/product_tag?post=128322"}],"curies":[{"name":"wp","href":"https:\/\/api.w.org\/{rel}","templated":true}]}}