{"id":128323,"date":"2024-09-11T11:14:30","date_gmt":"2024-09-11T08:14:30","guid":{"rendered":"https:\/\/tpiexports.com\/product\/cheville-intelligente-65\/"},"modified":"2024-09-11T11:14:30","modified_gmt":"2024-09-11T08:14:30","slug":"cheville-intelligente-65","status":"publish","type":"product","link":"https:\/\/tpiexports.com\/fr\/produit\/cheville-intelligente-65\/","title":{"rendered":"Cheville intelligente 65"},"content":{"rendered":"<p>C&rsquo;est le prix par bo\u00eete\/50 PCS.<br \/>\nDans les syst\u00e8mes de cloisons s\u00e8ches, les tables, les \u00e9tag\u00e8res, les armoires, les radiateurs, etc. sont install\u00e9s sur des doubles couches de COREX ou de BoardeX. Il s&rsquo;agit d&rsquo;une cheville sp\u00e9cialement con\u00e7ue pour fixer des objets. La charge recommand\u00e9e sur le mur est de 30 kg.  <\/p>\n","protected":false},"excerpt":{"rendered":"<p>C&rsquo;est le prix par bo\u00eete\/50 PCS. Dans les syst\u00e8mes de cloisons s\u00e8ches, les tables, les \u00e9tag\u00e8res, les armoires, les radiateurs, etc. sont install\u00e9s sur des doubles couches de COREX ou de BoardeX. Il s&rsquo;agit d&rsquo;une cheville sp\u00e9cialement con\u00e7ue pour fixer des objets. La charge recommand\u00e9e sur le mur est de 30 kg.<\/p>\n","protected":false},"featured_media":71385,"comment_status":"open","ping_status":"closed","template":"","meta":[],"product_cat":[156],"product_tag":[],"class_list":{"0":"post-128323","1":"product","2":"type-product","3":"status-publish","4":"has-post-thumbnail","6":"product_cat-uncategorized","8":"first","9":"instock","10":"sale","11":"taxable","12":"shipping-taxable","13":"purchasable","14":"product-type-simple"},"_links":{"self":[{"href":"https:\/\/tpiexports.com\/fr\/wp-json\/wp\/v2\/product\/128323","targetHints":{"allow":["GET"]}}],"collection":[{"href":"https:\/\/tpiexports.com\/fr\/wp-json\/wp\/v2\/product"}],"about":[{"href":"https:\/\/tpiexports.com\/fr\/wp-json\/wp\/v2\/types\/product"}],"replies":[{"embeddable":true,"href":"https:\/\/tpiexports.com\/fr\/wp-json\/wp\/v2\/comments?post=128323"}],"version-history":[{"count":0,"href":"https:\/\/tpiexports.com\/fr\/wp-json\/wp\/v2\/product\/128323\/revisions"}],"wp:featuredmedia":[{"embeddable":true,"href":"https:\/\/tpiexports.com\/fr\/wp-json\/wp\/v2\/media\/71385"}],"wp:attachment":[{"href":"https:\/\/tpiexports.com\/fr\/wp-json\/wp\/v2\/media?parent=128323"}],"wp:term":[{"taxonomy":"product_cat","embeddable":true,"href":"https:\/\/tpiexports.com\/fr\/wp-json\/wp\/v2\/product_cat?post=128323"},{"taxonomy":"product_tag","embeddable":true,"href":"https:\/\/tpiexports.com\/fr\/wp-json\/wp\/v2\/product_tag?post=128323"}],"curies":[{"name":"wp","href":"https:\/\/api.w.org\/{rel}","templated":true}]}}