{"id":128325,"date":"2024-09-11T11:14:36","date_gmt":"2024-09-11T08:14:36","guid":{"rendered":"https:\/\/tpiexports.com\/product\/ruban-a-joints-5cm-90m\/"},"modified":"2024-09-11T11:14:36","modified_gmt":"2024-09-11T08:14:36","slug":"ruban-a-joints-5cm-90m","status":"publish","type":"product","link":"https:\/\/tpiexports.com\/fr\/produit\/ruban-a-joints-5cm-90m\/","title":{"rendered":"Ruban \u00e0 joints (5cm-90m)"},"content":{"rendered":"<p>C&rsquo;est le prix par colis\/10 PCS.<br \/>\nIl s&rsquo;agit d&rsquo;une bande autocollante en fibre de verre qui doit \u00eatre utilis\u00e9e avec le pl\u00e2tre de remplissage de joints DERZTEK dans les joints COREX. Elle emp\u00eache les fissures dans les joints et garantit que la surface fonctionne comme une seule pi\u00e8ce. Elle existe en deux types diff\u00e9rents, de 5 ou 10 cm de large.  <\/p>\n","protected":false},"excerpt":{"rendered":"<p>C&rsquo;est le prix par colis\/10 PCS. Il s&rsquo;agit d&rsquo;une bande autocollante en fibre de verre qui doit \u00eatre utilis\u00e9e avec le pl\u00e2tre de remplissage de joints DERZTEK dans les joints COREX. Elle emp\u00eache les fissures dans les joints et garantit que la surface fonctionne comme une seule pi\u00e8ce. Elle existe en deux types diff\u00e9rents, de [&hellip;]<\/p>\n","protected":false},"featured_media":71406,"comment_status":"open","ping_status":"closed","template":"","meta":[],"product_cat":[243],"product_tag":[],"class_list":{"0":"post-128325","1":"product","2":"type-product","3":"status-publish","4":"has-post-thumbnail","6":"product_cat-non-classe","8":"first","9":"instock","10":"sale","11":"taxable","12":"shipping-taxable","13":"purchasable","14":"product-type-simple"},"_links":{"self":[{"href":"https:\/\/tpiexports.com\/fr\/wp-json\/wp\/v2\/product\/128325","targetHints":{"allow":["GET"]}}],"collection":[{"href":"https:\/\/tpiexports.com\/fr\/wp-json\/wp\/v2\/product"}],"about":[{"href":"https:\/\/tpiexports.com\/fr\/wp-json\/wp\/v2\/types\/product"}],"replies":[{"embeddable":true,"href":"https:\/\/tpiexports.com\/fr\/wp-json\/wp\/v2\/comments?post=128325"}],"version-history":[{"count":0,"href":"https:\/\/tpiexports.com\/fr\/wp-json\/wp\/v2\/product\/128325\/revisions"}],"wp:featuredmedia":[{"embeddable":true,"href":"https:\/\/tpiexports.com\/fr\/wp-json\/wp\/v2\/media\/71406"}],"wp:attachment":[{"href":"https:\/\/tpiexports.com\/fr\/wp-json\/wp\/v2\/media?parent=128325"}],"wp:term":[{"taxonomy":"product_cat","embeddable":true,"href":"https:\/\/tpiexports.com\/fr\/wp-json\/wp\/v2\/product_cat?post=128325"},{"taxonomy":"product_tag","embeddable":true,"href":"https:\/\/tpiexports.com\/fr\/wp-json\/wp\/v2\/product_tag?post=128325"}],"curies":[{"name":"wp","href":"https:\/\/api.w.org\/{rel}","templated":true}]}}