{"id":128330,"date":"2024-09-11T11:14:37","date_gmt":"2024-09-11T08:14:37","guid":{"rendered":"https:\/\/tpiexports.com\/product\/ruban-de-papier-5cm-150m\/"},"modified":"2024-09-11T11:14:37","modified_gmt":"2024-09-11T08:14:37","slug":"ruban-de-papier-5cm-150m","status":"publish","type":"product","link":"https:\/\/tpiexports.com\/fr\/produit\/ruban-de-papier-5cm-150m\/","title":{"rendered":"Ruban de papier (5cm-150m)"},"content":{"rendered":"<p>Il s&rsquo;agit du prix par colis\/10 PCS.<br \/>\nIl s&rsquo;agit d&rsquo;une bande de papier qui doit \u00eatre utilis\u00e9e avec l&rsquo;enduit de remplissage DERZTEK dans les joints COREX. Il emp\u00eache les fissures au niveau des joints et garantit que la surface fonctionne comme une seule pi\u00e8ce. <\/p>\n","protected":false},"excerpt":{"rendered":"<p>Il s&rsquo;agit du prix par colis\/10 PCS. Il s&rsquo;agit d&rsquo;une bande de papier qui doit \u00eatre utilis\u00e9e avec l&rsquo;enduit de remplissage DERZTEK dans les joints COREX. Il emp\u00eache les fissures au niveau des joints et garantit que la surface fonctionne comme une seule pi\u00e8ce.<\/p>\n","protected":false},"featured_media":71400,"comment_status":"open","ping_status":"closed","template":"","meta":[],"product_cat":[243],"product_tag":[],"class_list":{"0":"post-128330","1":"product","2":"type-product","3":"status-publish","4":"has-post-thumbnail","6":"product_cat-non-classe","8":"first","9":"instock","10":"sale","11":"taxable","12":"shipping-taxable","13":"purchasable","14":"product-type-simple"},"_links":{"self":[{"href":"https:\/\/tpiexports.com\/fr\/wp-json\/wp\/v2\/product\/128330","targetHints":{"allow":["GET"]}}],"collection":[{"href":"https:\/\/tpiexports.com\/fr\/wp-json\/wp\/v2\/product"}],"about":[{"href":"https:\/\/tpiexports.com\/fr\/wp-json\/wp\/v2\/types\/product"}],"replies":[{"embeddable":true,"href":"https:\/\/tpiexports.com\/fr\/wp-json\/wp\/v2\/comments?post=128330"}],"version-history":[{"count":0,"href":"https:\/\/tpiexports.com\/fr\/wp-json\/wp\/v2\/product\/128330\/revisions"}],"wp:featuredmedia":[{"embeddable":true,"href":"https:\/\/tpiexports.com\/fr\/wp-json\/wp\/v2\/media\/71400"}],"wp:attachment":[{"href":"https:\/\/tpiexports.com\/fr\/wp-json\/wp\/v2\/media?parent=128330"}],"wp:term":[{"taxonomy":"product_cat","embeddable":true,"href":"https:\/\/tpiexports.com\/fr\/wp-json\/wp\/v2\/product_cat?post=128330"},{"taxonomy":"product_tag","embeddable":true,"href":"https:\/\/tpiexports.com\/fr\/wp-json\/wp\/v2\/product_tag?post=128330"}],"curies":[{"name":"wp","href":"https:\/\/api.w.org\/{rel}","templated":true}]}}