{"id":128334,"date":"2024-09-11T11:14:39","date_gmt":"2024-09-11T08:14:39","guid":{"rendered":"https:\/\/tpiexports.com\/product\/ruban-dangle-5cm-30m\/"},"modified":"2024-09-11T11:14:39","modified_gmt":"2024-09-11T08:14:39","slug":"ruban-dangle-5cm-30m","status":"publish","type":"product","link":"https:\/\/tpiexports.com\/fr\/produit\/ruban-dangle-5cm-30m\/","title":{"rendered":"Ruban d&rsquo;angle (5cm-30m)"},"content":{"rendered":"<p>Il s&rsquo;agit du prix par colis\/10 PCS.<br \/>\nIl s&rsquo;agit d&rsquo;une bande d&rsquo;angle en papier avec une bande galvanis\u00e9e utilis\u00e9e pour assurer la r\u00e9sistance aux chocs et la verticalit\u00e9 des angles.<\/p>\n","protected":false},"excerpt":{"rendered":"<p>Il s&rsquo;agit du prix par colis\/10 PCS. Il s&rsquo;agit d&rsquo;une bande d&rsquo;angle en papier avec une bande galvanis\u00e9e utilis\u00e9e pour assurer la r\u00e9sistance aux chocs et la verticalit\u00e9 des angles.<\/p>\n","protected":false},"featured_media":71403,"comment_status":"open","ping_status":"closed","template":"","meta":[],"product_cat":[243],"product_tag":[],"class_list":{"0":"post-128334","1":"product","2":"type-product","3":"status-publish","4":"has-post-thumbnail","6":"product_cat-non-classe","8":"first","9":"instock","10":"sale","11":"taxable","12":"shipping-taxable","13":"purchasable","14":"product-type-simple"},"_links":{"self":[{"href":"https:\/\/tpiexports.com\/fr\/wp-json\/wp\/v2\/product\/128334","targetHints":{"allow":["GET"]}}],"collection":[{"href":"https:\/\/tpiexports.com\/fr\/wp-json\/wp\/v2\/product"}],"about":[{"href":"https:\/\/tpiexports.com\/fr\/wp-json\/wp\/v2\/types\/product"}],"replies":[{"embeddable":true,"href":"https:\/\/tpiexports.com\/fr\/wp-json\/wp\/v2\/comments?post=128334"}],"version-history":[{"count":0,"href":"https:\/\/tpiexports.com\/fr\/wp-json\/wp\/v2\/product\/128334\/revisions"}],"wp:featuredmedia":[{"embeddable":true,"href":"https:\/\/tpiexports.com\/fr\/wp-json\/wp\/v2\/media\/71403"}],"wp:attachment":[{"href":"https:\/\/tpiexports.com\/fr\/wp-json\/wp\/v2\/media?parent=128334"}],"wp:term":[{"taxonomy":"product_cat","embeddable":true,"href":"https:\/\/tpiexports.com\/fr\/wp-json\/wp\/v2\/product_cat?post=128334"},{"taxonomy":"product_tag","embeddable":true,"href":"https:\/\/tpiexports.com\/fr\/wp-json\/wp\/v2\/product_tag?post=128334"}],"curies":[{"name":"wp","href":"https:\/\/api.w.org\/{rel}","templated":true}]}}